{"id":1919,"date":"2021-05-07T22:19:31","date_gmt":"2021-05-07T20:19:31","guid":{"rendered":"https:\/\/christian-elin.de\/?post_type=product&#038;p=1919"},"modified":"2021-08-02T20:25:50","modified_gmt":"2021-08-02T18:25:50","slug":"sur-la-balancoire","status":"publish","type":"product","link":"https:\/\/christian-elin.de\/en\/product\/sur-la-balancoire\/","title":{"rendered":"Sur la balan\u00e7oire"},"content":{"rendered":"<!--[if lt IE 9]><script>document.createElement('audio');<\/script><![endif]-->\n<audio class=\"wp-audio-shortcode\" id=\"audio-1919-1\" preload=\"none\" style=\"width: 100%;\" controls=\"controls\"><source type=\"audio\/mpeg\" src=\"https:\/\/christian-elin.de\/wp-content\/uploads\/2021\/07\/Sur-la-balancoire_web.mp3?_=1\" \/><a href=\"https:\/\/christian-elin.de\/wp-content\/uploads\/2021\/07\/Sur-la-balancoire_web.mp3\">https:\/\/christian-elin.de\/wp-content\/uploads\/2021\/07\/Sur-la-balancoire_web.mp3<\/a><\/audio>","protected":false},"excerpt":{"rendered":"<p>for bass clarinet \/ soprano sax and tape<br \/>\nDuration: 5\u201940<br \/>\nYear: 2017<\/p>\n<p>\"On the swing\": the moment in which time seems to stand still \u2013 when momentum is taken and one has arrived at the top - that millisecond of immobility before gravity makes you swing back in the other direction. This one I wanted to capture this moment \"Eternity\", and it can be heard over and over again in the piece, when a cycle of 16 bars closes. After \u201cYour song within me\u201d this is my second experiment with multitrack recording.<\/p>\n<p>Score and mp3 of the playback.<\/p>","protected":false},"featured_media":1925,"template":"","meta":[],"product_cat":[35,44],"product_tag":[],"yoast_head":"<!-- This site is optimized with the Yoast SEO plugin v22.4 - https:\/\/yoast.com\/wordpress\/plugins\/seo\/ -->\n<title>Sur la balan\u00e7oire &#8226; Christian Elin<\/title>\n<meta name=\"robots\" content=\"index, follow, max-snippet:-1, max-image-preview:large, max-video-preview:-1\" \/>\n<link rel=\"canonical\" href=\"https:\/\/christian-elin.de\/en\/product\/sur-la-balancoire\/\" \/>\n<meta property=\"og:locale\" content=\"en_GB\" \/>\n<meta property=\"og:type\" content=\"article\" \/>\n<meta property=\"og:title\" content=\"Sur la balan\u00e7oire &#8226; Christian Elin\" \/>\n<meta property=\"og:description\" content=\"f\u00fcr Ba\u00dfklarinette\/Sopransax und Tape Dauer: 5&#039;40 Jahr: 2017  \u201eAuf der Schaukel\u201c: der Moment, in dem die Zeit stillzustehen scheint, \u2013 einmal Schwung genommen und oben angekommen \u2013 die Millisekunde Bewegungslosigkeit, bevor die Erdanziehungskraft einen wieder in die andere Richtung zur\u00fcckschwingen l\u00e4sst. Diesen Moment \u201eEwigkeit\u201c wollte ich gerne festhalten, und im St\u00fcck ist er immer wieder zu h\u00f6ren, wenn ein Zyklus von 16 Takten sich schlie\u00dft. Nach \u201eYour song within me\u201c mein zweites Experiment mit Multitrack-Recording.  Noten und mp3 des Playbacks.\" \/>\n<meta property=\"og:url\" content=\"https:\/\/christian-elin.de\/en\/product\/sur-la-balancoire\/\" \/>\n<meta property=\"og:site_name\" content=\"Christian Elin\" \/>\n<meta property=\"article:modified_time\" content=\"2021-08-02T18:25:50+00:00\" \/>\n<meta property=\"og:image\" content=\"https:\/\/christian-elin.de\/wp-content\/uploads\/2021\/05\/Sur-la-balancoire.jpg\" \/>\n\t<meta property=\"og:image:width\" content=\"600\" \/>\n\t<meta property=\"og:image:height\" content=\"600\" \/>\n\t<meta property=\"og:image:type\" content=\"image\/jpeg\" \/>\n<meta name=\"twitter:card\" content=\"summary_large_image\" \/>\n<script type=\"application\/ld+json\" class=\"yoast-schema-graph\">{\"@context\":\"https:\/\/schema.org\",\"@graph\":[{\"@type\":\"WebPage\",\"@id\":\"https:\/\/christian-elin.de\/produkt\/sur-la-balancoire\/\",\"url\":\"https:\/\/christian-elin.de\/produkt\/sur-la-balancoire\/\",\"name\":\"Sur la balan\u00e7oire &#8226; Christian Elin\",\"isPartOf\":{\"@id\":\"https:\/\/christian-elin.de\/#website\"},\"primaryImageOfPage\":{\"@id\":\"https:\/\/christian-elin.de\/produkt\/sur-la-balancoire\/#primaryimage\"},\"image\":{\"@id\":\"https:\/\/christian-elin.de\/produkt\/sur-la-balancoire\/#primaryimage\"},\"thumbnailUrl\":\"https:\/\/christian-elin.de\/wp-content\/uploads\/2021\/05\/Sur-la-balancoire.jpg\",\"datePublished\":\"2021-05-07T20:19:31+00:00\",\"dateModified\":\"2021-08-02T18:25:50+00:00\",\"breadcrumb\":{\"@id\":\"https:\/\/christian-elin.de\/produkt\/sur-la-balancoire\/#breadcrumb\"},\"inLanguage\":\"en-GB\",\"potentialAction\":[{\"@type\":\"ReadAction\",\"target\":[\"https:\/\/christian-elin.de\/produkt\/sur-la-balancoire\/\"]}]},{\"@type\":\"ImageObject\",\"inLanguage\":\"en-GB\",\"@id\":\"https:\/\/christian-elin.de\/produkt\/sur-la-balancoire\/#primaryimage\",\"url\":\"https:\/\/christian-elin.de\/wp-content\/uploads\/2021\/05\/Sur-la-balancoire.jpg\",\"contentUrl\":\"https:\/\/christian-elin.de\/wp-content\/uploads\/2021\/05\/Sur-la-balancoire.jpg\",\"width\":600,\"height\":600},{\"@type\":\"BreadcrumbList\",\"@id\":\"https:\/\/christian-elin.de\/produkt\/sur-la-balancoire\/#breadcrumb\",\"itemListElement\":[{\"@type\":\"ListItem\",\"position\":1,\"name\":\"Startseite\",\"item\":\"https:\/\/christian-elin.de\/\"},{\"@type\":\"ListItem\",\"position\":2,\"name\":\"Shop\",\"item\":\"https:\/\/christian-elin.de\/shop\/\"},{\"@type\":\"ListItem\",\"position\":3,\"name\":\"Sur la balan\u00e7oire\"}]},{\"@type\":\"WebSite\",\"@id\":\"https:\/\/christian-elin.de\/#website\",\"url\":\"https:\/\/christian-elin.de\/\",\"name\":\"Christian Elin\",\"description\":\"Saxophon - Komposition - Unterricht\",\"publisher\":{\"@id\":\"https:\/\/christian-elin.de\/#\/schema\/person\/806f3270f0951914e5b7314679fd5d02\"},\"potentialAction\":[{\"@type\":\"SearchAction\",\"target\":{\"@type\":\"EntryPoint\",\"urlTemplate\":\"https:\/\/christian-elin.de\/?s={search_term_string}\"},\"query-input\":\"required name=search_term_string\"}],\"inLanguage\":\"en-GB\"},{\"@type\":[\"Person\",\"Organization\"],\"@id\":\"https:\/\/christian-elin.de\/#\/schema\/person\/806f3270f0951914e5b7314679fd5d02\",\"name\":\"Christian Elin\",\"image\":{\"@type\":\"ImageObject\",\"inLanguage\":\"en-GB\",\"@id\":\"https:\/\/christian-elin.de\/#\/schema\/person\/image\/\",\"url\":\"https:\/\/christian-elin.de\/wp-content\/uploads\/2020\/09\/Elin-Logo.svg\",\"contentUrl\":\"https:\/\/christian-elin.de\/wp-content\/uploads\/2020\/09\/Elin-Logo.svg\",\"width\":1,\"height\":1,\"caption\":\"Christian Elin\"},\"logo\":{\"@id\":\"https:\/\/christian-elin.de\/#\/schema\/person\/image\/\"}}]}<\/script>\n<!-- \/ Yoast SEO plugin. -->","yoast_head_json":{"title":"Sur la balan\u00e7oire &#8226; Christian Elin","robots":{"index":"index","follow":"follow","max-snippet":"max-snippet:-1","max-image-preview":"max-image-preview:large","max-video-preview":"max-video-preview:-1"},"canonical":"https:\/\/christian-elin.de\/en\/product\/sur-la-balancoire\/","og_locale":"en_GB","og_type":"article","og_title":"Sur la balan\u00e7oire &#8226; Christian Elin","og_description":"f\u00fcr Ba\u00dfklarinette\/Sopransax und Tape Dauer: 5'40 Jahr: 2017  \u201eAuf der Schaukel\u201c: der Moment, in dem die Zeit stillzustehen scheint, \u2013 einmal Schwung genommen und oben angekommen \u2013 die Millisekunde Bewegungslosigkeit, bevor die Erdanziehungskraft einen wieder in die andere Richtung zur\u00fcckschwingen l\u00e4sst. Diesen Moment \u201eEwigkeit\u201c wollte ich gerne festhalten, und im St\u00fcck ist er immer wieder zu h\u00f6ren, wenn ein Zyklus von 16 Takten sich schlie\u00dft. Nach \u201eYour song within me\u201c mein zweites Experiment mit Multitrack-Recording.  Noten und mp3 des Playbacks.","og_url":"https:\/\/christian-elin.de\/en\/product\/sur-la-balancoire\/","og_site_name":"Christian Elin","article_modified_time":"2021-08-02T18:25:50+00:00","og_image":[{"width":600,"height":600,"url":"https:\/\/christian-elin.de\/wp-content\/uploads\/2021\/05\/Sur-la-balancoire.jpg","type":"image\/jpeg"}],"twitter_card":"summary_large_image","schema":{"@context":"https:\/\/schema.org","@graph":[{"@type":"WebPage","@id":"https:\/\/christian-elin.de\/produkt\/sur-la-balancoire\/","url":"https:\/\/christian-elin.de\/produkt\/sur-la-balancoire\/","name":"Sur la balan\u00e7oire &#8226; Christian Elin","isPartOf":{"@id":"https:\/\/christian-elin.de\/#website"},"primaryImageOfPage":{"@id":"https:\/\/christian-elin.de\/produkt\/sur-la-balancoire\/#primaryimage"},"image":{"@id":"https:\/\/christian-elin.de\/produkt\/sur-la-balancoire\/#primaryimage"},"thumbnailUrl":"https:\/\/christian-elin.de\/wp-content\/uploads\/2021\/05\/Sur-la-balancoire.jpg","datePublished":"2021-05-07T20:19:31+00:00","dateModified":"2021-08-02T18:25:50+00:00","breadcrumb":{"@id":"https:\/\/christian-elin.de\/produkt\/sur-la-balancoire\/#breadcrumb"},"inLanguage":"en-GB","potentialAction":[{"@type":"ReadAction","target":["https:\/\/christian-elin.de\/produkt\/sur-la-balancoire\/"]}]},{"@type":"ImageObject","inLanguage":"en-GB","@id":"https:\/\/christian-elin.de\/produkt\/sur-la-balancoire\/#primaryimage","url":"https:\/\/christian-elin.de\/wp-content\/uploads\/2021\/05\/Sur-la-balancoire.jpg","contentUrl":"https:\/\/christian-elin.de\/wp-content\/uploads\/2021\/05\/Sur-la-balancoire.jpg","width":600,"height":600},{"@type":"BreadcrumbList","@id":"https:\/\/christian-elin.de\/produkt\/sur-la-balancoire\/#breadcrumb","itemListElement":[{"@type":"ListItem","position":1,"name":"Startseite","item":"https:\/\/christian-elin.de\/"},{"@type":"ListItem","position":2,"name":"Shop","item":"https:\/\/christian-elin.de\/shop\/"},{"@type":"ListItem","position":3,"name":"Sur la balan\u00e7oire"}]},{"@type":"WebSite","@id":"https:\/\/christian-elin.de\/#website","url":"https:\/\/christian-elin.de\/","name":"Christian Elin","description":"Saxophon - Komposition - Unterricht","publisher":{"@id":"https:\/\/christian-elin.de\/#\/schema\/person\/806f3270f0951914e5b7314679fd5d02"},"potentialAction":[{"@type":"SearchAction","target":{"@type":"EntryPoint","urlTemplate":"https:\/\/christian-elin.de\/?s={search_term_string}"},"query-input":"required name=search_term_string"}],"inLanguage":"en-GB"},{"@type":["Person","Organization"],"@id":"https:\/\/christian-elin.de\/#\/schema\/person\/806f3270f0951914e5b7314679fd5d02","name":"Christian Elin","image":{"@type":"ImageObject","inLanguage":"en-GB","@id":"https:\/\/christian-elin.de\/#\/schema\/person\/image\/","url":"https:\/\/christian-elin.de\/wp-content\/uploads\/2020\/09\/Elin-Logo.svg","contentUrl":"https:\/\/christian-elin.de\/wp-content\/uploads\/2020\/09\/Elin-Logo.svg","width":1,"height":1,"caption":"Christian Elin"},"logo":{"@id":"https:\/\/christian-elin.de\/#\/schema\/person\/image\/"}}]}},"_links":{"self":[{"href":"https:\/\/christian-elin.de\/en\/wp-json\/wp\/v2\/product\/1919"}],"collection":[{"href":"https:\/\/christian-elin.de\/en\/wp-json\/wp\/v2\/product"}],"about":[{"href":"https:\/\/christian-elin.de\/en\/wp-json\/wp\/v2\/types\/product"}],"version-history":[{"count":9,"href":"https:\/\/christian-elin.de\/en\/wp-json\/wp\/v2\/product\/1919\/revisions"}],"predecessor-version":[{"id":4256,"href":"https:\/\/christian-elin.de\/en\/wp-json\/wp\/v2\/product\/1919\/revisions\/4256"}],"wp:featuredmedia":[{"embeddable":true,"href":"https:\/\/christian-elin.de\/en\/wp-json\/wp\/v2\/media\/1925"}],"wp:attachment":[{"href":"https:\/\/christian-elin.de\/en\/wp-json\/wp\/v2\/media?parent=1919"}],"wp:term":[{"taxonomy":"product_cat","embeddable":true,"href":"https:\/\/christian-elin.de\/en\/wp-json\/wp\/v2\/product_cat?post=1919"},{"taxonomy":"product_tag","embeddable":true,"href":"https:\/\/christian-elin.de\/en\/wp-json\/wp\/v2\/product_tag?post=1919"}],"curies":[{"name":"wp","href":"https:\/\/api.w.org\/{rel}","templated":true}]}}