{"id":1927,"date":"2021-05-07T22:30:05","date_gmt":"2021-05-07T20:30:05","guid":{"rendered":"https:\/\/christian-elin.de\/?post_type=product&#038;p=1927"},"modified":"2021-08-02T20:25:46","modified_gmt":"2021-08-02T18:25:46","slug":"serenity","status":"publish","type":"product","link":"https:\/\/christian-elin.de\/en\/product\/serenity\/","title":{"rendered":"Serenity"},"content":{"rendered":"","protected":false},"excerpt":{"rendered":"<p>for bass clarinet \/ soprano sax and tape<br \/>\nDuration: 5\u201930<br \/>\nYear: 2016<\/p>\n<p>A technically demanding solo piece for bass clarinet, which explores almost all registers of the instrument with great jumps and when performed a lot of inner serenity can actually be an advantage \ud83d\ude42 The duo composition \"Nebelmeer\" for soprano saxophone and viola da gamba later developed from the solo piece.<\/p>","protected":false},"featured_media":1929,"template":"","meta":[],"product_cat":[35,44],"product_tag":[],"yoast_head":"<!-- This site is optimized with the Yoast SEO plugin v22.4 - https:\/\/yoast.com\/wordpress\/plugins\/seo\/ -->\n<title>Serenity &#8226; Christian Elin<\/title>\n<meta name=\"robots\" content=\"index, follow, max-snippet:-1, max-image-preview:large, max-video-preview:-1\" \/>\n<link rel=\"canonical\" href=\"https:\/\/christian-elin.de\/en\/product\/serenity\/\" \/>\n<meta property=\"og:locale\" content=\"en_GB\" \/>\n<meta property=\"og:type\" content=\"article\" \/>\n<meta property=\"og:title\" content=\"Serenity &#8226; Christian Elin\" \/>\n<meta property=\"og:description\" content=\"f\u00fcr Ba\u00dfklarinette\/Sopransax und Tape Dauer: 5&#039;30 Jahr: 2016  Ein technisch anspruchsvolles Solost\u00fcck f\u00fcr Bassklarinette, das mit gro\u00dfen Spr\u00fcngen fast alle Lagen des Instruments auslotet und bei dessen Auff\u00fchrung tats\u00e4chlich eine Menge innerer Gelassenheit von Vorteil sein kann :) Aus dem Solost\u00fcck entwickelte sich sp\u00e4ter die Duokomposition \u201eNebelmeer\u201c f\u00fcr Sopransaxophon und Viola da Gamba.\" \/>\n<meta property=\"og:url\" content=\"https:\/\/christian-elin.de\/en\/product\/serenity\/\" \/>\n<meta property=\"og:site_name\" content=\"Christian Elin\" \/>\n<meta property=\"article:modified_time\" content=\"2021-08-02T18:25:46+00:00\" \/>\n<meta property=\"og:image\" content=\"https:\/\/christian-elin.de\/wp-content\/uploads\/2021\/05\/Serenity.jpg\" \/>\n\t<meta property=\"og:image:width\" content=\"600\" \/>\n\t<meta property=\"og:image:height\" content=\"600\" \/>\n\t<meta property=\"og:image:type\" content=\"image\/jpeg\" \/>\n<meta name=\"twitter:card\" content=\"summary_large_image\" \/>\n<script type=\"application\/ld+json\" class=\"yoast-schema-graph\">{\"@context\":\"https:\/\/schema.org\",\"@graph\":[{\"@type\":\"WebPage\",\"@id\":\"https:\/\/christian-elin.de\/en\/product\/serenity\/\",\"url\":\"https:\/\/christian-elin.de\/en\/product\/serenity\/\",\"name\":\"Serenity &#8226; Christian Elin\",\"isPartOf\":{\"@id\":\"https:\/\/christian-elin.de\/#website\"},\"primaryImageOfPage\":{\"@id\":\"https:\/\/christian-elin.de\/en\/product\/serenity\/#primaryimage\"},\"image\":{\"@id\":\"https:\/\/christian-elin.de\/en\/product\/serenity\/#primaryimage\"},\"thumbnailUrl\":\"https:\/\/christian-elin.de\/wp-content\/uploads\/2021\/05\/Serenity.jpg\",\"datePublished\":\"2021-05-07T20:30:05+00:00\",\"dateModified\":\"2021-08-02T18:25:46+00:00\",\"breadcrumb\":{\"@id\":\"https:\/\/christian-elin.de\/en\/product\/serenity\/#breadcrumb\"},\"inLanguage\":\"en-GB\",\"potentialAction\":[{\"@type\":\"ReadAction\",\"target\":[\"https:\/\/christian-elin.de\/en\/product\/serenity\/\"]}]},{\"@type\":\"ImageObject\",\"inLanguage\":\"en-GB\",\"@id\":\"https:\/\/christian-elin.de\/en\/product\/serenity\/#primaryimage\",\"url\":\"https:\/\/christian-elin.de\/wp-content\/uploads\/2021\/05\/Serenity.jpg\",\"contentUrl\":\"https:\/\/christian-elin.de\/wp-content\/uploads\/2021\/05\/Serenity.jpg\",\"width\":600,\"height\":600},{\"@type\":\"BreadcrumbList\",\"@id\":\"https:\/\/christian-elin.de\/en\/product\/serenity\/#breadcrumb\",\"itemListElement\":[{\"@type\":\"ListItem\",\"position\":1,\"name\":\"Startseite\",\"item\":\"https:\/\/christian-elin.de\/\"},{\"@type\":\"ListItem\",\"position\":2,\"name\":\"Shop\",\"item\":\"https:\/\/christian-elin.de\/shop\/\"},{\"@type\":\"ListItem\",\"position\":3,\"name\":\"Serenity\"}]},{\"@type\":\"WebSite\",\"@id\":\"https:\/\/christian-elin.de\/#website\",\"url\":\"https:\/\/christian-elin.de\/\",\"name\":\"Christian Elin\",\"description\":\"Saxophon - Komposition - Unterricht\",\"publisher\":{\"@id\":\"https:\/\/christian-elin.de\/#\/schema\/person\/806f3270f0951914e5b7314679fd5d02\"},\"potentialAction\":[{\"@type\":\"SearchAction\",\"target\":{\"@type\":\"EntryPoint\",\"urlTemplate\":\"https:\/\/christian-elin.de\/?s={search_term_string}\"},\"query-input\":\"required name=search_term_string\"}],\"inLanguage\":\"en-GB\"},{\"@type\":[\"Person\",\"Organization\"],\"@id\":\"https:\/\/christian-elin.de\/#\/schema\/person\/806f3270f0951914e5b7314679fd5d02\",\"name\":\"Christian Elin\",\"image\":{\"@type\":\"ImageObject\",\"inLanguage\":\"en-GB\",\"@id\":\"https:\/\/christian-elin.de\/#\/schema\/person\/image\/\",\"url\":\"https:\/\/christian-elin.de\/wp-content\/uploads\/2020\/09\/Elin-Logo.svg\",\"contentUrl\":\"https:\/\/christian-elin.de\/wp-content\/uploads\/2020\/09\/Elin-Logo.svg\",\"width\":1,\"height\":1,\"caption\":\"Christian Elin\"},\"logo\":{\"@id\":\"https:\/\/christian-elin.de\/#\/schema\/person\/image\/\"}}]}<\/script>\n<!-- \/ Yoast SEO plugin. -->","yoast_head_json":{"title":"Serenity &#8226; Christian Elin","robots":{"index":"index","follow":"follow","max-snippet":"max-snippet:-1","max-image-preview":"max-image-preview:large","max-video-preview":"max-video-preview:-1"},"canonical":"https:\/\/christian-elin.de\/en\/product\/serenity\/","og_locale":"en_GB","og_type":"article","og_title":"Serenity &#8226; Christian Elin","og_description":"f\u00fcr Ba\u00dfklarinette\/Sopransax und Tape Dauer: 5'30 Jahr: 2016  Ein technisch anspruchsvolles Solost\u00fcck f\u00fcr Bassklarinette, das mit gro\u00dfen Spr\u00fcngen fast alle Lagen des Instruments auslotet und bei dessen Auff\u00fchrung tats\u00e4chlich eine Menge innerer Gelassenheit von Vorteil sein kann :) Aus dem Solost\u00fcck entwickelte sich sp\u00e4ter die Duokomposition \u201eNebelmeer\u201c f\u00fcr Sopransaxophon und Viola da Gamba.","og_url":"https:\/\/christian-elin.de\/en\/product\/serenity\/","og_site_name":"Christian Elin","article_modified_time":"2021-08-02T18:25:46+00:00","og_image":[{"width":600,"height":600,"url":"https:\/\/christian-elin.de\/wp-content\/uploads\/2021\/05\/Serenity.jpg","type":"image\/jpeg"}],"twitter_card":"summary_large_image","schema":{"@context":"https:\/\/schema.org","@graph":[{"@type":"WebPage","@id":"https:\/\/christian-elin.de\/en\/product\/serenity\/","url":"https:\/\/christian-elin.de\/en\/product\/serenity\/","name":"Serenity &#8226; Christian Elin","isPartOf":{"@id":"https:\/\/christian-elin.de\/#website"},"primaryImageOfPage":{"@id":"https:\/\/christian-elin.de\/en\/product\/serenity\/#primaryimage"},"image":{"@id":"https:\/\/christian-elin.de\/en\/product\/serenity\/#primaryimage"},"thumbnailUrl":"https:\/\/christian-elin.de\/wp-content\/uploads\/2021\/05\/Serenity.jpg","datePublished":"2021-05-07T20:30:05+00:00","dateModified":"2021-08-02T18:25:46+00:00","breadcrumb":{"@id":"https:\/\/christian-elin.de\/en\/product\/serenity\/#breadcrumb"},"inLanguage":"en-GB","potentialAction":[{"@type":"ReadAction","target":["https:\/\/christian-elin.de\/en\/product\/serenity\/"]}]},{"@type":"ImageObject","inLanguage":"en-GB","@id":"https:\/\/christian-elin.de\/en\/product\/serenity\/#primaryimage","url":"https:\/\/christian-elin.de\/wp-content\/uploads\/2021\/05\/Serenity.jpg","contentUrl":"https:\/\/christian-elin.de\/wp-content\/uploads\/2021\/05\/Serenity.jpg","width":600,"height":600},{"@type":"BreadcrumbList","@id":"https:\/\/christian-elin.de\/en\/product\/serenity\/#breadcrumb","itemListElement":[{"@type":"ListItem","position":1,"name":"Startseite","item":"https:\/\/christian-elin.de\/"},{"@type":"ListItem","position":2,"name":"Shop","item":"https:\/\/christian-elin.de\/shop\/"},{"@type":"ListItem","position":3,"name":"Serenity"}]},{"@type":"WebSite","@id":"https:\/\/christian-elin.de\/#website","url":"https:\/\/christian-elin.de\/","name":"Christian Elin","description":"Saxophon - Komposition - Unterricht","publisher":{"@id":"https:\/\/christian-elin.de\/#\/schema\/person\/806f3270f0951914e5b7314679fd5d02"},"potentialAction":[{"@type":"SearchAction","target":{"@type":"EntryPoint","urlTemplate":"https:\/\/christian-elin.de\/?s={search_term_string}"},"query-input":"required name=search_term_string"}],"inLanguage":"en-GB"},{"@type":["Person","Organization"],"@id":"https:\/\/christian-elin.de\/#\/schema\/person\/806f3270f0951914e5b7314679fd5d02","name":"Christian Elin","image":{"@type":"ImageObject","inLanguage":"en-GB","@id":"https:\/\/christian-elin.de\/#\/schema\/person\/image\/","url":"https:\/\/christian-elin.de\/wp-content\/uploads\/2020\/09\/Elin-Logo.svg","contentUrl":"https:\/\/christian-elin.de\/wp-content\/uploads\/2020\/09\/Elin-Logo.svg","width":1,"height":1,"caption":"Christian Elin"},"logo":{"@id":"https:\/\/christian-elin.de\/#\/schema\/person\/image\/"}}]}},"_links":{"self":[{"href":"https:\/\/christian-elin.de\/en\/wp-json\/wp\/v2\/product\/1927"}],"collection":[{"href":"https:\/\/christian-elin.de\/en\/wp-json\/wp\/v2\/product"}],"about":[{"href":"https:\/\/christian-elin.de\/en\/wp-json\/wp\/v2\/types\/product"}],"version-history":[{"count":4,"href":"https:\/\/christian-elin.de\/en\/wp-json\/wp\/v2\/product\/1927\/revisions"}],"predecessor-version":[{"id":4255,"href":"https:\/\/christian-elin.de\/en\/wp-json\/wp\/v2\/product\/1927\/revisions\/4255"}],"wp:featuredmedia":[{"embeddable":true,"href":"https:\/\/christian-elin.de\/en\/wp-json\/wp\/v2\/media\/1929"}],"wp:attachment":[{"href":"https:\/\/christian-elin.de\/en\/wp-json\/wp\/v2\/media?parent=1927"}],"wp:term":[{"taxonomy":"product_cat","embeddable":true,"href":"https:\/\/christian-elin.de\/en\/wp-json\/wp\/v2\/product_cat?post=1927"},{"taxonomy":"product_tag","embeddable":true,"href":"https:\/\/christian-elin.de\/en\/wp-json\/wp\/v2\/product_tag?post=1927"}],"curies":[{"name":"wp","href":"https:\/\/api.w.org\/{rel}","templated":true}]}}