{"id":2229,"date":"2021-05-24T21:11:54","date_gmt":"2021-05-24T19:11:54","guid":{"rendered":"https:\/\/christian-elin.de\/?post_type=product&#038;p=2229"},"modified":"2021-08-09T08:17:23","modified_gmt":"2021-08-09T06:17:23","slug":"2229","status":"publish","type":"product","link":"https:\/\/christian-elin.de\/en\/product\/2229\/","title":{"rendered":"in silence"},"content":{"rendered":"<!--[if lt IE 9]><script>document.createElement('audio');<\/script><![endif]-->\n<audio class=\"wp-audio-shortcode\" id=\"audio-2229-1\" preload=\"none\" style=\"width: 100%;\" controls=\"controls\"><source type=\"audio\/mpeg\" src=\"https:\/\/christian-elin.de\/wp-content\/uploads\/2021\/05\/in-silence_web.mp3?_=1\" \/><a href=\"https:\/\/christian-elin.de\/wp-content\/uploads\/2021\/05\/in-silence_web.mp3\">https:\/\/christian-elin.de\/wp-content\/uploads\/2021\/05\/in-silence_web.mp3<\/a><\/audio>","protected":false},"excerpt":{"rendered":"<p>Silence and contemplation. Meditation. Becoming calm. Breathe. Arrive. These were the main intentions for me when composing this gem. It is perfectly suited for performance in the acoustics of a church hall.<\/p>\n<p>for soprano saxophone solo<br \/>\nDuration: 3\u201915<br \/>\nYear: 2008<\/p>","protected":false},"featured_media":4316,"template":"","meta":[],"product_cat":[44],"product_tag":[],"yoast_head":"<!-- This site is optimized with the Yoast SEO plugin v22.4 - https:\/\/yoast.com\/wordpress\/plugins\/seo\/ -->\n<title>in silence &#8226; Christian Elin<\/title>\n<meta name=\"robots\" content=\"index, follow, max-snippet:-1, max-image-preview:large, max-video-preview:-1\" \/>\n<link rel=\"canonical\" href=\"https:\/\/christian-elin.de\/en\/product\/2229\/\" \/>\n<meta property=\"og:locale\" content=\"en_GB\" \/>\n<meta property=\"og:type\" content=\"article\" \/>\n<meta property=\"og:title\" content=\"in silence &#8226; Christian Elin\" \/>\n<meta property=\"og:description\" content=\"Stille und Einkehr. Meditation. Ruhig werden. Atmen. Ankommen. Das waren f\u00fcr mich die wesentlichen Intentionen beim Komponieren dieses Kleinods. Es eignet sich hervorragend zur Auff\u00fchrung in der Akustik eines Kirchenraums.  f\u00fcr Sopransaxophon solo Dauer: 3&#039;15 Jahr: 2008\" \/>\n<meta property=\"og:url\" content=\"https:\/\/christian-elin.de\/en\/product\/2229\/\" \/>\n<meta property=\"og:site_name\" content=\"Christian Elin\" \/>\n<meta property=\"article:modified_time\" content=\"2021-08-09T06:17:23+00:00\" \/>\n<meta property=\"og:image\" content=\"https:\/\/christian-elin.de\/wp-content\/uploads\/2021\/05\/silence.jpg\" \/>\n\t<meta property=\"og:image:width\" content=\"600\" \/>\n\t<meta property=\"og:image:height\" content=\"600\" \/>\n\t<meta property=\"og:image:type\" content=\"image\/jpeg\" \/>\n<meta name=\"twitter:card\" content=\"summary_large_image\" \/>\n<script type=\"application\/ld+json\" class=\"yoast-schema-graph\">{\"@context\":\"https:\/\/schema.org\",\"@graph\":[{\"@type\":\"WebPage\",\"@id\":\"https:\/\/christian-elin.de\/en\/product\/2229\/\",\"url\":\"https:\/\/christian-elin.de\/en\/product\/2229\/\",\"name\":\"in silence &#8226; Christian Elin\",\"isPartOf\":{\"@id\":\"https:\/\/christian-elin.de\/#website\"},\"primaryImageOfPage\":{\"@id\":\"https:\/\/christian-elin.de\/en\/product\/2229\/#primaryimage\"},\"image\":{\"@id\":\"https:\/\/christian-elin.de\/en\/product\/2229\/#primaryimage\"},\"thumbnailUrl\":\"https:\/\/christian-elin.de\/wp-content\/uploads\/2021\/05\/silence.jpg\",\"datePublished\":\"2021-05-24T19:11:54+00:00\",\"dateModified\":\"2021-08-09T06:17:23+00:00\",\"breadcrumb\":{\"@id\":\"https:\/\/christian-elin.de\/en\/product\/2229\/#breadcrumb\"},\"inLanguage\":\"en-GB\",\"potentialAction\":[{\"@type\":\"ReadAction\",\"target\":[\"https:\/\/christian-elin.de\/en\/product\/2229\/\"]}]},{\"@type\":\"ImageObject\",\"inLanguage\":\"en-GB\",\"@id\":\"https:\/\/christian-elin.de\/en\/product\/2229\/#primaryimage\",\"url\":\"https:\/\/christian-elin.de\/wp-content\/uploads\/2021\/05\/silence.jpg\",\"contentUrl\":\"https:\/\/christian-elin.de\/wp-content\/uploads\/2021\/05\/silence.jpg\",\"width\":600,\"height\":600},{\"@type\":\"BreadcrumbList\",\"@id\":\"https:\/\/christian-elin.de\/en\/product\/2229\/#breadcrumb\",\"itemListElement\":[{\"@type\":\"ListItem\",\"position\":1,\"name\":\"Startseite\",\"item\":\"https:\/\/christian-elin.de\/\"},{\"@type\":\"ListItem\",\"position\":2,\"name\":\"Shop\",\"item\":\"https:\/\/christian-elin.de\/shop\/\"},{\"@type\":\"ListItem\",\"position\":3,\"name\":\"in silence\"}]},{\"@type\":\"WebSite\",\"@id\":\"https:\/\/christian-elin.de\/#website\",\"url\":\"https:\/\/christian-elin.de\/\",\"name\":\"Christian Elin\",\"description\":\"Saxophon - Komposition - Unterricht\",\"publisher\":{\"@id\":\"https:\/\/christian-elin.de\/#\/schema\/person\/806f3270f0951914e5b7314679fd5d02\"},\"potentialAction\":[{\"@type\":\"SearchAction\",\"target\":{\"@type\":\"EntryPoint\",\"urlTemplate\":\"https:\/\/christian-elin.de\/?s={search_term_string}\"},\"query-input\":\"required name=search_term_string\"}],\"inLanguage\":\"en-GB\"},{\"@type\":[\"Person\",\"Organization\"],\"@id\":\"https:\/\/christian-elin.de\/#\/schema\/person\/806f3270f0951914e5b7314679fd5d02\",\"name\":\"Christian Elin\",\"image\":{\"@type\":\"ImageObject\",\"inLanguage\":\"en-GB\",\"@id\":\"https:\/\/christian-elin.de\/#\/schema\/person\/image\/\",\"url\":\"https:\/\/christian-elin.de\/wp-content\/uploads\/2020\/09\/Elin-Logo.svg\",\"contentUrl\":\"https:\/\/christian-elin.de\/wp-content\/uploads\/2020\/09\/Elin-Logo.svg\",\"width\":1,\"height\":1,\"caption\":\"Christian Elin\"},\"logo\":{\"@id\":\"https:\/\/christian-elin.de\/#\/schema\/person\/image\/\"}}]}<\/script>\n<!-- \/ Yoast SEO plugin. -->","yoast_head_json":{"title":"in silence &#8226; Christian Elin","robots":{"index":"index","follow":"follow","max-snippet":"max-snippet:-1","max-image-preview":"max-image-preview:large","max-video-preview":"max-video-preview:-1"},"canonical":"https:\/\/christian-elin.de\/en\/product\/2229\/","og_locale":"en_GB","og_type":"article","og_title":"in silence &#8226; Christian Elin","og_description":"Stille und Einkehr. Meditation. Ruhig werden. Atmen. Ankommen. Das waren f\u00fcr mich die wesentlichen Intentionen beim Komponieren dieses Kleinods. Es eignet sich hervorragend zur Auff\u00fchrung in der Akustik eines Kirchenraums.  f\u00fcr Sopransaxophon solo Dauer: 3'15 Jahr: 2008","og_url":"https:\/\/christian-elin.de\/en\/product\/2229\/","og_site_name":"Christian Elin","article_modified_time":"2021-08-09T06:17:23+00:00","og_image":[{"width":600,"height":600,"url":"https:\/\/christian-elin.de\/wp-content\/uploads\/2021\/05\/silence.jpg","type":"image\/jpeg"}],"twitter_card":"summary_large_image","schema":{"@context":"https:\/\/schema.org","@graph":[{"@type":"WebPage","@id":"https:\/\/christian-elin.de\/en\/product\/2229\/","url":"https:\/\/christian-elin.de\/en\/product\/2229\/","name":"in silence &#8226; Christian Elin","isPartOf":{"@id":"https:\/\/christian-elin.de\/#website"},"primaryImageOfPage":{"@id":"https:\/\/christian-elin.de\/en\/product\/2229\/#primaryimage"},"image":{"@id":"https:\/\/christian-elin.de\/en\/product\/2229\/#primaryimage"},"thumbnailUrl":"https:\/\/christian-elin.de\/wp-content\/uploads\/2021\/05\/silence.jpg","datePublished":"2021-05-24T19:11:54+00:00","dateModified":"2021-08-09T06:17:23+00:00","breadcrumb":{"@id":"https:\/\/christian-elin.de\/en\/product\/2229\/#breadcrumb"},"inLanguage":"en-GB","potentialAction":[{"@type":"ReadAction","target":["https:\/\/christian-elin.de\/en\/product\/2229\/"]}]},{"@type":"ImageObject","inLanguage":"en-GB","@id":"https:\/\/christian-elin.de\/en\/product\/2229\/#primaryimage","url":"https:\/\/christian-elin.de\/wp-content\/uploads\/2021\/05\/silence.jpg","contentUrl":"https:\/\/christian-elin.de\/wp-content\/uploads\/2021\/05\/silence.jpg","width":600,"height":600},{"@type":"BreadcrumbList","@id":"https:\/\/christian-elin.de\/en\/product\/2229\/#breadcrumb","itemListElement":[{"@type":"ListItem","position":1,"name":"Startseite","item":"https:\/\/christian-elin.de\/"},{"@type":"ListItem","position":2,"name":"Shop","item":"https:\/\/christian-elin.de\/shop\/"},{"@type":"ListItem","position":3,"name":"in silence"}]},{"@type":"WebSite","@id":"https:\/\/christian-elin.de\/#website","url":"https:\/\/christian-elin.de\/","name":"Christian Elin","description":"Saxophon - Komposition - Unterricht","publisher":{"@id":"https:\/\/christian-elin.de\/#\/schema\/person\/806f3270f0951914e5b7314679fd5d02"},"potentialAction":[{"@type":"SearchAction","target":{"@type":"EntryPoint","urlTemplate":"https:\/\/christian-elin.de\/?s={search_term_string}"},"query-input":"required name=search_term_string"}],"inLanguage":"en-GB"},{"@type":["Person","Organization"],"@id":"https:\/\/christian-elin.de\/#\/schema\/person\/806f3270f0951914e5b7314679fd5d02","name":"Christian Elin","image":{"@type":"ImageObject","inLanguage":"en-GB","@id":"https:\/\/christian-elin.de\/#\/schema\/person\/image\/","url":"https:\/\/christian-elin.de\/wp-content\/uploads\/2020\/09\/Elin-Logo.svg","contentUrl":"https:\/\/christian-elin.de\/wp-content\/uploads\/2020\/09\/Elin-Logo.svg","width":1,"height":1,"caption":"Christian Elin"},"logo":{"@id":"https:\/\/christian-elin.de\/#\/schema\/person\/image\/"}}]}},"_links":{"self":[{"href":"https:\/\/christian-elin.de\/en\/wp-json\/wp\/v2\/product\/2229"}],"collection":[{"href":"https:\/\/christian-elin.de\/en\/wp-json\/wp\/v2\/product"}],"about":[{"href":"https:\/\/christian-elin.de\/en\/wp-json\/wp\/v2\/types\/product"}],"version-history":[{"count":6,"href":"https:\/\/christian-elin.de\/en\/wp-json\/wp\/v2\/product\/2229\/revisions"}],"predecessor-version":[{"id":4251,"href":"https:\/\/christian-elin.de\/en\/wp-json\/wp\/v2\/product\/2229\/revisions\/4251"}],"wp:featuredmedia":[{"embeddable":true,"href":"https:\/\/christian-elin.de\/en\/wp-json\/wp\/v2\/media\/4316"}],"wp:attachment":[{"href":"https:\/\/christian-elin.de\/en\/wp-json\/wp\/v2\/media?parent=2229"}],"wp:term":[{"taxonomy":"product_cat","embeddable":true,"href":"https:\/\/christian-elin.de\/en\/wp-json\/wp\/v2\/product_cat?post=2229"},{"taxonomy":"product_tag","embeddable":true,"href":"https:\/\/christian-elin.de\/en\/wp-json\/wp\/v2\/product_tag?post=2229"}],"curies":[{"name":"wp","href":"https:\/\/api.w.org\/{rel}","templated":true}]}}