{"id":2248,"date":"2021-05-24T21:35:05","date_gmt":"2021-05-24T19:35:05","guid":{"rendered":"https:\/\/christian-elin.de\/?post_type=product&#038;p=2248"},"modified":"2021-08-02T20:24:53","modified_gmt":"2021-08-02T18:24:53","slug":"prelude-and-hymn","status":"publish","type":"product","link":"https:\/\/christian-elin.de\/en\/product\/prelude-and-hymn\/","title":{"rendered":"Prelude and hymn"},"content":{"rendered":"<div data-elementor-type=\"product-post\" data-elementor-id=\"2248\" class=\"elementor elementor-2248\" data-elementor-post-type=\"product\">\n\t\t\t\t\t\t<section class=\"elementor-section elementor-top-section elementor-element elementor-element-4edf89e5 elementor-section-boxed elementor-section-height-default elementor-section-height-default\" data-id=\"4edf89e5\" data-element_type=\"section\">\n\t\t\t\t\t\t<div class=\"elementor-container elementor-column-gap-default\">\n\t\t\t\t\t<div class=\"elementor-column elementor-col-100 elementor-top-column elementor-element elementor-element-43736830\" data-id=\"43736830\" data-element_type=\"column\">\n\t\t\t<div class=\"elementor-widget-wrap elementor-element-populated\">\n\t\t\t\t\t\t<div class=\"elementor-element elementor-element-39ce0b5 elementor-widget elementor-widget-video\" data-id=\"39ce0b5\" data-element_type=\"widget\" data-settings=\"{&quot;youtube_url&quot;:&quot;https:\\\/\\\/www.youtube.com\\\/watch?v=KPT4vkZvVtE&amp;ab_channel=ChristianElin&quot;,&quot;show_image_overlay&quot;:&quot;yes&quot;,&quot;image_overlay&quot;:{&quot;url&quot;:&quot;https:\\\/\\\/christian-elin.de\\\/wp-content\\\/uploads\\\/2021\\\/05\\\/prelude.jpg&quot;,&quot;id&quot;:3839,&quot;size&quot;:&quot;&quot;},&quot;lightbox&quot;:&quot;yes&quot;,&quot;video_type&quot;:&quot;youtube&quot;,&quot;controls&quot;:&quot;yes&quot;}\" data-widget_type=\"video.default\">\n\t\t\t\t<div class=\"elementor-widget-container\">\n\t\t\t\t\t<div class=\"elementor-wrapper elementor-open-lightbox\">\n\t\t\t\t\t\t\t<div class=\"elementor-custom-embed-image-overlay\" data-elementor-open-lightbox=\"yes\" data-elementor-lightbox=\"{&quot;type&quot;:&quot;video&quot;,&quot;videoType&quot;:&quot;youtube&quot;,&quot;url&quot;:&quot;https:\\\/\\\/www.youtube.com\\\/embed\\\/KPT4vkZvVtE?feature=oembed&amp;start&amp;end&amp;wmode=opaque&amp;loop=0&amp;controls=1&amp;mute=0&amp;rel=0&amp;modestbranding=0&quot;,&quot;modalOptions&quot;:{&quot;id&quot;:&quot;elementor-lightbox-39ce0b5&quot;,&quot;entranceAnimation&quot;:&quot;&quot;,&quot;entranceAnimation_tablet&quot;:&quot;&quot;,&quot;entranceAnimation_mobile&quot;:&quot;&quot;,&quot;videoAspectRatio&quot;:&quot;169&quot;}}\" data-e-action-hash=\"#elementor-action%3Aaction%3Dlightbox%26settings%3DeyJ0eXBlIjoidmlkZW8iLCJ2aWRlb1R5cGUiOiJ5b3V0dWJlIiwidXJsIjoiaHR0cHM6XC9cL3d3dy55b3V0dWJlLmNvbVwvZW1iZWRcL0tQVDR2a1p2VnRFP2ZlYXR1cmU9b2VtYmVkJnN0YXJ0JmVuZCZ3bW9kZT1vcGFxdWUmbG9vcD0wJmNvbnRyb2xzPTEmbXV0ZT0wJnJlbD0wJm1vZGVzdGJyYW5kaW5nPTAiLCJtb2RhbE9wdGlvbnMiOnsiaWQiOiJlbGVtZW50b3ItbGlnaHRib3gtMzljZTBiNSIsImVudHJhbmNlQW5pbWF0aW9uIjoiIiwiZW50cmFuY2VBbmltYXRpb25fdGFibGV0IjoiIiwiZW50cmFuY2VBbmltYXRpb25fbW9iaWxlIjoiIiwidmlkZW9Bc3BlY3RSYXRpbyI6IjE2OSJ9fQ%3D%3D\">\n\t\t\t\t\t\t\t\t\t\t\t<img fetchpriority=\"high\" decoding=\"async\" width=\"320\" height=\"180\" src=\"https:\/\/christian-elin.de\/wp-content\/uploads\/2021\/05\/prelude.jpg\" class=\"attachment-full size-full wp-image-3839\" alt=\"\" srcset=\"https:\/\/christian-elin.de\/wp-content\/uploads\/2021\/05\/prelude.jpg 320w, https:\/\/christian-elin.de\/wp-content\/uploads\/2021\/05\/prelude-300x169.jpg 300w, https:\/\/christian-elin.de\/wp-content\/uploads\/2021\/05\/prelude-16x9.jpg 16w\" sizes=\"(max-width: 320px) 100vw, 320px\" \/>\t\t\t\t\t\t\t\t\t\t\t\t\t\t\t\t<div class=\"elementor-custom-embed-play\" role=\"button\" aria-label=\"Play Video\" tabindex=\"0\">\n\t\t\t\t\t\t\t<i aria-hidden=\"true\" class=\"eicon-play\"><\/i>\t\t\t\t\t\t\t<span class=\"elementor-screen-only\">Play Video<\/span>\n\t\t\t\t\t\t<\/div>\n\t\t\t\t\t\t\t\t\t<\/div>\n\t\t\t\t\t<\/div>\n\t\t\t\t<\/div>\n\t\t\t\t<\/div>\n\t\t\t\t<div class=\"elementor-element elementor-element-77ff4099 elementor-widget elementor-widget-shortcode\" data-id=\"77ff4099\" data-element_type=\"widget\" data-widget_type=\"shortcode.default\">\n\t\t\t\t<div class=\"elementor-widget-container\">\n\t\t\t\t\t<div class=\"elementor-shortcode\"><\/div>\n\t\t\t\t<\/div>\n\t\t\t\t<\/div>\n\t\t\t\t\t<\/div>\n\t\t<\/div>\n\t\t\t\t\t<\/div>\n\t\t<\/section>\n\t\t\t\t<\/div>","protected":false},"excerpt":{"rendered":"<p>for soprano saxophone solo<br \/>\nDuration: 12\u201900<br \/>\nYear: 2007<\/p>\n<p>One of my \"classics\", performed over 100 times in concerts and thanks to the suction force from repetitive patterns and circular breathing, it is a piece that casts a spell over the listener immediately and regularly causes storms of enthusiasm.<\/p>","protected":false},"featured_media":2251,"template":"","meta":[],"product_cat":[44,74],"product_tag":[],"yoast_head":"<!-- This site is optimized with the Yoast SEO plugin v22.4 - https:\/\/yoast.com\/wordpress\/plugins\/seo\/ -->\n<title>Prelude and hymn &#8226; Christian Elin<\/title>\n<meta name=\"robots\" content=\"index, follow, max-snippet:-1, max-image-preview:large, max-video-preview:-1\" \/>\n<link rel=\"canonical\" href=\"https:\/\/christian-elin.de\/en\/product\/prelude-and-hymn\/\" \/>\n<meta property=\"og:locale\" content=\"en_GB\" \/>\n<meta property=\"og:type\" content=\"article\" \/>\n<meta property=\"og:title\" content=\"Prelude and hymn &#8226; Christian Elin\" \/>\n<meta property=\"og:description\" content=\"f\u00fcr Sopransaxophon solo Dauer: 12&#039;00 Jahr: 2007  Einer meiner \u201eKlassiker\u201c, bereits \u00fcber 100 mal im Konzert aufgef\u00fchrt und durch die Sogkraft aus repetitiven Patterns und Zirkularatmung ein St\u00fcck, das die Zuh\u00f6rer unmittelbar in den Bann zieht und regelm\u00e4\u00dfig f\u00fcr Begeisterungsst\u00fcrme sorgt.\" \/>\n<meta property=\"og:url\" content=\"https:\/\/christian-elin.de\/en\/product\/prelude-and-hymn\/\" \/>\n<meta property=\"og:site_name\" content=\"Christian Elin\" \/>\n<meta property=\"article:modified_time\" content=\"2021-08-02T18:24:53+00:00\" \/>\n<meta property=\"og:image\" content=\"https:\/\/christian-elin.de\/wp-content\/uploads\/2021\/05\/prelude-and-hymn.jpg\" \/>\n\t<meta property=\"og:image:width\" content=\"600\" \/>\n\t<meta property=\"og:image:height\" content=\"600\" \/>\n\t<meta property=\"og:image:type\" content=\"image\/jpeg\" \/>\n<meta name=\"twitter:card\" content=\"summary_large_image\" \/>\n<script type=\"application\/ld+json\" class=\"yoast-schema-graph\">{\"@context\":\"https:\/\/schema.org\",\"@graph\":[{\"@type\":\"WebPage\",\"@id\":\"https:\/\/christian-elin.de\/produkt\/prelude-and-hymn\/\",\"url\":\"https:\/\/christian-elin.de\/produkt\/prelude-and-hymn\/\",\"name\":\"Prelude and hymn &#8226; Christian Elin\",\"isPartOf\":{\"@id\":\"https:\/\/christian-elin.de\/#website\"},\"primaryImageOfPage\":{\"@id\":\"https:\/\/christian-elin.de\/produkt\/prelude-and-hymn\/#primaryimage\"},\"image\":{\"@id\":\"https:\/\/christian-elin.de\/produkt\/prelude-and-hymn\/#primaryimage\"},\"thumbnailUrl\":\"https:\/\/christian-elin.de\/wp-content\/uploads\/2021\/05\/prelude-and-hymn.jpg\",\"datePublished\":\"2021-05-24T19:35:05+00:00\",\"dateModified\":\"2021-08-02T18:24:53+00:00\",\"breadcrumb\":{\"@id\":\"https:\/\/christian-elin.de\/produkt\/prelude-and-hymn\/#breadcrumb\"},\"inLanguage\":\"en-GB\",\"potentialAction\":[{\"@type\":\"ReadAction\",\"target\":[\"https:\/\/christian-elin.de\/produkt\/prelude-and-hymn\/\"]}]},{\"@type\":\"ImageObject\",\"inLanguage\":\"en-GB\",\"@id\":\"https:\/\/christian-elin.de\/produkt\/prelude-and-hymn\/#primaryimage\",\"url\":\"https:\/\/christian-elin.de\/wp-content\/uploads\/2021\/05\/prelude-and-hymn.jpg\",\"contentUrl\":\"https:\/\/christian-elin.de\/wp-content\/uploads\/2021\/05\/prelude-and-hymn.jpg\",\"width\":600,\"height\":600},{\"@type\":\"BreadcrumbList\",\"@id\":\"https:\/\/christian-elin.de\/produkt\/prelude-and-hymn\/#breadcrumb\",\"itemListElement\":[{\"@type\":\"ListItem\",\"position\":1,\"name\":\"Startseite\",\"item\":\"https:\/\/christian-elin.de\/\"},{\"@type\":\"ListItem\",\"position\":2,\"name\":\"Shop\",\"item\":\"https:\/\/christian-elin.de\/shop\/\"},{\"@type\":\"ListItem\",\"position\":3,\"name\":\"Prelude and hymn\"}]},{\"@type\":\"WebSite\",\"@id\":\"https:\/\/christian-elin.de\/#website\",\"url\":\"https:\/\/christian-elin.de\/\",\"name\":\"Christian Elin\",\"description\":\"Saxophon - Komposition - Unterricht\",\"publisher\":{\"@id\":\"https:\/\/christian-elin.de\/#\/schema\/person\/806f3270f0951914e5b7314679fd5d02\"},\"potentialAction\":[{\"@type\":\"SearchAction\",\"target\":{\"@type\":\"EntryPoint\",\"urlTemplate\":\"https:\/\/christian-elin.de\/?s={search_term_string}\"},\"query-input\":\"required name=search_term_string\"}],\"inLanguage\":\"en-GB\"},{\"@type\":[\"Person\",\"Organization\"],\"@id\":\"https:\/\/christian-elin.de\/#\/schema\/person\/806f3270f0951914e5b7314679fd5d02\",\"name\":\"Christian Elin\",\"image\":{\"@type\":\"ImageObject\",\"inLanguage\":\"en-GB\",\"@id\":\"https:\/\/christian-elin.de\/#\/schema\/person\/image\/\",\"url\":\"https:\/\/christian-elin.de\/wp-content\/uploads\/2020\/09\/Elin-Logo.svg\",\"contentUrl\":\"https:\/\/christian-elin.de\/wp-content\/uploads\/2020\/09\/Elin-Logo.svg\",\"width\":1,\"height\":1,\"caption\":\"Christian Elin\"},\"logo\":{\"@id\":\"https:\/\/christian-elin.de\/#\/schema\/person\/image\/\"}}]}<\/script>\n<!-- \/ Yoast SEO plugin. -->","yoast_head_json":{"title":"Prelude and hymn &#8226; Christian Elin","robots":{"index":"index","follow":"follow","max-snippet":"max-snippet:-1","max-image-preview":"max-image-preview:large","max-video-preview":"max-video-preview:-1"},"canonical":"https:\/\/christian-elin.de\/en\/product\/prelude-and-hymn\/","og_locale":"en_GB","og_type":"article","og_title":"Prelude and hymn &#8226; Christian Elin","og_description":"f\u00fcr Sopransaxophon solo Dauer: 12'00 Jahr: 2007  Einer meiner \u201eKlassiker\u201c, bereits \u00fcber 100 mal im Konzert aufgef\u00fchrt und durch die Sogkraft aus repetitiven Patterns und Zirkularatmung ein St\u00fcck, das die Zuh\u00f6rer unmittelbar in den Bann zieht und regelm\u00e4\u00dfig f\u00fcr Begeisterungsst\u00fcrme sorgt.","og_url":"https:\/\/christian-elin.de\/en\/product\/prelude-and-hymn\/","og_site_name":"Christian Elin","article_modified_time":"2021-08-02T18:24:53+00:00","og_image":[{"width":600,"height":600,"url":"https:\/\/christian-elin.de\/wp-content\/uploads\/2021\/05\/prelude-and-hymn.jpg","type":"image\/jpeg"}],"twitter_card":"summary_large_image","schema":{"@context":"https:\/\/schema.org","@graph":[{"@type":"WebPage","@id":"https:\/\/christian-elin.de\/produkt\/prelude-and-hymn\/","url":"https:\/\/christian-elin.de\/produkt\/prelude-and-hymn\/","name":"Prelude and hymn &#8226; Christian Elin","isPartOf":{"@id":"https:\/\/christian-elin.de\/#website"},"primaryImageOfPage":{"@id":"https:\/\/christian-elin.de\/produkt\/prelude-and-hymn\/#primaryimage"},"image":{"@id":"https:\/\/christian-elin.de\/produkt\/prelude-and-hymn\/#primaryimage"},"thumbnailUrl":"https:\/\/christian-elin.de\/wp-content\/uploads\/2021\/05\/prelude-and-hymn.jpg","datePublished":"2021-05-24T19:35:05+00:00","dateModified":"2021-08-02T18:24:53+00:00","breadcrumb":{"@id":"https:\/\/christian-elin.de\/produkt\/prelude-and-hymn\/#breadcrumb"},"inLanguage":"en-GB","potentialAction":[{"@type":"ReadAction","target":["https:\/\/christian-elin.de\/produkt\/prelude-and-hymn\/"]}]},{"@type":"ImageObject","inLanguage":"en-GB","@id":"https:\/\/christian-elin.de\/produkt\/prelude-and-hymn\/#primaryimage","url":"https:\/\/christian-elin.de\/wp-content\/uploads\/2021\/05\/prelude-and-hymn.jpg","contentUrl":"https:\/\/christian-elin.de\/wp-content\/uploads\/2021\/05\/prelude-and-hymn.jpg","width":600,"height":600},{"@type":"BreadcrumbList","@id":"https:\/\/christian-elin.de\/produkt\/prelude-and-hymn\/#breadcrumb","itemListElement":[{"@type":"ListItem","position":1,"name":"Startseite","item":"https:\/\/christian-elin.de\/"},{"@type":"ListItem","position":2,"name":"Shop","item":"https:\/\/christian-elin.de\/shop\/"},{"@type":"ListItem","position":3,"name":"Prelude and hymn"}]},{"@type":"WebSite","@id":"https:\/\/christian-elin.de\/#website","url":"https:\/\/christian-elin.de\/","name":"Christian Elin","description":"Saxophon - Komposition - Unterricht","publisher":{"@id":"https:\/\/christian-elin.de\/#\/schema\/person\/806f3270f0951914e5b7314679fd5d02"},"potentialAction":[{"@type":"SearchAction","target":{"@type":"EntryPoint","urlTemplate":"https:\/\/christian-elin.de\/?s={search_term_string}"},"query-input":"required name=search_term_string"}],"inLanguage":"en-GB"},{"@type":["Person","Organization"],"@id":"https:\/\/christian-elin.de\/#\/schema\/person\/806f3270f0951914e5b7314679fd5d02","name":"Christian Elin","image":{"@type":"ImageObject","inLanguage":"en-GB","@id":"https:\/\/christian-elin.de\/#\/schema\/person\/image\/","url":"https:\/\/christian-elin.de\/wp-content\/uploads\/2020\/09\/Elin-Logo.svg","contentUrl":"https:\/\/christian-elin.de\/wp-content\/uploads\/2020\/09\/Elin-Logo.svg","width":1,"height":1,"caption":"Christian Elin"},"logo":{"@id":"https:\/\/christian-elin.de\/#\/schema\/person\/image\/"}}]}},"_links":{"self":[{"href":"https:\/\/christian-elin.de\/en\/wp-json\/wp\/v2\/product\/2248"}],"collection":[{"href":"https:\/\/christian-elin.de\/en\/wp-json\/wp\/v2\/product"}],"about":[{"href":"https:\/\/christian-elin.de\/en\/wp-json\/wp\/v2\/types\/product"}],"version-history":[{"count":13,"href":"https:\/\/christian-elin.de\/en\/wp-json\/wp\/v2\/product\/2248\/revisions"}],"predecessor-version":[{"id":4247,"href":"https:\/\/christian-elin.de\/en\/wp-json\/wp\/v2\/product\/2248\/revisions\/4247"}],"wp:featuredmedia":[{"embeddable":true,"href":"https:\/\/christian-elin.de\/en\/wp-json\/wp\/v2\/media\/2251"}],"wp:attachment":[{"href":"https:\/\/christian-elin.de\/en\/wp-json\/wp\/v2\/media?parent=2248"}],"wp:term":[{"taxonomy":"product_cat","embeddable":true,"href":"https:\/\/christian-elin.de\/en\/wp-json\/wp\/v2\/product_cat?post=2248"},{"taxonomy":"product_tag","embeddable":true,"href":"https:\/\/christian-elin.de\/en\/wp-json\/wp\/v2\/product_tag?post=2248"}],"curies":[{"name":"wp","href":"https:\/\/api.w.org\/{rel}","templated":true}]}}