{"id":2253,"date":"2021-05-24T21:41:14","date_gmt":"2021-05-24T19:41:14","guid":{"rendered":"https:\/\/christian-elin.de\/?post_type=product&#038;p=2253"},"modified":"2021-08-02T20:24:49","modified_gmt":"2021-08-02T18:24:49","slug":"streaming","status":"publish","type":"product","link":"https:\/\/christian-elin.de\/en\/product\/streaming\/","title":{"rendered":"Streaming"},"content":{"rendered":"<!--[if lt IE 9]><script>document.createElement('audio');<\/script><![endif]-->\n<audio class=\"wp-audio-shortcode\" id=\"audio-2253-1\" preload=\"none\" style=\"width: 100%;\" controls=\"controls\"><source type=\"audio\/mpeg\" src=\"https:\/\/christian-elin.de\/wp-content\/uploads\/2021\/05\/streaming_web.mp3?_=1\" \/><a href=\"https:\/\/christian-elin.de\/wp-content\/uploads\/2021\/05\/streaming_web.mp3\">https:\/\/christian-elin.de\/wp-content\/uploads\/2021\/05\/streaming_web.mp3<\/a><\/audio>","protected":false},"excerpt":{"rendered":"<p>for soprano saxophone solo<br \/>\nDuration: 12\u201900<br \/>\nYear: 2007<\/p>\n<p>When I composed the piece in 2007, the possibility of streaming a concert, film or piece of music was still in its infancy. I didn\u2019t even have digital \u201cStreaming\u201d in mind when I chose a name for this piece and for the title of the CD. Much more decisive were thoughts about the stream of consciousness, a river or the term \u201cpanta rhei\u201d, \u201ceverything flows\u201d. The orchestral work \"WAVES\" later developed from this piece.<br \/>\nAus dem St\u00fcck entwickelte sich sp\u00e4ter das Orchesterwerk \u201eWAVES\u201c.<\/p>","protected":false},"featured_media":2256,"template":"","meta":[],"product_cat":[44],"product_tag":[],"yoast_head":"<!-- This site is optimized with the Yoast SEO plugin v22.4 - https:\/\/yoast.com\/wordpress\/plugins\/seo\/ -->\n<title>Streaming &#8226; Christian Elin<\/title>\n<meta name=\"robots\" content=\"index, follow, max-snippet:-1, max-image-preview:large, max-video-preview:-1\" \/>\n<link rel=\"canonical\" href=\"https:\/\/christian-elin.de\/en\/product\/streaming\/\" \/>\n<meta property=\"og:locale\" content=\"en_GB\" \/>\n<meta property=\"og:type\" content=\"article\" \/>\n<meta property=\"og:title\" content=\"Streaming &#8226; Christian Elin\" \/>\n<meta property=\"og:description\" content=\"f\u00fcr Sopransaxophon solo Dauer: 12&#039;00 Jahr: 2007  Als ich das St\u00fcck 2007 komponierte, steckte das streamen eines Konzertes, Films oder Musikst\u00fcckes noch in den Kinderschuhen. An das digitale \u201estreamen\u201c hatte ich allerdings gar nicht gedacht, als ich dem St\u00fcck und der gleichnamigen CD diesen Titel gab. Viel eher an den Strom des Bewu\u00dftseins, an einen Flu\u00df oder den Begriff \u201epanta rhei\u201c, \u201ealles flie\u00dft\u201c. Aus dem St\u00fcck entwickelte sich sp\u00e4ter das Orchesterwerk \u201eWAVES\u201c.\" \/>\n<meta property=\"og:url\" content=\"https:\/\/christian-elin.de\/en\/product\/streaming\/\" \/>\n<meta property=\"og:site_name\" content=\"Christian Elin\" \/>\n<meta property=\"article:modified_time\" content=\"2021-08-02T18:24:49+00:00\" \/>\n<meta property=\"og:image\" content=\"https:\/\/christian-elin.de\/wp-content\/uploads\/2021\/05\/streaming.jpg\" \/>\n\t<meta property=\"og:image:width\" content=\"600\" \/>\n\t<meta property=\"og:image:height\" content=\"600\" \/>\n\t<meta property=\"og:image:type\" content=\"image\/jpeg\" \/>\n<meta name=\"twitter:card\" content=\"summary_large_image\" \/>\n<script type=\"application\/ld+json\" class=\"yoast-schema-graph\">{\"@context\":\"https:\/\/schema.org\",\"@graph\":[{\"@type\":\"WebPage\",\"@id\":\"https:\/\/christian-elin.de\/produkt\/streaming\/\",\"url\":\"https:\/\/christian-elin.de\/produkt\/streaming\/\",\"name\":\"Streaming &#8226; Christian Elin\",\"isPartOf\":{\"@id\":\"https:\/\/christian-elin.de\/#website\"},\"primaryImageOfPage\":{\"@id\":\"https:\/\/christian-elin.de\/produkt\/streaming\/#primaryimage\"},\"image\":{\"@id\":\"https:\/\/christian-elin.de\/produkt\/streaming\/#primaryimage\"},\"thumbnailUrl\":\"https:\/\/christian-elin.de\/wp-content\/uploads\/2021\/05\/streaming.jpg\",\"datePublished\":\"2021-05-24T19:41:14+00:00\",\"dateModified\":\"2021-08-02T18:24:49+00:00\",\"breadcrumb\":{\"@id\":\"https:\/\/christian-elin.de\/produkt\/streaming\/#breadcrumb\"},\"inLanguage\":\"en-GB\",\"potentialAction\":[{\"@type\":\"ReadAction\",\"target\":[\"https:\/\/christian-elin.de\/produkt\/streaming\/\"]}]},{\"@type\":\"ImageObject\",\"inLanguage\":\"en-GB\",\"@id\":\"https:\/\/christian-elin.de\/produkt\/streaming\/#primaryimage\",\"url\":\"https:\/\/christian-elin.de\/wp-content\/uploads\/2021\/05\/streaming.jpg\",\"contentUrl\":\"https:\/\/christian-elin.de\/wp-content\/uploads\/2021\/05\/streaming.jpg\",\"width\":600,\"height\":600},{\"@type\":\"BreadcrumbList\",\"@id\":\"https:\/\/christian-elin.de\/produkt\/streaming\/#breadcrumb\",\"itemListElement\":[{\"@type\":\"ListItem\",\"position\":1,\"name\":\"Startseite\",\"item\":\"https:\/\/christian-elin.de\/\"},{\"@type\":\"ListItem\",\"position\":2,\"name\":\"Shop\",\"item\":\"https:\/\/christian-elin.de\/shop\/\"},{\"@type\":\"ListItem\",\"position\":3,\"name\":\"Streaming\"}]},{\"@type\":\"WebSite\",\"@id\":\"https:\/\/christian-elin.de\/#website\",\"url\":\"https:\/\/christian-elin.de\/\",\"name\":\"Christian Elin\",\"description\":\"Saxophon - Komposition - Unterricht\",\"publisher\":{\"@id\":\"https:\/\/christian-elin.de\/#\/schema\/person\/806f3270f0951914e5b7314679fd5d02\"},\"potentialAction\":[{\"@type\":\"SearchAction\",\"target\":{\"@type\":\"EntryPoint\",\"urlTemplate\":\"https:\/\/christian-elin.de\/?s={search_term_string}\"},\"query-input\":\"required name=search_term_string\"}],\"inLanguage\":\"en-GB\"},{\"@type\":[\"Person\",\"Organization\"],\"@id\":\"https:\/\/christian-elin.de\/#\/schema\/person\/806f3270f0951914e5b7314679fd5d02\",\"name\":\"Christian Elin\",\"image\":{\"@type\":\"ImageObject\",\"inLanguage\":\"en-GB\",\"@id\":\"https:\/\/christian-elin.de\/#\/schema\/person\/image\/\",\"url\":\"https:\/\/christian-elin.de\/wp-content\/uploads\/2020\/09\/Elin-Logo.svg\",\"contentUrl\":\"https:\/\/christian-elin.de\/wp-content\/uploads\/2020\/09\/Elin-Logo.svg\",\"width\":1,\"height\":1,\"caption\":\"Christian Elin\"},\"logo\":{\"@id\":\"https:\/\/christian-elin.de\/#\/schema\/person\/image\/\"}}]}<\/script>\n<!-- \/ Yoast SEO plugin. -->","yoast_head_json":{"title":"Streaming &#8226; Christian Elin","robots":{"index":"index","follow":"follow","max-snippet":"max-snippet:-1","max-image-preview":"max-image-preview:large","max-video-preview":"max-video-preview:-1"},"canonical":"https:\/\/christian-elin.de\/en\/product\/streaming\/","og_locale":"en_GB","og_type":"article","og_title":"Streaming &#8226; Christian Elin","og_description":"f\u00fcr Sopransaxophon solo Dauer: 12'00 Jahr: 2007  Als ich das St\u00fcck 2007 komponierte, steckte das streamen eines Konzertes, Films oder Musikst\u00fcckes noch in den Kinderschuhen. An das digitale \u201estreamen\u201c hatte ich allerdings gar nicht gedacht, als ich dem St\u00fcck und der gleichnamigen CD diesen Titel gab. Viel eher an den Strom des Bewu\u00dftseins, an einen Flu\u00df oder den Begriff \u201epanta rhei\u201c, \u201ealles flie\u00dft\u201c. Aus dem St\u00fcck entwickelte sich sp\u00e4ter das Orchesterwerk \u201eWAVES\u201c.","og_url":"https:\/\/christian-elin.de\/en\/product\/streaming\/","og_site_name":"Christian Elin","article_modified_time":"2021-08-02T18:24:49+00:00","og_image":[{"width":600,"height":600,"url":"https:\/\/christian-elin.de\/wp-content\/uploads\/2021\/05\/streaming.jpg","type":"image\/jpeg"}],"twitter_card":"summary_large_image","schema":{"@context":"https:\/\/schema.org","@graph":[{"@type":"WebPage","@id":"https:\/\/christian-elin.de\/produkt\/streaming\/","url":"https:\/\/christian-elin.de\/produkt\/streaming\/","name":"Streaming &#8226; Christian Elin","isPartOf":{"@id":"https:\/\/christian-elin.de\/#website"},"primaryImageOfPage":{"@id":"https:\/\/christian-elin.de\/produkt\/streaming\/#primaryimage"},"image":{"@id":"https:\/\/christian-elin.de\/produkt\/streaming\/#primaryimage"},"thumbnailUrl":"https:\/\/christian-elin.de\/wp-content\/uploads\/2021\/05\/streaming.jpg","datePublished":"2021-05-24T19:41:14+00:00","dateModified":"2021-08-02T18:24:49+00:00","breadcrumb":{"@id":"https:\/\/christian-elin.de\/produkt\/streaming\/#breadcrumb"},"inLanguage":"en-GB","potentialAction":[{"@type":"ReadAction","target":["https:\/\/christian-elin.de\/produkt\/streaming\/"]}]},{"@type":"ImageObject","inLanguage":"en-GB","@id":"https:\/\/christian-elin.de\/produkt\/streaming\/#primaryimage","url":"https:\/\/christian-elin.de\/wp-content\/uploads\/2021\/05\/streaming.jpg","contentUrl":"https:\/\/christian-elin.de\/wp-content\/uploads\/2021\/05\/streaming.jpg","width":600,"height":600},{"@type":"BreadcrumbList","@id":"https:\/\/christian-elin.de\/produkt\/streaming\/#breadcrumb","itemListElement":[{"@type":"ListItem","position":1,"name":"Startseite","item":"https:\/\/christian-elin.de\/"},{"@type":"ListItem","position":2,"name":"Shop","item":"https:\/\/christian-elin.de\/shop\/"},{"@type":"ListItem","position":3,"name":"Streaming"}]},{"@type":"WebSite","@id":"https:\/\/christian-elin.de\/#website","url":"https:\/\/christian-elin.de\/","name":"Christian Elin","description":"Saxophon - Komposition - Unterricht","publisher":{"@id":"https:\/\/christian-elin.de\/#\/schema\/person\/806f3270f0951914e5b7314679fd5d02"},"potentialAction":[{"@type":"SearchAction","target":{"@type":"EntryPoint","urlTemplate":"https:\/\/christian-elin.de\/?s={search_term_string}"},"query-input":"required name=search_term_string"}],"inLanguage":"en-GB"},{"@type":["Person","Organization"],"@id":"https:\/\/christian-elin.de\/#\/schema\/person\/806f3270f0951914e5b7314679fd5d02","name":"Christian Elin","image":{"@type":"ImageObject","inLanguage":"en-GB","@id":"https:\/\/christian-elin.de\/#\/schema\/person\/image\/","url":"https:\/\/christian-elin.de\/wp-content\/uploads\/2020\/09\/Elin-Logo.svg","contentUrl":"https:\/\/christian-elin.de\/wp-content\/uploads\/2020\/09\/Elin-Logo.svg","width":1,"height":1,"caption":"Christian Elin"},"logo":{"@id":"https:\/\/christian-elin.de\/#\/schema\/person\/image\/"}}]}},"_links":{"self":[{"href":"https:\/\/christian-elin.de\/en\/wp-json\/wp\/v2\/product\/2253"}],"collection":[{"href":"https:\/\/christian-elin.de\/en\/wp-json\/wp\/v2\/product"}],"about":[{"href":"https:\/\/christian-elin.de\/en\/wp-json\/wp\/v2\/types\/product"}],"version-history":[{"count":4,"href":"https:\/\/christian-elin.de\/en\/wp-json\/wp\/v2\/product\/2253\/revisions"}],"predecessor-version":[{"id":4246,"href":"https:\/\/christian-elin.de\/en\/wp-json\/wp\/v2\/product\/2253\/revisions\/4246"}],"wp:featuredmedia":[{"embeddable":true,"href":"https:\/\/christian-elin.de\/en\/wp-json\/wp\/v2\/media\/2256"}],"wp:attachment":[{"href":"https:\/\/christian-elin.de\/en\/wp-json\/wp\/v2\/media?parent=2253"}],"wp:term":[{"taxonomy":"product_cat","embeddable":true,"href":"https:\/\/christian-elin.de\/en\/wp-json\/wp\/v2\/product_cat?post=2253"},{"taxonomy":"product_tag","embeddable":true,"href":"https:\/\/christian-elin.de\/en\/wp-json\/wp\/v2\/product_tag?post=2253"}],"curies":[{"name":"wp","href":"https:\/\/api.w.org\/{rel}","templated":true}]}}