{"id":2261,"date":"2021-05-24T21:49:29","date_gmt":"2021-05-24T19:49:29","guid":{"rendered":"https:\/\/christian-elin.de\/?post_type=product&#038;p=2261"},"modified":"2021-08-02T20:24:43","modified_gmt":"2021-08-02T18:24:43","slug":"japanese-garden","status":"publish","type":"product","link":"https:\/\/christian-elin.de\/en\/product\/japanese-garden\/","title":{"rendered":"Japanese Garden"},"content":{"rendered":"","protected":false},"excerpt":{"rendered":"<p>for alto flute and piano<br \/>\nDuration: 12\u201900<br \/>\nYear: 2020<\/p>\n<p class=\" translation-block\">One of my favourite places in Augsburg is the Japanese garden in the botanical garden. It was created by gardeners from Nagahama and Amagasaki. Walking through a Japanese garden, so the philosophy, is like walking through the seasons or through one whole life. So, I composed the four parts each in one of the four seasons, that is in March, June, September and December respectively. The sounds of the alto flute give the piece its special mystical, Far Eastern character.<\/p>","protected":false},"featured_media":2264,"template":"","meta":[],"product_cat":[58],"product_tag":[],"yoast_head":"<!-- This site is optimized with the Yoast SEO plugin v22.4 - https:\/\/yoast.com\/wordpress\/plugins\/seo\/ -->\n<title>Japanese Garden &#8226; Christian Elin<\/title>\n<meta name=\"robots\" content=\"index, follow, max-snippet:-1, max-image-preview:large, max-video-preview:-1\" \/>\n<link rel=\"canonical\" href=\"https:\/\/christian-elin.de\/en\/product\/japanese-garden\/\" \/>\n<meta property=\"og:locale\" content=\"en_GB\" \/>\n<meta property=\"og:type\" content=\"article\" \/>\n<meta property=\"og:title\" content=\"Japanese Garden &#8226; Christian Elin\" \/>\n<meta property=\"og:description\" content=\"f\u00fcr Altquerfl\u00f6te und Klavier Dauer: 12&#039;00 Jahr: 2020  Einer meiner Lieblingspl\u00e4tze in Augsburg ist der Japangarten im Botanischen Garten. Er wurde von G\u00e4rtnern aus Nagahama und Amagasaki angelegt. Das Durchschreiten eines Japangartens, so die Philosophie, gleicht dem Durchschreiten der Jahreszeiten bzw. eines ganzen Lebens. So komponierte ich die vier Teile jeweils in einer der vier Jahreszeiten, also im M\u00e4rz, Juni, September und Dezember. Die Kl\u00e4nge der Altquerfl\u00f6te geben dem St\u00fcck seinen besonderen mystisch-fern\u00f6stlichen Charakter.\" \/>\n<meta property=\"og:url\" content=\"https:\/\/christian-elin.de\/en\/product\/japanese-garden\/\" \/>\n<meta property=\"og:site_name\" content=\"Christian Elin\" \/>\n<meta property=\"article:modified_time\" content=\"2021-08-02T18:24:43+00:00\" \/>\n<meta property=\"og:image\" content=\"https:\/\/christian-elin.de\/wp-content\/uploads\/2021\/05\/Japanese-garden.jpg\" \/>\n\t<meta property=\"og:image:width\" content=\"600\" \/>\n\t<meta property=\"og:image:height\" content=\"600\" \/>\n\t<meta property=\"og:image:type\" content=\"image\/jpeg\" \/>\n<meta name=\"twitter:card\" content=\"summary_large_image\" \/>\n<script type=\"application\/ld+json\" class=\"yoast-schema-graph\">{\"@context\":\"https:\/\/schema.org\",\"@graph\":[{\"@type\":\"WebPage\",\"@id\":\"https:\/\/christian-elin.de\/produkt\/japanese-garden\/\",\"url\":\"https:\/\/christian-elin.de\/produkt\/japanese-garden\/\",\"name\":\"Japanese Garden &#8226; Christian Elin\",\"isPartOf\":{\"@id\":\"https:\/\/christian-elin.de\/#website\"},\"primaryImageOfPage\":{\"@id\":\"https:\/\/christian-elin.de\/produkt\/japanese-garden\/#primaryimage\"},\"image\":{\"@id\":\"https:\/\/christian-elin.de\/produkt\/japanese-garden\/#primaryimage\"},\"thumbnailUrl\":\"https:\/\/christian-elin.de\/wp-content\/uploads\/2021\/05\/Japanese-garden.jpg\",\"datePublished\":\"2021-05-24T19:49:29+00:00\",\"dateModified\":\"2021-08-02T18:24:43+00:00\",\"breadcrumb\":{\"@id\":\"https:\/\/christian-elin.de\/produkt\/japanese-garden\/#breadcrumb\"},\"inLanguage\":\"en-GB\",\"potentialAction\":[{\"@type\":\"ReadAction\",\"target\":[\"https:\/\/christian-elin.de\/produkt\/japanese-garden\/\"]}]},{\"@type\":\"ImageObject\",\"inLanguage\":\"en-GB\",\"@id\":\"https:\/\/christian-elin.de\/produkt\/japanese-garden\/#primaryimage\",\"url\":\"https:\/\/christian-elin.de\/wp-content\/uploads\/2021\/05\/Japanese-garden.jpg\",\"contentUrl\":\"https:\/\/christian-elin.de\/wp-content\/uploads\/2021\/05\/Japanese-garden.jpg\",\"width\":600,\"height\":600},{\"@type\":\"BreadcrumbList\",\"@id\":\"https:\/\/christian-elin.de\/produkt\/japanese-garden\/#breadcrumb\",\"itemListElement\":[{\"@type\":\"ListItem\",\"position\":1,\"name\":\"Startseite\",\"item\":\"https:\/\/christian-elin.de\/\"},{\"@type\":\"ListItem\",\"position\":2,\"name\":\"Shop\",\"item\":\"https:\/\/christian-elin.de\/shop\/\"},{\"@type\":\"ListItem\",\"position\":3,\"name\":\"Japanese Garden\"}]},{\"@type\":\"WebSite\",\"@id\":\"https:\/\/christian-elin.de\/#website\",\"url\":\"https:\/\/christian-elin.de\/\",\"name\":\"Christian Elin\",\"description\":\"Saxophon - Komposition - Unterricht\",\"publisher\":{\"@id\":\"https:\/\/christian-elin.de\/#\/schema\/person\/806f3270f0951914e5b7314679fd5d02\"},\"potentialAction\":[{\"@type\":\"SearchAction\",\"target\":{\"@type\":\"EntryPoint\",\"urlTemplate\":\"https:\/\/christian-elin.de\/?s={search_term_string}\"},\"query-input\":\"required name=search_term_string\"}],\"inLanguage\":\"en-GB\"},{\"@type\":[\"Person\",\"Organization\"],\"@id\":\"https:\/\/christian-elin.de\/#\/schema\/person\/806f3270f0951914e5b7314679fd5d02\",\"name\":\"Christian Elin\",\"image\":{\"@type\":\"ImageObject\",\"inLanguage\":\"en-GB\",\"@id\":\"https:\/\/christian-elin.de\/#\/schema\/person\/image\/\",\"url\":\"https:\/\/christian-elin.de\/wp-content\/uploads\/2020\/09\/Elin-Logo.svg\",\"contentUrl\":\"https:\/\/christian-elin.de\/wp-content\/uploads\/2020\/09\/Elin-Logo.svg\",\"width\":1,\"height\":1,\"caption\":\"Christian Elin\"},\"logo\":{\"@id\":\"https:\/\/christian-elin.de\/#\/schema\/person\/image\/\"}}]}<\/script>\n<!-- \/ Yoast SEO plugin. -->","yoast_head_json":{"title":"Japanese Garden &#8226; Christian Elin","robots":{"index":"index","follow":"follow","max-snippet":"max-snippet:-1","max-image-preview":"max-image-preview:large","max-video-preview":"max-video-preview:-1"},"canonical":"https:\/\/christian-elin.de\/en\/product\/japanese-garden\/","og_locale":"en_GB","og_type":"article","og_title":"Japanese Garden &#8226; Christian Elin","og_description":"f\u00fcr Altquerfl\u00f6te und Klavier Dauer: 12'00 Jahr: 2020  Einer meiner Lieblingspl\u00e4tze in Augsburg ist der Japangarten im Botanischen Garten. Er wurde von G\u00e4rtnern aus Nagahama und Amagasaki angelegt. Das Durchschreiten eines Japangartens, so die Philosophie, gleicht dem Durchschreiten der Jahreszeiten bzw. eines ganzen Lebens. So komponierte ich die vier Teile jeweils in einer der vier Jahreszeiten, also im M\u00e4rz, Juni, September und Dezember. Die Kl\u00e4nge der Altquerfl\u00f6te geben dem St\u00fcck seinen besonderen mystisch-fern\u00f6stlichen Charakter.","og_url":"https:\/\/christian-elin.de\/en\/product\/japanese-garden\/","og_site_name":"Christian Elin","article_modified_time":"2021-08-02T18:24:43+00:00","og_image":[{"width":600,"height":600,"url":"https:\/\/christian-elin.de\/wp-content\/uploads\/2021\/05\/Japanese-garden.jpg","type":"image\/jpeg"}],"twitter_card":"summary_large_image","schema":{"@context":"https:\/\/schema.org","@graph":[{"@type":"WebPage","@id":"https:\/\/christian-elin.de\/produkt\/japanese-garden\/","url":"https:\/\/christian-elin.de\/produkt\/japanese-garden\/","name":"Japanese Garden &#8226; Christian Elin","isPartOf":{"@id":"https:\/\/christian-elin.de\/#website"},"primaryImageOfPage":{"@id":"https:\/\/christian-elin.de\/produkt\/japanese-garden\/#primaryimage"},"image":{"@id":"https:\/\/christian-elin.de\/produkt\/japanese-garden\/#primaryimage"},"thumbnailUrl":"https:\/\/christian-elin.de\/wp-content\/uploads\/2021\/05\/Japanese-garden.jpg","datePublished":"2021-05-24T19:49:29+00:00","dateModified":"2021-08-02T18:24:43+00:00","breadcrumb":{"@id":"https:\/\/christian-elin.de\/produkt\/japanese-garden\/#breadcrumb"},"inLanguage":"en-GB","potentialAction":[{"@type":"ReadAction","target":["https:\/\/christian-elin.de\/produkt\/japanese-garden\/"]}]},{"@type":"ImageObject","inLanguage":"en-GB","@id":"https:\/\/christian-elin.de\/produkt\/japanese-garden\/#primaryimage","url":"https:\/\/christian-elin.de\/wp-content\/uploads\/2021\/05\/Japanese-garden.jpg","contentUrl":"https:\/\/christian-elin.de\/wp-content\/uploads\/2021\/05\/Japanese-garden.jpg","width":600,"height":600},{"@type":"BreadcrumbList","@id":"https:\/\/christian-elin.de\/produkt\/japanese-garden\/#breadcrumb","itemListElement":[{"@type":"ListItem","position":1,"name":"Startseite","item":"https:\/\/christian-elin.de\/"},{"@type":"ListItem","position":2,"name":"Shop","item":"https:\/\/christian-elin.de\/shop\/"},{"@type":"ListItem","position":3,"name":"Japanese Garden"}]},{"@type":"WebSite","@id":"https:\/\/christian-elin.de\/#website","url":"https:\/\/christian-elin.de\/","name":"Christian Elin","description":"Saxophon - Komposition - Unterricht","publisher":{"@id":"https:\/\/christian-elin.de\/#\/schema\/person\/806f3270f0951914e5b7314679fd5d02"},"potentialAction":[{"@type":"SearchAction","target":{"@type":"EntryPoint","urlTemplate":"https:\/\/christian-elin.de\/?s={search_term_string}"},"query-input":"required name=search_term_string"}],"inLanguage":"en-GB"},{"@type":["Person","Organization"],"@id":"https:\/\/christian-elin.de\/#\/schema\/person\/806f3270f0951914e5b7314679fd5d02","name":"Christian Elin","image":{"@type":"ImageObject","inLanguage":"en-GB","@id":"https:\/\/christian-elin.de\/#\/schema\/person\/image\/","url":"https:\/\/christian-elin.de\/wp-content\/uploads\/2020\/09\/Elin-Logo.svg","contentUrl":"https:\/\/christian-elin.de\/wp-content\/uploads\/2020\/09\/Elin-Logo.svg","width":1,"height":1,"caption":"Christian Elin"},"logo":{"@id":"https:\/\/christian-elin.de\/#\/schema\/person\/image\/"}}]}},"_links":{"self":[{"href":"https:\/\/christian-elin.de\/en\/wp-json\/wp\/v2\/product\/2261"}],"collection":[{"href":"https:\/\/christian-elin.de\/en\/wp-json\/wp\/v2\/product"}],"about":[{"href":"https:\/\/christian-elin.de\/en\/wp-json\/wp\/v2\/types\/product"}],"version-history":[{"count":4,"href":"https:\/\/christian-elin.de\/en\/wp-json\/wp\/v2\/product\/2261\/revisions"}],"predecessor-version":[{"id":4245,"href":"https:\/\/christian-elin.de\/en\/wp-json\/wp\/v2\/product\/2261\/revisions\/4245"}],"wp:featuredmedia":[{"embeddable":true,"href":"https:\/\/christian-elin.de\/en\/wp-json\/wp\/v2\/media\/2264"}],"wp:attachment":[{"href":"https:\/\/christian-elin.de\/en\/wp-json\/wp\/v2\/media?parent=2261"}],"wp:term":[{"taxonomy":"product_cat","embeddable":true,"href":"https:\/\/christian-elin.de\/en\/wp-json\/wp\/v2\/product_cat?post=2261"},{"taxonomy":"product_tag","embeddable":true,"href":"https:\/\/christian-elin.de\/en\/wp-json\/wp\/v2\/product_tag?post=2261"}],"curies":[{"name":"wp","href":"https:\/\/api.w.org\/{rel}","templated":true}]}}