{"id":2291,"date":"2021-05-24T22:07:35","date_gmt":"2021-05-24T20:07:35","guid":{"rendered":"https:\/\/christian-elin.de\/?post_type=product&#038;p=2291"},"modified":"2021-08-02T20:24:03","modified_gmt":"2021-08-02T18:24:03","slug":"istanbul","status":"publish","type":"product","link":"https:\/\/christian-elin.de\/en\/product\/istanbul\/","title":{"rendered":"Istanbul"},"content":{"rendered":"<div data-elementor-type=\"product-post\" data-elementor-id=\"2291\" class=\"elementor elementor-2291\" data-elementor-post-type=\"product\">\n\t\t\t\t\t\t<section class=\"elementor-section elementor-top-section elementor-element elementor-element-1b02457d elementor-section-boxed elementor-section-height-default elementor-section-height-default\" data-id=\"1b02457d\" data-element_type=\"section\">\n\t\t\t\t\t\t<div class=\"elementor-container elementor-column-gap-default\">\n\t\t\t\t\t<div class=\"elementor-column elementor-col-100 elementor-top-column elementor-element elementor-element-7700b9e3\" data-id=\"7700b9e3\" data-element_type=\"column\">\n\t\t\t<div class=\"elementor-widget-wrap elementor-element-populated\">\n\t\t\t\t\t\t<div class=\"elementor-element elementor-element-a853285 elementor-widget elementor-widget-video\" data-id=\"a853285\" data-element_type=\"widget\" data-settings=\"{&quot;youtube_url&quot;:&quot;https:\\\/\\\/www.youtube.com\\\/watch?v=e4dswDzTzOE&amp;ab_channel=DuoElin-Sakas&quot;,&quot;show_image_overlay&quot;:&quot;yes&quot;,&quot;image_overlay&quot;:{&quot;url&quot;:&quot;https:\\\/\\\/christian-elin.de\\\/wp-content\\\/uploads\\\/2021\\\/07\\\/Istanbul.jpg&quot;,&quot;id&quot;:3574,&quot;size&quot;:&quot;&quot;},&quot;lightbox&quot;:&quot;yes&quot;,&quot;video_type&quot;:&quot;youtube&quot;,&quot;controls&quot;:&quot;yes&quot;}\" data-widget_type=\"video.default\">\n\t\t\t\t<div class=\"elementor-widget-container\">\n\t\t\t\t\t<div class=\"elementor-wrapper elementor-open-lightbox\">\n\t\t\t\t\t\t\t<div class=\"elementor-custom-embed-image-overlay\" data-elementor-open-lightbox=\"yes\" data-elementor-lightbox=\"{&quot;type&quot;:&quot;video&quot;,&quot;videoType&quot;:&quot;youtube&quot;,&quot;url&quot;:&quot;https:\\\/\\\/www.youtube.com\\\/embed\\\/e4dswDzTzOE?feature=oembed&amp;start&amp;end&amp;wmode=opaque&amp;loop=0&amp;controls=1&amp;mute=0&amp;rel=0&amp;modestbranding=0&quot;,&quot;modalOptions&quot;:{&quot;id&quot;:&quot;elementor-lightbox-a853285&quot;,&quot;entranceAnimation&quot;:&quot;&quot;,&quot;entranceAnimation_tablet&quot;:&quot;&quot;,&quot;entranceAnimation_mobile&quot;:&quot;&quot;,&quot;videoAspectRatio&quot;:&quot;169&quot;}}\" data-e-action-hash=\"#elementor-action%3Aaction%3Dlightbox%26settings%3DeyJ0eXBlIjoidmlkZW8iLCJ2aWRlb1R5cGUiOiJ5b3V0dWJlIiwidXJsIjoiaHR0cHM6XC9cL3d3dy55b3V0dWJlLmNvbVwvZW1iZWRcL2U0ZHN3RHpUek9FP2ZlYXR1cmU9b2VtYmVkJnN0YXJ0JmVuZCZ3bW9kZT1vcGFxdWUmbG9vcD0wJmNvbnRyb2xzPTEmbXV0ZT0wJnJlbD0wJm1vZGVzdGJyYW5kaW5nPTAiLCJtb2RhbE9wdGlvbnMiOnsiaWQiOiJlbGVtZW50b3ItbGlnaHRib3gtYTg1MzI4NSIsImVudHJhbmNlQW5pbWF0aW9uIjoiIiwiZW50cmFuY2VBbmltYXRpb25fdGFibGV0IjoiIiwiZW50cmFuY2VBbmltYXRpb25fbW9iaWxlIjoiIiwidmlkZW9Bc3BlY3RSYXRpbyI6IjE2OSJ9fQ%3D%3D\">\n\t\t\t\t\t\t\t\t\t\t\t<img fetchpriority=\"high\" decoding=\"async\" width=\"320\" height=\"180\" src=\"https:\/\/christian-elin.de\/wp-content\/uploads\/2021\/07\/Istanbul.jpg\" class=\"attachment-full size-full wp-image-3574\" alt=\"\" srcset=\"https:\/\/christian-elin.de\/wp-content\/uploads\/2021\/07\/Istanbul.jpg 320w, https:\/\/christian-elin.de\/wp-content\/uploads\/2021\/07\/Istanbul-300x169.jpg 300w, https:\/\/christian-elin.de\/wp-content\/uploads\/2021\/07\/Istanbul-16x9.jpg 16w\" sizes=\"(max-width: 320px) 100vw, 320px\" \/>\t\t\t\t\t\t\t\t\t\t\t\t\t\t\t\t<div class=\"elementor-custom-embed-play\" role=\"button\" aria-label=\"Play Video\" tabindex=\"0\">\n\t\t\t\t\t\t\t<i aria-hidden=\"true\" class=\"eicon-play\"><\/i>\t\t\t\t\t\t\t<span class=\"elementor-screen-only\">Play Video<\/span>\n\t\t\t\t\t\t<\/div>\n\t\t\t\t\t\t\t\t\t<\/div>\n\t\t\t\t\t<\/div>\n\t\t\t\t<\/div>\n\t\t\t\t<\/div>\n\t\t\t\t\t<\/div>\n\t\t<\/div>\n\t\t\t\t\t<\/div>\n\t\t<\/section>\n\t\t\t\t<\/div>","protected":false},"excerpt":{"rendered":"<p>for bass clarinet and piano<br \/>\nDuration: 8\u201900<br \/>\nYear: 2018<\/p>\n<p>Created before, during and after a stay in the city of contrasts. I tried to put precisely the tension that radiates from this city into tones: that side by side of Europe and Asia, Christianity and Islam, headscarf and jeans, and not least, the tension due to the location on two tectonic plates that meet, making an earthquake possible at any time. In the introduction to the bass clarinet one can sometimes hear the muezzin.<\/p>","protected":false},"featured_media":2293,"template":"","meta":[],"product_cat":[34,45],"product_tag":[],"yoast_head":"<!-- This site is optimized with the Yoast SEO plugin v22.4 - https:\/\/yoast.com\/wordpress\/plugins\/seo\/ -->\n<title>Istanbul &#8226; Christian Elin<\/title>\n<meta name=\"robots\" content=\"index, follow, max-snippet:-1, max-image-preview:large, max-video-preview:-1\" \/>\n<link rel=\"canonical\" href=\"https:\/\/christian-elin.de\/en\/product\/istanbul\/\" \/>\n<meta property=\"og:locale\" content=\"en_GB\" \/>\n<meta property=\"og:type\" content=\"article\" \/>\n<meta property=\"og:title\" content=\"Istanbul &#8226; Christian Elin\" \/>\n<meta property=\"og:description\" content=\"f\u00fcr Bassklarinette und Klavier Dauer: 8&#039;00 Jahr: 2018  Entstanden vor, w\u00e4hrend und nach einem Aufenthalt in der Stadt der Gegens\u00e4tze. Gerade die Spannung, die von dieser Stadt ausstrahlt, habe ich versucht, in T\u00f6ne zu fassen: das Nebeneinander von Europa und Asien, Christentum und Islam, Kopftuch und Jeans, und nicht zuletzt die Spannung aufgrund der Lage zweier aufeinandertreffender tektonischer Platten, die ein Erdbeben zu jeder Zeit m\u00f6glich machen. In der Einleitung der Bassklarinette kann man manchmal den Muezzin h\u00f6ren.\" \/>\n<meta property=\"og:url\" content=\"https:\/\/christian-elin.de\/en\/product\/istanbul\/\" \/>\n<meta property=\"og:site_name\" content=\"Christian Elin\" \/>\n<meta property=\"article:modified_time\" content=\"2021-08-02T18:24:03+00:00\" \/>\n<meta property=\"og:image\" content=\"https:\/\/christian-elin.de\/wp-content\/uploads\/2021\/05\/Istanbul.jpg\" \/>\n\t<meta property=\"og:image:width\" content=\"600\" \/>\n\t<meta property=\"og:image:height\" content=\"600\" \/>\n\t<meta property=\"og:image:type\" content=\"image\/jpeg\" \/>\n<meta name=\"twitter:card\" content=\"summary_large_image\" \/>\n<script type=\"application\/ld+json\" class=\"yoast-schema-graph\">{\"@context\":\"https:\/\/schema.org\",\"@graph\":[{\"@type\":\"WebPage\",\"@id\":\"https:\/\/christian-elin.de\/en\/product\/istanbul\/\",\"url\":\"https:\/\/christian-elin.de\/en\/product\/istanbul\/\",\"name\":\"Istanbul &#8226; Christian Elin\",\"isPartOf\":{\"@id\":\"https:\/\/christian-elin.de\/#website\"},\"primaryImageOfPage\":{\"@id\":\"https:\/\/christian-elin.de\/en\/product\/istanbul\/#primaryimage\"},\"image\":{\"@id\":\"https:\/\/christian-elin.de\/en\/product\/istanbul\/#primaryimage\"},\"thumbnailUrl\":\"https:\/\/christian-elin.de\/wp-content\/uploads\/2021\/05\/Istanbul.jpg\",\"datePublished\":\"2021-05-24T20:07:35+00:00\",\"dateModified\":\"2021-08-02T18:24:03+00:00\",\"breadcrumb\":{\"@id\":\"https:\/\/christian-elin.de\/en\/product\/istanbul\/#breadcrumb\"},\"inLanguage\":\"en-GB\",\"potentialAction\":[{\"@type\":\"ReadAction\",\"target\":[\"https:\/\/christian-elin.de\/en\/product\/istanbul\/\"]}]},{\"@type\":\"ImageObject\",\"inLanguage\":\"en-GB\",\"@id\":\"https:\/\/christian-elin.de\/en\/product\/istanbul\/#primaryimage\",\"url\":\"https:\/\/christian-elin.de\/wp-content\/uploads\/2021\/05\/Istanbul.jpg\",\"contentUrl\":\"https:\/\/christian-elin.de\/wp-content\/uploads\/2021\/05\/Istanbul.jpg\",\"width\":600,\"height\":600},{\"@type\":\"BreadcrumbList\",\"@id\":\"https:\/\/christian-elin.de\/en\/product\/istanbul\/#breadcrumb\",\"itemListElement\":[{\"@type\":\"ListItem\",\"position\":1,\"name\":\"Startseite\",\"item\":\"https:\/\/christian-elin.de\/\"},{\"@type\":\"ListItem\",\"position\":2,\"name\":\"Shop\",\"item\":\"https:\/\/christian-elin.de\/shop\/\"},{\"@type\":\"ListItem\",\"position\":3,\"name\":\"Istanbul\"}]},{\"@type\":\"WebSite\",\"@id\":\"https:\/\/christian-elin.de\/#website\",\"url\":\"https:\/\/christian-elin.de\/\",\"name\":\"Christian Elin\",\"description\":\"Saxophon - Komposition - Unterricht\",\"publisher\":{\"@id\":\"https:\/\/christian-elin.de\/#\/schema\/person\/806f3270f0951914e5b7314679fd5d02\"},\"potentialAction\":[{\"@type\":\"SearchAction\",\"target\":{\"@type\":\"EntryPoint\",\"urlTemplate\":\"https:\/\/christian-elin.de\/?s={search_term_string}\"},\"query-input\":\"required name=search_term_string\"}],\"inLanguage\":\"en-GB\"},{\"@type\":[\"Person\",\"Organization\"],\"@id\":\"https:\/\/christian-elin.de\/#\/schema\/person\/806f3270f0951914e5b7314679fd5d02\",\"name\":\"Christian Elin\",\"image\":{\"@type\":\"ImageObject\",\"inLanguage\":\"en-GB\",\"@id\":\"https:\/\/christian-elin.de\/#\/schema\/person\/image\/\",\"url\":\"https:\/\/christian-elin.de\/wp-content\/uploads\/2020\/09\/Elin-Logo.svg\",\"contentUrl\":\"https:\/\/christian-elin.de\/wp-content\/uploads\/2020\/09\/Elin-Logo.svg\",\"width\":1,\"height\":1,\"caption\":\"Christian Elin\"},\"logo\":{\"@id\":\"https:\/\/christian-elin.de\/#\/schema\/person\/image\/\"}}]}<\/script>\n<!-- \/ Yoast SEO plugin. -->","yoast_head_json":{"title":"Istanbul &#8226; Christian Elin","robots":{"index":"index","follow":"follow","max-snippet":"max-snippet:-1","max-image-preview":"max-image-preview:large","max-video-preview":"max-video-preview:-1"},"canonical":"https:\/\/christian-elin.de\/en\/product\/istanbul\/","og_locale":"en_GB","og_type":"article","og_title":"Istanbul &#8226; Christian Elin","og_description":"f\u00fcr Bassklarinette und Klavier Dauer: 8'00 Jahr: 2018  Entstanden vor, w\u00e4hrend und nach einem Aufenthalt in der Stadt der Gegens\u00e4tze. Gerade die Spannung, die von dieser Stadt ausstrahlt, habe ich versucht, in T\u00f6ne zu fassen: das Nebeneinander von Europa und Asien, Christentum und Islam, Kopftuch und Jeans, und nicht zuletzt die Spannung aufgrund der Lage zweier aufeinandertreffender tektonischer Platten, die ein Erdbeben zu jeder Zeit m\u00f6glich machen. In der Einleitung der Bassklarinette kann man manchmal den Muezzin h\u00f6ren.","og_url":"https:\/\/christian-elin.de\/en\/product\/istanbul\/","og_site_name":"Christian Elin","article_modified_time":"2021-08-02T18:24:03+00:00","og_image":[{"width":600,"height":600,"url":"https:\/\/christian-elin.de\/wp-content\/uploads\/2021\/05\/Istanbul.jpg","type":"image\/jpeg"}],"twitter_card":"summary_large_image","schema":{"@context":"https:\/\/schema.org","@graph":[{"@type":"WebPage","@id":"https:\/\/christian-elin.de\/en\/product\/istanbul\/","url":"https:\/\/christian-elin.de\/en\/product\/istanbul\/","name":"Istanbul &#8226; Christian Elin","isPartOf":{"@id":"https:\/\/christian-elin.de\/#website"},"primaryImageOfPage":{"@id":"https:\/\/christian-elin.de\/en\/product\/istanbul\/#primaryimage"},"image":{"@id":"https:\/\/christian-elin.de\/en\/product\/istanbul\/#primaryimage"},"thumbnailUrl":"https:\/\/christian-elin.de\/wp-content\/uploads\/2021\/05\/Istanbul.jpg","datePublished":"2021-05-24T20:07:35+00:00","dateModified":"2021-08-02T18:24:03+00:00","breadcrumb":{"@id":"https:\/\/christian-elin.de\/en\/product\/istanbul\/#breadcrumb"},"inLanguage":"en-GB","potentialAction":[{"@type":"ReadAction","target":["https:\/\/christian-elin.de\/en\/product\/istanbul\/"]}]},{"@type":"ImageObject","inLanguage":"en-GB","@id":"https:\/\/christian-elin.de\/en\/product\/istanbul\/#primaryimage","url":"https:\/\/christian-elin.de\/wp-content\/uploads\/2021\/05\/Istanbul.jpg","contentUrl":"https:\/\/christian-elin.de\/wp-content\/uploads\/2021\/05\/Istanbul.jpg","width":600,"height":600},{"@type":"BreadcrumbList","@id":"https:\/\/christian-elin.de\/en\/product\/istanbul\/#breadcrumb","itemListElement":[{"@type":"ListItem","position":1,"name":"Startseite","item":"https:\/\/christian-elin.de\/"},{"@type":"ListItem","position":2,"name":"Shop","item":"https:\/\/christian-elin.de\/shop\/"},{"@type":"ListItem","position":3,"name":"Istanbul"}]},{"@type":"WebSite","@id":"https:\/\/christian-elin.de\/#website","url":"https:\/\/christian-elin.de\/","name":"Christian Elin","description":"Saxophon - Komposition - Unterricht","publisher":{"@id":"https:\/\/christian-elin.de\/#\/schema\/person\/806f3270f0951914e5b7314679fd5d02"},"potentialAction":[{"@type":"SearchAction","target":{"@type":"EntryPoint","urlTemplate":"https:\/\/christian-elin.de\/?s={search_term_string}"},"query-input":"required name=search_term_string"}],"inLanguage":"en-GB"},{"@type":["Person","Organization"],"@id":"https:\/\/christian-elin.de\/#\/schema\/person\/806f3270f0951914e5b7314679fd5d02","name":"Christian Elin","image":{"@type":"ImageObject","inLanguage":"en-GB","@id":"https:\/\/christian-elin.de\/#\/schema\/person\/image\/","url":"https:\/\/christian-elin.de\/wp-content\/uploads\/2020\/09\/Elin-Logo.svg","contentUrl":"https:\/\/christian-elin.de\/wp-content\/uploads\/2020\/09\/Elin-Logo.svg","width":1,"height":1,"caption":"Christian Elin"},"logo":{"@id":"https:\/\/christian-elin.de\/#\/schema\/person\/image\/"}}]}},"_links":{"self":[{"href":"https:\/\/christian-elin.de\/en\/wp-json\/wp\/v2\/product\/2291"}],"collection":[{"href":"https:\/\/christian-elin.de\/en\/wp-json\/wp\/v2\/product"}],"about":[{"href":"https:\/\/christian-elin.de\/en\/wp-json\/wp\/v2\/types\/product"}],"version-history":[{"count":9,"href":"https:\/\/christian-elin.de\/en\/wp-json\/wp\/v2\/product\/2291\/revisions"}],"predecessor-version":[{"id":4243,"href":"https:\/\/christian-elin.de\/en\/wp-json\/wp\/v2\/product\/2291\/revisions\/4243"}],"wp:featuredmedia":[{"embeddable":true,"href":"https:\/\/christian-elin.de\/en\/wp-json\/wp\/v2\/media\/2293"}],"wp:attachment":[{"href":"https:\/\/christian-elin.de\/en\/wp-json\/wp\/v2\/media?parent=2291"}],"wp:term":[{"taxonomy":"product_cat","embeddable":true,"href":"https:\/\/christian-elin.de\/en\/wp-json\/wp\/v2\/product_cat?post=2291"},{"taxonomy":"product_tag","embeddable":true,"href":"https:\/\/christian-elin.de\/en\/wp-json\/wp\/v2\/product_tag?post=2291"}],"curies":[{"name":"wp","href":"https:\/\/api.w.org\/{rel}","templated":true}]}}