{"id":2299,"date":"2021-05-24T22:16:48","date_gmt":"2021-05-24T20:16:48","guid":{"rendered":"https:\/\/christian-elin.de\/?post_type=product&#038;p=2299"},"modified":"2021-08-02T20:23:52","modified_gmt":"2021-08-02T18:23:52","slug":"mittsommernacht","status":"publish","type":"product","link":"https:\/\/christian-elin.de\/en\/product\/mittsommernacht\/","title":{"rendered":"Mittsommernacht"},"content":{"rendered":"<!--[if lt IE 9]><script>document.createElement('audio');<\/script><![endif]-->\n<audio class=\"wp-audio-shortcode\" id=\"audio-2299-1\" preload=\"none\" style=\"width: 100%;\" controls=\"controls\"><source type=\"audio\/mpeg\" src=\"https:\/\/christian-elin.de\/wp-content\/uploads\/2021\/03\/Mittsommernacht_web.mp3?_=1\" \/><a href=\"https:\/\/christian-elin.de\/wp-content\/uploads\/2021\/03\/Mittsommernacht_web.mp3\">https:\/\/christian-elin.de\/wp-content\/uploads\/2021\/03\/Mittsommernacht_web.mp3<\/a><\/audio>","protected":false},"excerpt":{"rendered":"<p>for soprano saxophone and piano<br \/>\nDuration: 11\u201900<br \/>\nYear: 2017<\/p>\n<p>Created on the longest days of 2017 on my city balcony, this harmoniously sophisticated piece picks up on film musical elements as a theme out of which a saxophone solo develops, that turns into a slow nocturne at its climax. The piano takes up the theme from the night music in 9\/8 time and also ends into an extensive solo. Music to dream and float.<\/p>","protected":false},"featured_media":2302,"template":"","meta":[],"product_cat":[45],"product_tag":[],"yoast_head":"<!-- This site is optimized with the Yoast SEO plugin v22.4 - https:\/\/yoast.com\/wordpress\/plugins\/seo\/ -->\n<title>Mittsommernacht &#8226; Christian Elin<\/title>\n<meta name=\"robots\" content=\"index, follow, max-snippet:-1, max-image-preview:large, max-video-preview:-1\" \/>\n<link rel=\"canonical\" href=\"https:\/\/christian-elin.de\/en\/product\/mittsommernacht\/\" \/>\n<meta property=\"og:locale\" content=\"en_GB\" \/>\n<meta property=\"og:type\" content=\"article\" \/>\n<meta property=\"og:title\" content=\"Mittsommernacht &#8226; Christian Elin\" \/>\n<meta property=\"og:description\" content=\"f\u00fcr Sopransaxophon und Klavier Dauer: 11&#039;00 Jahr: 2017  Entstanden an den l\u00e4ngsten Tagen des Jahres 2017 auf meinem Stadtbalkon, greift dieses harmonisch ausgefeilte St\u00fcck im Thema filmmusikalische Elemente auf, aus denen sich ein Saxophonsolo entwickelt, das an seinem H\u00f6hepunkt in ein langsames Notturno \u00fcberf\u00fchrt. Das Klavier nimmt im 9\/8-Takt das Thema aus der Nachtmusik wieder auf und m\u00fcndet ebenfalls in ein ausgiebiges Solo. Musik zum Tr\u00e4umen.\" \/>\n<meta property=\"og:url\" content=\"https:\/\/christian-elin.de\/en\/product\/mittsommernacht\/\" \/>\n<meta property=\"og:site_name\" content=\"Christian Elin\" \/>\n<meta property=\"article:modified_time\" content=\"2021-08-02T18:23:52+00:00\" \/>\n<meta property=\"og:image\" content=\"https:\/\/christian-elin.de\/wp-content\/uploads\/2021\/05\/Mittsommernacht.jpg\" \/>\n\t<meta property=\"og:image:width\" content=\"600\" \/>\n\t<meta property=\"og:image:height\" content=\"600\" \/>\n\t<meta property=\"og:image:type\" content=\"image\/jpeg\" \/>\n<meta name=\"twitter:card\" content=\"summary_large_image\" \/>\n<script type=\"application\/ld+json\" class=\"yoast-schema-graph\">{\"@context\":\"https:\/\/schema.org\",\"@graph\":[{\"@type\":\"WebPage\",\"@id\":\"https:\/\/christian-elin.de\/produkt\/mittsommernacht\/\",\"url\":\"https:\/\/christian-elin.de\/produkt\/mittsommernacht\/\",\"name\":\"Mittsommernacht &#8226; Christian Elin\",\"isPartOf\":{\"@id\":\"https:\/\/christian-elin.de\/#website\"},\"primaryImageOfPage\":{\"@id\":\"https:\/\/christian-elin.de\/produkt\/mittsommernacht\/#primaryimage\"},\"image\":{\"@id\":\"https:\/\/christian-elin.de\/produkt\/mittsommernacht\/#primaryimage\"},\"thumbnailUrl\":\"https:\/\/christian-elin.de\/wp-content\/uploads\/2021\/05\/Mittsommernacht.jpg\",\"datePublished\":\"2021-05-24T20:16:48+00:00\",\"dateModified\":\"2021-08-02T18:23:52+00:00\",\"breadcrumb\":{\"@id\":\"https:\/\/christian-elin.de\/produkt\/mittsommernacht\/#breadcrumb\"},\"inLanguage\":\"en-GB\",\"potentialAction\":[{\"@type\":\"ReadAction\",\"target\":[\"https:\/\/christian-elin.de\/produkt\/mittsommernacht\/\"]}]},{\"@type\":\"ImageObject\",\"inLanguage\":\"en-GB\",\"@id\":\"https:\/\/christian-elin.de\/produkt\/mittsommernacht\/#primaryimage\",\"url\":\"https:\/\/christian-elin.de\/wp-content\/uploads\/2021\/05\/Mittsommernacht.jpg\",\"contentUrl\":\"https:\/\/christian-elin.de\/wp-content\/uploads\/2021\/05\/Mittsommernacht.jpg\",\"width\":600,\"height\":600},{\"@type\":\"BreadcrumbList\",\"@id\":\"https:\/\/christian-elin.de\/produkt\/mittsommernacht\/#breadcrumb\",\"itemListElement\":[{\"@type\":\"ListItem\",\"position\":1,\"name\":\"Startseite\",\"item\":\"https:\/\/christian-elin.de\/\"},{\"@type\":\"ListItem\",\"position\":2,\"name\":\"Shop\",\"item\":\"https:\/\/christian-elin.de\/shop\/\"},{\"@type\":\"ListItem\",\"position\":3,\"name\":\"Mittsommernacht\"}]},{\"@type\":\"WebSite\",\"@id\":\"https:\/\/christian-elin.de\/#website\",\"url\":\"https:\/\/christian-elin.de\/\",\"name\":\"Christian Elin\",\"description\":\"Saxophon - Komposition - Unterricht\",\"publisher\":{\"@id\":\"https:\/\/christian-elin.de\/#\/schema\/person\/806f3270f0951914e5b7314679fd5d02\"},\"potentialAction\":[{\"@type\":\"SearchAction\",\"target\":{\"@type\":\"EntryPoint\",\"urlTemplate\":\"https:\/\/christian-elin.de\/?s={search_term_string}\"},\"query-input\":\"required name=search_term_string\"}],\"inLanguage\":\"en-GB\"},{\"@type\":[\"Person\",\"Organization\"],\"@id\":\"https:\/\/christian-elin.de\/#\/schema\/person\/806f3270f0951914e5b7314679fd5d02\",\"name\":\"Christian Elin\",\"image\":{\"@type\":\"ImageObject\",\"inLanguage\":\"en-GB\",\"@id\":\"https:\/\/christian-elin.de\/#\/schema\/person\/image\/\",\"url\":\"https:\/\/christian-elin.de\/wp-content\/uploads\/2020\/09\/Elin-Logo.svg\",\"contentUrl\":\"https:\/\/christian-elin.de\/wp-content\/uploads\/2020\/09\/Elin-Logo.svg\",\"width\":1,\"height\":1,\"caption\":\"Christian Elin\"},\"logo\":{\"@id\":\"https:\/\/christian-elin.de\/#\/schema\/person\/image\/\"}}]}<\/script>\n<!-- \/ Yoast SEO plugin. -->","yoast_head_json":{"title":"Mittsommernacht &#8226; Christian Elin","robots":{"index":"index","follow":"follow","max-snippet":"max-snippet:-1","max-image-preview":"max-image-preview:large","max-video-preview":"max-video-preview:-1"},"canonical":"https:\/\/christian-elin.de\/en\/product\/mittsommernacht\/","og_locale":"en_GB","og_type":"article","og_title":"Mittsommernacht &#8226; Christian Elin","og_description":"f\u00fcr Sopransaxophon und Klavier Dauer: 11'00 Jahr: 2017  Entstanden an den l\u00e4ngsten Tagen des Jahres 2017 auf meinem Stadtbalkon, greift dieses harmonisch ausgefeilte St\u00fcck im Thema filmmusikalische Elemente auf, aus denen sich ein Saxophonsolo entwickelt, das an seinem H\u00f6hepunkt in ein langsames Notturno \u00fcberf\u00fchrt. Das Klavier nimmt im 9\/8-Takt das Thema aus der Nachtmusik wieder auf und m\u00fcndet ebenfalls in ein ausgiebiges Solo. Musik zum Tr\u00e4umen.","og_url":"https:\/\/christian-elin.de\/en\/product\/mittsommernacht\/","og_site_name":"Christian Elin","article_modified_time":"2021-08-02T18:23:52+00:00","og_image":[{"width":600,"height":600,"url":"https:\/\/christian-elin.de\/wp-content\/uploads\/2021\/05\/Mittsommernacht.jpg","type":"image\/jpeg"}],"twitter_card":"summary_large_image","schema":{"@context":"https:\/\/schema.org","@graph":[{"@type":"WebPage","@id":"https:\/\/christian-elin.de\/produkt\/mittsommernacht\/","url":"https:\/\/christian-elin.de\/produkt\/mittsommernacht\/","name":"Mittsommernacht &#8226; Christian Elin","isPartOf":{"@id":"https:\/\/christian-elin.de\/#website"},"primaryImageOfPage":{"@id":"https:\/\/christian-elin.de\/produkt\/mittsommernacht\/#primaryimage"},"image":{"@id":"https:\/\/christian-elin.de\/produkt\/mittsommernacht\/#primaryimage"},"thumbnailUrl":"https:\/\/christian-elin.de\/wp-content\/uploads\/2021\/05\/Mittsommernacht.jpg","datePublished":"2021-05-24T20:16:48+00:00","dateModified":"2021-08-02T18:23:52+00:00","breadcrumb":{"@id":"https:\/\/christian-elin.de\/produkt\/mittsommernacht\/#breadcrumb"},"inLanguage":"en-GB","potentialAction":[{"@type":"ReadAction","target":["https:\/\/christian-elin.de\/produkt\/mittsommernacht\/"]}]},{"@type":"ImageObject","inLanguage":"en-GB","@id":"https:\/\/christian-elin.de\/produkt\/mittsommernacht\/#primaryimage","url":"https:\/\/christian-elin.de\/wp-content\/uploads\/2021\/05\/Mittsommernacht.jpg","contentUrl":"https:\/\/christian-elin.de\/wp-content\/uploads\/2021\/05\/Mittsommernacht.jpg","width":600,"height":600},{"@type":"BreadcrumbList","@id":"https:\/\/christian-elin.de\/produkt\/mittsommernacht\/#breadcrumb","itemListElement":[{"@type":"ListItem","position":1,"name":"Startseite","item":"https:\/\/christian-elin.de\/"},{"@type":"ListItem","position":2,"name":"Shop","item":"https:\/\/christian-elin.de\/shop\/"},{"@type":"ListItem","position":3,"name":"Mittsommernacht"}]},{"@type":"WebSite","@id":"https:\/\/christian-elin.de\/#website","url":"https:\/\/christian-elin.de\/","name":"Christian Elin","description":"Saxophon - Komposition - Unterricht","publisher":{"@id":"https:\/\/christian-elin.de\/#\/schema\/person\/806f3270f0951914e5b7314679fd5d02"},"potentialAction":[{"@type":"SearchAction","target":{"@type":"EntryPoint","urlTemplate":"https:\/\/christian-elin.de\/?s={search_term_string}"},"query-input":"required name=search_term_string"}],"inLanguage":"en-GB"},{"@type":["Person","Organization"],"@id":"https:\/\/christian-elin.de\/#\/schema\/person\/806f3270f0951914e5b7314679fd5d02","name":"Christian Elin","image":{"@type":"ImageObject","inLanguage":"en-GB","@id":"https:\/\/christian-elin.de\/#\/schema\/person\/image\/","url":"https:\/\/christian-elin.de\/wp-content\/uploads\/2020\/09\/Elin-Logo.svg","contentUrl":"https:\/\/christian-elin.de\/wp-content\/uploads\/2020\/09\/Elin-Logo.svg","width":1,"height":1,"caption":"Christian Elin"},"logo":{"@id":"https:\/\/christian-elin.de\/#\/schema\/person\/image\/"}}]}},"_links":{"self":[{"href":"https:\/\/christian-elin.de\/en\/wp-json\/wp\/v2\/product\/2299"}],"collection":[{"href":"https:\/\/christian-elin.de\/en\/wp-json\/wp\/v2\/product"}],"about":[{"href":"https:\/\/christian-elin.de\/en\/wp-json\/wp\/v2\/types\/product"}],"version-history":[{"count":4,"href":"https:\/\/christian-elin.de\/en\/wp-json\/wp\/v2\/product\/2299\/revisions"}],"predecessor-version":[{"id":4240,"href":"https:\/\/christian-elin.de\/en\/wp-json\/wp\/v2\/product\/2299\/revisions\/4240"}],"wp:featuredmedia":[{"embeddable":true,"href":"https:\/\/christian-elin.de\/en\/wp-json\/wp\/v2\/media\/2302"}],"wp:attachment":[{"href":"https:\/\/christian-elin.de\/en\/wp-json\/wp\/v2\/media?parent=2299"}],"wp:term":[{"taxonomy":"product_cat","embeddable":true,"href":"https:\/\/christian-elin.de\/en\/wp-json\/wp\/v2\/product_cat?post=2299"},{"taxonomy":"product_tag","embeddable":true,"href":"https:\/\/christian-elin.de\/en\/wp-json\/wp\/v2\/product_tag?post=2299"}],"curies":[{"name":"wp","href":"https:\/\/api.w.org\/{rel}","templated":true}]}}