{"id":2303,"date":"2021-05-24T22:23:26","date_gmt":"2021-05-24T20:23:26","guid":{"rendered":"https:\/\/christian-elin.de\/?post_type=product&#038;p=2303"},"modified":"2021-08-02T20:23:47","modified_gmt":"2021-08-02T18:23:47","slug":"hymne-angevin","status":"publish","type":"product","link":"https:\/\/christian-elin.de\/en\/product\/hymne-angevin\/","title":{"rendered":"Hymne angevin"},"content":{"rendered":"<!--[if lt IE 9]><script>document.createElement('audio');<\/script><![endif]-->\n<audio class=\"wp-audio-shortcode\" id=\"audio-2303-1\" preload=\"none\" style=\"width: 100%;\" controls=\"controls\"><source type=\"audio\/mpeg\" src=\"https:\/\/christian-elin.de\/wp-content\/uploads\/2021\/05\/Hymn-angevin_web.mp3?_=1\" \/><a href=\"https:\/\/christian-elin.de\/wp-content\/uploads\/2021\/05\/Hymn-angevin_web.mp3\">https:\/\/christian-elin.de\/wp-content\/uploads\/2021\/05\/Hymn-angevin_web.mp3<\/a><\/audio>","protected":false},"excerpt":{"rendered":"<p>for bass clarinet and piano<br \/>\nDuration: 9\u201900<br \/>\nYear: 2016<\/p>\n<p>\"Hymn to Anjou\" or \"Angevin hymn\": The Anjou in western France, is located on the last kilometres of the Loire and has its own microclimate: \u201cLa douceur angevine\u201d- \u201cthe softness\u201d of Anjou. Contrasting with this mildness a 13\/8 tempo emerges in this piece again and again which makes the listener stagger now and again, as if he had been drinking much of the delicious wine grown in this region.<\/p>","protected":false},"featured_media":2305,"template":"","meta":[],"product_cat":[45],"product_tag":[],"yoast_head":"<!-- This site is optimized with the Yoast SEO plugin v22.4 - https:\/\/yoast.com\/wordpress\/plugins\/seo\/ -->\n<title>Hymne angevin &#8226; Christian Elin<\/title>\n<meta name=\"robots\" content=\"index, follow, max-snippet:-1, max-image-preview:large, max-video-preview:-1\" \/>\n<link rel=\"canonical\" href=\"https:\/\/christian-elin.de\/en\/product\/hymne-angevin\/\" \/>\n<meta property=\"og:locale\" content=\"en_GB\" \/>\n<meta property=\"og:type\" content=\"article\" \/>\n<meta property=\"og:title\" content=\"Hymne angevin &#8226; Christian Elin\" \/>\n<meta property=\"og:description\" content=\"f\u00fcr Bassklarinette und Klavier Dauer: 9&#039;00 Jahr: 2016  \u201eHymne auf das Anjou\u201c oder \u201eangevinische Hymne\u201c: Das Anjou im Westen Frankreichs, an den letzten Kilometern des Laufs der Loire gelegen, hat ein eigenes Mikroklima: \u201eLa douceur angevine\u201c \u2013 \u201edie Sanftheit\u201c des Anjou. Konstrastierend zu dieser Milde taucht im St\u00fcck immer wieder ein 13\/8 Takt auf, der den Zuh\u00f6rer zwischendurch torkeln l\u00e4sst, so als er ob zu viel von dem k\u00f6stlichen Wein getrunken h\u00e4tte, der in dieser Region angebaut wird.\" \/>\n<meta property=\"og:url\" content=\"https:\/\/christian-elin.de\/en\/product\/hymne-angevin\/\" \/>\n<meta property=\"og:site_name\" content=\"Christian Elin\" \/>\n<meta property=\"article:modified_time\" content=\"2021-08-02T18:23:47+00:00\" \/>\n<meta property=\"og:image\" content=\"https:\/\/christian-elin.de\/wp-content\/uploads\/2021\/05\/Hymne-angevin.jpg\" \/>\n\t<meta property=\"og:image:width\" content=\"600\" \/>\n\t<meta property=\"og:image:height\" content=\"600\" \/>\n\t<meta property=\"og:image:type\" content=\"image\/jpeg\" \/>\n<meta name=\"twitter:card\" content=\"summary_large_image\" \/>\n<script type=\"application\/ld+json\" class=\"yoast-schema-graph\">{\"@context\":\"https:\/\/schema.org\",\"@graph\":[{\"@type\":\"WebPage\",\"@id\":\"https:\/\/christian-elin.de\/produkt\/hymne-angevin\/\",\"url\":\"https:\/\/christian-elin.de\/produkt\/hymne-angevin\/\",\"name\":\"Hymne angevin &#8226; Christian Elin\",\"isPartOf\":{\"@id\":\"https:\/\/christian-elin.de\/#website\"},\"primaryImageOfPage\":{\"@id\":\"https:\/\/christian-elin.de\/produkt\/hymne-angevin\/#primaryimage\"},\"image\":{\"@id\":\"https:\/\/christian-elin.de\/produkt\/hymne-angevin\/#primaryimage\"},\"thumbnailUrl\":\"https:\/\/christian-elin.de\/wp-content\/uploads\/2021\/05\/Hymne-angevin.jpg\",\"datePublished\":\"2021-05-24T20:23:26+00:00\",\"dateModified\":\"2021-08-02T18:23:47+00:00\",\"breadcrumb\":{\"@id\":\"https:\/\/christian-elin.de\/produkt\/hymne-angevin\/#breadcrumb\"},\"inLanguage\":\"en-GB\",\"potentialAction\":[{\"@type\":\"ReadAction\",\"target\":[\"https:\/\/christian-elin.de\/produkt\/hymne-angevin\/\"]}]},{\"@type\":\"ImageObject\",\"inLanguage\":\"en-GB\",\"@id\":\"https:\/\/christian-elin.de\/produkt\/hymne-angevin\/#primaryimage\",\"url\":\"https:\/\/christian-elin.de\/wp-content\/uploads\/2021\/05\/Hymne-angevin.jpg\",\"contentUrl\":\"https:\/\/christian-elin.de\/wp-content\/uploads\/2021\/05\/Hymne-angevin.jpg\",\"width\":600,\"height\":600},{\"@type\":\"BreadcrumbList\",\"@id\":\"https:\/\/christian-elin.de\/produkt\/hymne-angevin\/#breadcrumb\",\"itemListElement\":[{\"@type\":\"ListItem\",\"position\":1,\"name\":\"Startseite\",\"item\":\"https:\/\/christian-elin.de\/\"},{\"@type\":\"ListItem\",\"position\":2,\"name\":\"Shop\",\"item\":\"https:\/\/christian-elin.de\/shop\/\"},{\"@type\":\"ListItem\",\"position\":3,\"name\":\"Hymne angevin\"}]},{\"@type\":\"WebSite\",\"@id\":\"https:\/\/christian-elin.de\/#website\",\"url\":\"https:\/\/christian-elin.de\/\",\"name\":\"Christian Elin\",\"description\":\"Saxophon - Komposition - Unterricht\",\"publisher\":{\"@id\":\"https:\/\/christian-elin.de\/#\/schema\/person\/806f3270f0951914e5b7314679fd5d02\"},\"potentialAction\":[{\"@type\":\"SearchAction\",\"target\":{\"@type\":\"EntryPoint\",\"urlTemplate\":\"https:\/\/christian-elin.de\/?s={search_term_string}\"},\"query-input\":\"required name=search_term_string\"}],\"inLanguage\":\"en-GB\"},{\"@type\":[\"Person\",\"Organization\"],\"@id\":\"https:\/\/christian-elin.de\/#\/schema\/person\/806f3270f0951914e5b7314679fd5d02\",\"name\":\"Christian Elin\",\"image\":{\"@type\":\"ImageObject\",\"inLanguage\":\"en-GB\",\"@id\":\"https:\/\/christian-elin.de\/#\/schema\/person\/image\/\",\"url\":\"https:\/\/christian-elin.de\/wp-content\/uploads\/2020\/09\/Elin-Logo.svg\",\"contentUrl\":\"https:\/\/christian-elin.de\/wp-content\/uploads\/2020\/09\/Elin-Logo.svg\",\"width\":1,\"height\":1,\"caption\":\"Christian Elin\"},\"logo\":{\"@id\":\"https:\/\/christian-elin.de\/#\/schema\/person\/image\/\"}}]}<\/script>\n<!-- \/ Yoast SEO plugin. -->","yoast_head_json":{"title":"Hymne angevin &#8226; Christian Elin","robots":{"index":"index","follow":"follow","max-snippet":"max-snippet:-1","max-image-preview":"max-image-preview:large","max-video-preview":"max-video-preview:-1"},"canonical":"https:\/\/christian-elin.de\/en\/product\/hymne-angevin\/","og_locale":"en_GB","og_type":"article","og_title":"Hymne angevin &#8226; Christian Elin","og_description":"f\u00fcr Bassklarinette und Klavier Dauer: 9'00 Jahr: 2016  \u201eHymne auf das Anjou\u201c oder \u201eangevinische Hymne\u201c: Das Anjou im Westen Frankreichs, an den letzten Kilometern des Laufs der Loire gelegen, hat ein eigenes Mikroklima: \u201eLa douceur angevine\u201c \u2013 \u201edie Sanftheit\u201c des Anjou. Konstrastierend zu dieser Milde taucht im St\u00fcck immer wieder ein 13\/8 Takt auf, der den Zuh\u00f6rer zwischendurch torkeln l\u00e4sst, so als er ob zu viel von dem k\u00f6stlichen Wein getrunken h\u00e4tte, der in dieser Region angebaut wird.","og_url":"https:\/\/christian-elin.de\/en\/product\/hymne-angevin\/","og_site_name":"Christian Elin","article_modified_time":"2021-08-02T18:23:47+00:00","og_image":[{"width":600,"height":600,"url":"https:\/\/christian-elin.de\/wp-content\/uploads\/2021\/05\/Hymne-angevin.jpg","type":"image\/jpeg"}],"twitter_card":"summary_large_image","schema":{"@context":"https:\/\/schema.org","@graph":[{"@type":"WebPage","@id":"https:\/\/christian-elin.de\/produkt\/hymne-angevin\/","url":"https:\/\/christian-elin.de\/produkt\/hymne-angevin\/","name":"Hymne angevin &#8226; Christian Elin","isPartOf":{"@id":"https:\/\/christian-elin.de\/#website"},"primaryImageOfPage":{"@id":"https:\/\/christian-elin.de\/produkt\/hymne-angevin\/#primaryimage"},"image":{"@id":"https:\/\/christian-elin.de\/produkt\/hymne-angevin\/#primaryimage"},"thumbnailUrl":"https:\/\/christian-elin.de\/wp-content\/uploads\/2021\/05\/Hymne-angevin.jpg","datePublished":"2021-05-24T20:23:26+00:00","dateModified":"2021-08-02T18:23:47+00:00","breadcrumb":{"@id":"https:\/\/christian-elin.de\/produkt\/hymne-angevin\/#breadcrumb"},"inLanguage":"en-GB","potentialAction":[{"@type":"ReadAction","target":["https:\/\/christian-elin.de\/produkt\/hymne-angevin\/"]}]},{"@type":"ImageObject","inLanguage":"en-GB","@id":"https:\/\/christian-elin.de\/produkt\/hymne-angevin\/#primaryimage","url":"https:\/\/christian-elin.de\/wp-content\/uploads\/2021\/05\/Hymne-angevin.jpg","contentUrl":"https:\/\/christian-elin.de\/wp-content\/uploads\/2021\/05\/Hymne-angevin.jpg","width":600,"height":600},{"@type":"BreadcrumbList","@id":"https:\/\/christian-elin.de\/produkt\/hymne-angevin\/#breadcrumb","itemListElement":[{"@type":"ListItem","position":1,"name":"Startseite","item":"https:\/\/christian-elin.de\/"},{"@type":"ListItem","position":2,"name":"Shop","item":"https:\/\/christian-elin.de\/shop\/"},{"@type":"ListItem","position":3,"name":"Hymne angevin"}]},{"@type":"WebSite","@id":"https:\/\/christian-elin.de\/#website","url":"https:\/\/christian-elin.de\/","name":"Christian Elin","description":"Saxophon - Komposition - Unterricht","publisher":{"@id":"https:\/\/christian-elin.de\/#\/schema\/person\/806f3270f0951914e5b7314679fd5d02"},"potentialAction":[{"@type":"SearchAction","target":{"@type":"EntryPoint","urlTemplate":"https:\/\/christian-elin.de\/?s={search_term_string}"},"query-input":"required name=search_term_string"}],"inLanguage":"en-GB"},{"@type":["Person","Organization"],"@id":"https:\/\/christian-elin.de\/#\/schema\/person\/806f3270f0951914e5b7314679fd5d02","name":"Christian Elin","image":{"@type":"ImageObject","inLanguage":"en-GB","@id":"https:\/\/christian-elin.de\/#\/schema\/person\/image\/","url":"https:\/\/christian-elin.de\/wp-content\/uploads\/2020\/09\/Elin-Logo.svg","contentUrl":"https:\/\/christian-elin.de\/wp-content\/uploads\/2020\/09\/Elin-Logo.svg","width":1,"height":1,"caption":"Christian Elin"},"logo":{"@id":"https:\/\/christian-elin.de\/#\/schema\/person\/image\/"}}]}},"_links":{"self":[{"href":"https:\/\/christian-elin.de\/en\/wp-json\/wp\/v2\/product\/2303"}],"collection":[{"href":"https:\/\/christian-elin.de\/en\/wp-json\/wp\/v2\/product"}],"about":[{"href":"https:\/\/christian-elin.de\/en\/wp-json\/wp\/v2\/types\/product"}],"version-history":[{"count":4,"href":"https:\/\/christian-elin.de\/en\/wp-json\/wp\/v2\/product\/2303\/revisions"}],"predecessor-version":[{"id":4239,"href":"https:\/\/christian-elin.de\/en\/wp-json\/wp\/v2\/product\/2303\/revisions\/4239"}],"wp:featuredmedia":[{"embeddable":true,"href":"https:\/\/christian-elin.de\/en\/wp-json\/wp\/v2\/media\/2305"}],"wp:attachment":[{"href":"https:\/\/christian-elin.de\/en\/wp-json\/wp\/v2\/media?parent=2303"}],"wp:term":[{"taxonomy":"product_cat","embeddable":true,"href":"https:\/\/christian-elin.de\/en\/wp-json\/wp\/v2\/product_cat?post=2303"},{"taxonomy":"product_tag","embeddable":true,"href":"https:\/\/christian-elin.de\/en\/wp-json\/wp\/v2\/product_tag?post=2303"}],"curies":[{"name":"wp","href":"https:\/\/api.w.org\/{rel}","templated":true}]}}