{"id":2328,"date":"2021-05-25T20:41:17","date_gmt":"2021-05-25T18:41:17","guid":{"rendered":"https:\/\/christian-elin.de\/?post_type=product&#038;p=2328"},"modified":"2021-08-02T20:23:37","modified_gmt":"2021-08-02T18:23:37","slug":"le-vent-de-louest","status":"publish","type":"product","link":"https:\/\/christian-elin.de\/en\/product\/le-vent-de-louest\/","title":{"rendered":"Le vent de l&#8217;ouest"},"content":{"rendered":"<div data-elementor-type=\"product-post\" data-elementor-id=\"2328\" class=\"elementor elementor-2328\" data-elementor-post-type=\"product\">\n\t\t\t\t\t\t<section class=\"elementor-section elementor-top-section elementor-element elementor-element-56e304e1 elementor-section-boxed elementor-section-height-default elementor-section-height-default\" data-id=\"56e304e1\" data-element_type=\"section\">\n\t\t\t\t\t\t<div class=\"elementor-container elementor-column-gap-default\">\n\t\t\t\t\t<div class=\"elementor-column elementor-col-100 elementor-top-column elementor-element elementor-element-25b269ab\" data-id=\"25b269ab\" data-element_type=\"column\">\n\t\t\t<div class=\"elementor-widget-wrap elementor-element-populated\">\n\t\t\t\t\t\t<div class=\"elementor-element elementor-element-48930fd elementor-widget elementor-widget-video\" data-id=\"48930fd\" data-element_type=\"widget\" data-settings=\"{&quot;youtube_url&quot;:&quot;https:\\\/\\\/www.youtube.com\\\/watch?v=I6LZxFfuB-0&amp;ab_channel=Festival1001Notes&quot;,&quot;show_image_overlay&quot;:&quot;yes&quot;,&quot;image_overlay&quot;:{&quot;url&quot;:&quot;https:\\\/\\\/christian-elin.de\\\/wp-content\\\/uploads\\\/2021\\\/07\\\/Vent.jpg&quot;,&quot;id&quot;:3565,&quot;size&quot;:&quot;&quot;},&quot;lightbox&quot;:&quot;yes&quot;,&quot;video_type&quot;:&quot;youtube&quot;,&quot;controls&quot;:&quot;yes&quot;}\" data-widget_type=\"video.default\">\n\t\t\t\t<div class=\"elementor-widget-container\">\n\t\t\t\t\t<div class=\"elementor-wrapper elementor-open-lightbox\">\n\t\t\t\t\t\t\t<div class=\"elementor-custom-embed-image-overlay\" data-elementor-open-lightbox=\"yes\" data-elementor-lightbox=\"{&quot;type&quot;:&quot;video&quot;,&quot;videoType&quot;:&quot;youtube&quot;,&quot;url&quot;:&quot;https:\\\/\\\/www.youtube.com\\\/embed\\\/I6LZxFfuB-0?feature=oembed&amp;start&amp;end&amp;wmode=opaque&amp;loop=0&amp;controls=1&amp;mute=0&amp;rel=0&amp;modestbranding=0&quot;,&quot;modalOptions&quot;:{&quot;id&quot;:&quot;elementor-lightbox-48930fd&quot;,&quot;entranceAnimation&quot;:&quot;&quot;,&quot;entranceAnimation_tablet&quot;:&quot;&quot;,&quot;entranceAnimation_mobile&quot;:&quot;&quot;,&quot;videoAspectRatio&quot;:&quot;169&quot;}}\" data-e-action-hash=\"#elementor-action%3Aaction%3Dlightbox%26settings%3DeyJ0eXBlIjoidmlkZW8iLCJ2aWRlb1R5cGUiOiJ5b3V0dWJlIiwidXJsIjoiaHR0cHM6XC9cL3d3dy55b3V0dWJlLmNvbVwvZW1iZWRcL0k2TFp4RmZ1Qi0wP2ZlYXR1cmU9b2VtYmVkJnN0YXJ0JmVuZCZ3bW9kZT1vcGFxdWUmbG9vcD0wJmNvbnRyb2xzPTEmbXV0ZT0wJnJlbD0wJm1vZGVzdGJyYW5kaW5nPTAiLCJtb2RhbE9wdGlvbnMiOnsiaWQiOiJlbGVtZW50b3ItbGlnaHRib3gtNDg5MzBmZCIsImVudHJhbmNlQW5pbWF0aW9uIjoiIiwiZW50cmFuY2VBbmltYXRpb25fdGFibGV0IjoiIiwiZW50cmFuY2VBbmltYXRpb25fbW9iaWxlIjoiIiwidmlkZW9Bc3BlY3RSYXRpbyI6IjE2OSJ9fQ%3D%3D\">\n\t\t\t\t\t\t\t\t\t\t\t<img fetchpriority=\"high\" decoding=\"async\" width=\"320\" height=\"180\" src=\"https:\/\/christian-elin.de\/wp-content\/uploads\/2021\/07\/Vent.jpg\" class=\"attachment-full size-full wp-image-3565\" alt=\"\" srcset=\"https:\/\/christian-elin.de\/wp-content\/uploads\/2021\/07\/Vent.jpg 320w, https:\/\/christian-elin.de\/wp-content\/uploads\/2021\/07\/Vent-300x169.jpg 300w, https:\/\/christian-elin.de\/wp-content\/uploads\/2021\/07\/Vent-16x9.jpg 16w\" sizes=\"(max-width: 320px) 100vw, 320px\" \/>\t\t\t\t\t\t\t\t\t\t\t\t\t\t\t\t<div class=\"elementor-custom-embed-play\" role=\"button\" aria-label=\"Play Video\" tabindex=\"0\">\n\t\t\t\t\t\t\t<i aria-hidden=\"true\" class=\"eicon-play\"><\/i>\t\t\t\t\t\t\t<span class=\"elementor-screen-only\">Play Video<\/span>\n\t\t\t\t\t\t<\/div>\n\t\t\t\t\t\t\t\t\t<\/div>\n\t\t\t\t\t<\/div>\n\t\t\t\t<\/div>\n\t\t\t\t<\/div>\n\t\t\t\t\t<\/div>\n\t\t<\/div>\n\t\t\t\t\t<\/div>\n\t\t<\/section>\n\t\t\t\t<\/div>","protected":false},"excerpt":{"rendered":"<p>for bass clarinet and piano<br \/>\nDuration: 13\u201900<br \/>\nYear: 2014<\/p>\n<p>Originated in the charming little French village of Le Chalard in the Limousin, the piece describes the westerly wind blowing gently over the hilly landscape in a calm and expansive way, opening spaces for the listener to dream. My constant longing for (West) France is also expressed in it.<\/p>","protected":false},"featured_media":2330,"template":"","meta":[],"product_cat":[45],"product_tag":[],"yoast_head":"<!-- This site is optimized with the Yoast SEO plugin v22.4 - https:\/\/yoast.com\/wordpress\/plugins\/seo\/ -->\n<title>Le vent de l&#039;ouest &#8226; Christian Elin<\/title>\n<meta name=\"robots\" content=\"index, follow, max-snippet:-1, max-image-preview:large, max-video-preview:-1\" \/>\n<link rel=\"canonical\" href=\"https:\/\/christian-elin.de\/en\/product\/le-vent-de-louest\/\" \/>\n<meta property=\"og:locale\" content=\"en_GB\" \/>\n<meta property=\"og:type\" content=\"article\" \/>\n<meta property=\"og:title\" content=\"Le vent de l&#039;ouest &#8226; Christian Elin\" \/>\n<meta property=\"og:description\" content=\"f\u00fcr Bassklarinette und Klavier Dauer: 13&#039;00 Jahr: 2014  Entstanden in der bezaubernden kleinen franz\u00f6sischen Ortschaft Le Chalard im Limousin, beschreibt das St\u00fcck in ruhiger und ausladender Weise den Westwind, der sanft \u00fcber die h\u00fcgelige Landschaft weht und dem Zuh\u00f6rer R\u00e4ume zum Tr\u00e4umen \u00f6ffnet. Auch meine Sehnsucht nach (West-)Frankreich kommt darin zum Ausdruck.\" \/>\n<meta property=\"og:url\" content=\"https:\/\/christian-elin.de\/en\/product\/le-vent-de-louest\/\" \/>\n<meta property=\"og:site_name\" content=\"Christian Elin\" \/>\n<meta property=\"article:modified_time\" content=\"2021-08-02T18:23:37+00:00\" \/>\n<meta property=\"og:image\" content=\"https:\/\/christian-elin.de\/wp-content\/uploads\/2021\/05\/Le-vent-de-louest.jpg\" \/>\n\t<meta property=\"og:image:width\" content=\"600\" \/>\n\t<meta property=\"og:image:height\" content=\"600\" \/>\n\t<meta property=\"og:image:type\" content=\"image\/jpeg\" \/>\n<meta name=\"twitter:card\" content=\"summary_large_image\" \/>\n<script type=\"application\/ld+json\" class=\"yoast-schema-graph\">{\"@context\":\"https:\/\/schema.org\",\"@graph\":[{\"@type\":\"WebPage\",\"@id\":\"https:\/\/christian-elin.de\/en\/product\/le-vent-de-louest\/\",\"url\":\"https:\/\/christian-elin.de\/en\/product\/le-vent-de-louest\/\",\"name\":\"Le vent de l'ouest &#8226; Christian Elin\",\"isPartOf\":{\"@id\":\"https:\/\/christian-elin.de\/#website\"},\"primaryImageOfPage\":{\"@id\":\"https:\/\/christian-elin.de\/en\/product\/le-vent-de-louest\/#primaryimage\"},\"image\":{\"@id\":\"https:\/\/christian-elin.de\/en\/product\/le-vent-de-louest\/#primaryimage\"},\"thumbnailUrl\":\"https:\/\/christian-elin.de\/wp-content\/uploads\/2021\/05\/Le-vent-de-louest.jpg\",\"datePublished\":\"2021-05-25T18:41:17+00:00\",\"dateModified\":\"2021-08-02T18:23:37+00:00\",\"breadcrumb\":{\"@id\":\"https:\/\/christian-elin.de\/en\/product\/le-vent-de-louest\/#breadcrumb\"},\"inLanguage\":\"en-GB\",\"potentialAction\":[{\"@type\":\"ReadAction\",\"target\":[\"https:\/\/christian-elin.de\/en\/product\/le-vent-de-louest\/\"]}]},{\"@type\":\"ImageObject\",\"inLanguage\":\"en-GB\",\"@id\":\"https:\/\/christian-elin.de\/en\/product\/le-vent-de-louest\/#primaryimage\",\"url\":\"https:\/\/christian-elin.de\/wp-content\/uploads\/2021\/05\/Le-vent-de-louest.jpg\",\"contentUrl\":\"https:\/\/christian-elin.de\/wp-content\/uploads\/2021\/05\/Le-vent-de-louest.jpg\",\"width\":600,\"height\":600},{\"@type\":\"BreadcrumbList\",\"@id\":\"https:\/\/christian-elin.de\/en\/product\/le-vent-de-louest\/#breadcrumb\",\"itemListElement\":[{\"@type\":\"ListItem\",\"position\":1,\"name\":\"Startseite\",\"item\":\"https:\/\/christian-elin.de\/\"},{\"@type\":\"ListItem\",\"position\":2,\"name\":\"Shop\",\"item\":\"https:\/\/christian-elin.de\/shop\/\"},{\"@type\":\"ListItem\",\"position\":3,\"name\":\"Le vent de l&#8217;ouest\"}]},{\"@type\":\"WebSite\",\"@id\":\"https:\/\/christian-elin.de\/#website\",\"url\":\"https:\/\/christian-elin.de\/\",\"name\":\"Christian Elin\",\"description\":\"Saxophon - Komposition - Unterricht\",\"publisher\":{\"@id\":\"https:\/\/christian-elin.de\/#\/schema\/person\/806f3270f0951914e5b7314679fd5d02\"},\"potentialAction\":[{\"@type\":\"SearchAction\",\"target\":{\"@type\":\"EntryPoint\",\"urlTemplate\":\"https:\/\/christian-elin.de\/?s={search_term_string}\"},\"query-input\":\"required name=search_term_string\"}],\"inLanguage\":\"en-GB\"},{\"@type\":[\"Person\",\"Organization\"],\"@id\":\"https:\/\/christian-elin.de\/#\/schema\/person\/806f3270f0951914e5b7314679fd5d02\",\"name\":\"Christian Elin\",\"image\":{\"@type\":\"ImageObject\",\"inLanguage\":\"en-GB\",\"@id\":\"https:\/\/christian-elin.de\/#\/schema\/person\/image\/\",\"url\":\"https:\/\/christian-elin.de\/wp-content\/uploads\/2020\/09\/Elin-Logo.svg\",\"contentUrl\":\"https:\/\/christian-elin.de\/wp-content\/uploads\/2020\/09\/Elin-Logo.svg\",\"width\":1,\"height\":1,\"caption\":\"Christian Elin\"},\"logo\":{\"@id\":\"https:\/\/christian-elin.de\/#\/schema\/person\/image\/\"}}]}<\/script>\n<!-- \/ Yoast SEO plugin. -->","yoast_head_json":{"title":"Le vent de l'ouest &#8226; Christian Elin","robots":{"index":"index","follow":"follow","max-snippet":"max-snippet:-1","max-image-preview":"max-image-preview:large","max-video-preview":"max-video-preview:-1"},"canonical":"https:\/\/christian-elin.de\/en\/product\/le-vent-de-louest\/","og_locale":"en_GB","og_type":"article","og_title":"Le vent de l'ouest &#8226; Christian Elin","og_description":"f\u00fcr Bassklarinette und Klavier Dauer: 13'00 Jahr: 2014  Entstanden in der bezaubernden kleinen franz\u00f6sischen Ortschaft Le Chalard im Limousin, beschreibt das St\u00fcck in ruhiger und ausladender Weise den Westwind, der sanft \u00fcber die h\u00fcgelige Landschaft weht und dem Zuh\u00f6rer R\u00e4ume zum Tr\u00e4umen \u00f6ffnet. Auch meine Sehnsucht nach (West-)Frankreich kommt darin zum Ausdruck.","og_url":"https:\/\/christian-elin.de\/en\/product\/le-vent-de-louest\/","og_site_name":"Christian Elin","article_modified_time":"2021-08-02T18:23:37+00:00","og_image":[{"width":600,"height":600,"url":"https:\/\/christian-elin.de\/wp-content\/uploads\/2021\/05\/Le-vent-de-louest.jpg","type":"image\/jpeg"}],"twitter_card":"summary_large_image","schema":{"@context":"https:\/\/schema.org","@graph":[{"@type":"WebPage","@id":"https:\/\/christian-elin.de\/en\/product\/le-vent-de-louest\/","url":"https:\/\/christian-elin.de\/en\/product\/le-vent-de-louest\/","name":"Le vent de l'ouest &#8226; Christian Elin","isPartOf":{"@id":"https:\/\/christian-elin.de\/#website"},"primaryImageOfPage":{"@id":"https:\/\/christian-elin.de\/en\/product\/le-vent-de-louest\/#primaryimage"},"image":{"@id":"https:\/\/christian-elin.de\/en\/product\/le-vent-de-louest\/#primaryimage"},"thumbnailUrl":"https:\/\/christian-elin.de\/wp-content\/uploads\/2021\/05\/Le-vent-de-louest.jpg","datePublished":"2021-05-25T18:41:17+00:00","dateModified":"2021-08-02T18:23:37+00:00","breadcrumb":{"@id":"https:\/\/christian-elin.de\/en\/product\/le-vent-de-louest\/#breadcrumb"},"inLanguage":"en-GB","potentialAction":[{"@type":"ReadAction","target":["https:\/\/christian-elin.de\/en\/product\/le-vent-de-louest\/"]}]},{"@type":"ImageObject","inLanguage":"en-GB","@id":"https:\/\/christian-elin.de\/en\/product\/le-vent-de-louest\/#primaryimage","url":"https:\/\/christian-elin.de\/wp-content\/uploads\/2021\/05\/Le-vent-de-louest.jpg","contentUrl":"https:\/\/christian-elin.de\/wp-content\/uploads\/2021\/05\/Le-vent-de-louest.jpg","width":600,"height":600},{"@type":"BreadcrumbList","@id":"https:\/\/christian-elin.de\/en\/product\/le-vent-de-louest\/#breadcrumb","itemListElement":[{"@type":"ListItem","position":1,"name":"Startseite","item":"https:\/\/christian-elin.de\/"},{"@type":"ListItem","position":2,"name":"Shop","item":"https:\/\/christian-elin.de\/shop\/"},{"@type":"ListItem","position":3,"name":"Le vent de l&#8217;ouest"}]},{"@type":"WebSite","@id":"https:\/\/christian-elin.de\/#website","url":"https:\/\/christian-elin.de\/","name":"Christian Elin","description":"Saxophon - Komposition - Unterricht","publisher":{"@id":"https:\/\/christian-elin.de\/#\/schema\/person\/806f3270f0951914e5b7314679fd5d02"},"potentialAction":[{"@type":"SearchAction","target":{"@type":"EntryPoint","urlTemplate":"https:\/\/christian-elin.de\/?s={search_term_string}"},"query-input":"required name=search_term_string"}],"inLanguage":"en-GB"},{"@type":["Person","Organization"],"@id":"https:\/\/christian-elin.de\/#\/schema\/person\/806f3270f0951914e5b7314679fd5d02","name":"Christian Elin","image":{"@type":"ImageObject","inLanguage":"en-GB","@id":"https:\/\/christian-elin.de\/#\/schema\/person\/image\/","url":"https:\/\/christian-elin.de\/wp-content\/uploads\/2020\/09\/Elin-Logo.svg","contentUrl":"https:\/\/christian-elin.de\/wp-content\/uploads\/2020\/09\/Elin-Logo.svg","width":1,"height":1,"caption":"Christian Elin"},"logo":{"@id":"https:\/\/christian-elin.de\/#\/schema\/person\/image\/"}}]}},"_links":{"self":[{"href":"https:\/\/christian-elin.de\/en\/wp-json\/wp\/v2\/product\/2328"}],"collection":[{"href":"https:\/\/christian-elin.de\/en\/wp-json\/wp\/v2\/product"}],"about":[{"href":"https:\/\/christian-elin.de\/en\/wp-json\/wp\/v2\/types\/product"}],"version-history":[{"count":6,"href":"https:\/\/christian-elin.de\/en\/wp-json\/wp\/v2\/product\/2328\/revisions"}],"predecessor-version":[{"id":4237,"href":"https:\/\/christian-elin.de\/en\/wp-json\/wp\/v2\/product\/2328\/revisions\/4237"}],"wp:featuredmedia":[{"embeddable":true,"href":"https:\/\/christian-elin.de\/en\/wp-json\/wp\/v2\/media\/2330"}],"wp:attachment":[{"href":"https:\/\/christian-elin.de\/en\/wp-json\/wp\/v2\/media?parent=2328"}],"wp:term":[{"taxonomy":"product_cat","embeddable":true,"href":"https:\/\/christian-elin.de\/en\/wp-json\/wp\/v2\/product_cat?post=2328"},{"taxonomy":"product_tag","embeddable":true,"href":"https:\/\/christian-elin.de\/en\/wp-json\/wp\/v2\/product_tag?post=2328"}],"curies":[{"name":"wp","href":"https:\/\/api.w.org\/{rel}","templated":true}]}}