{"id":2332,"date":"2021-05-25T20:44:05","date_gmt":"2021-05-25T18:44:05","guid":{"rendered":"https:\/\/christian-elin.de\/?post_type=product&#038;p=2332"},"modified":"2021-08-02T20:23:30","modified_gmt":"2021-08-02T18:23:30","slug":"juste-pour-le-plaisirmit-maruan-sakas","status":"publish","type":"product","link":"https:\/\/christian-elin.de\/en\/product\/juste-pour-le-plaisirmit-maruan-sakas\/","title":{"rendered":"Juste pour le plaisir"},"content":{"rendered":"<!--[if lt IE 9]><script>document.createElement('audio');<\/script><![endif]-->\n<audio class=\"wp-audio-shortcode\" id=\"audio-2332-1\" preload=\"none\" style=\"width: 100%;\" controls=\"controls\"><source type=\"audio\/mpeg\" src=\"https:\/\/christian-elin.de\/wp-content\/uploads\/2021\/05\/Juste-Pour-Le-Plaisir_wav.mp3?_=1\" \/><a href=\"https:\/\/christian-elin.de\/wp-content\/uploads\/2021\/05\/Juste-Pour-Le-Plaisir_wav.mp3\">https:\/\/christian-elin.de\/wp-content\/uploads\/2021\/05\/Juste-Pour-Le-Plaisir_wav.mp3<\/a><\/audio>","protected":false},"excerpt":{"rendered":"<p>for bass clarinet and piano<br \/>\nDuration: 9\u201900<br \/>\nYear: 2014<\/p>\n<p>As a co-production with Maruan Sakas, \"Simply for Pleasure\" is based harmoniously on an I-VI-IV-V-I connection. Stylistically, the piece goes through quite a few genres: starting in pop, the composition gradually meanders further in the direction of Chopin, before arriving in the humid atmosphere of a jazz club.<\/p>","protected":false},"featured_media":2336,"template":"","meta":[],"product_cat":[45],"product_tag":[],"yoast_head":"<!-- This site is optimized with the Yoast SEO plugin v22.4 - https:\/\/yoast.com\/wordpress\/plugins\/seo\/ -->\n<title>Juste pour le plaisir &#8226; Christian Elin<\/title>\n<meta name=\"robots\" content=\"index, follow, max-snippet:-1, max-image-preview:large, max-video-preview:-1\" \/>\n<link rel=\"canonical\" href=\"https:\/\/christian-elin.de\/en\/product\/juste-pour-le-plaisirmit-maruan-sakas\/\" \/>\n<meta property=\"og:locale\" content=\"en_GB\" \/>\n<meta property=\"og:type\" content=\"article\" \/>\n<meta property=\"og:title\" content=\"Juste pour le plaisir &#8226; Christian Elin\" \/>\n<meta property=\"og:description\" content=\"f\u00fcr Bassklarinette und Klavier Dauer: 9&#039;00 Jahr: 2014  Als Koproduktion mit Maruan Sakas entstanden, beruht \u201eEinfach zum Vergn\u00fcgen\u201c harmonisch auf einer I-VI-IV-V-I-Verbindung. Stilistisch werden dabei eine ganze Reihe Genres abgearbeitet: beginnend im Pop, m\u00e4andert die Komposition allm\u00e4hlich weiter in Richtung Chopin, bevor sie in der schw\u00fclwarmen Atmosph\u00e4re eines Jazzclubs ankommt.\" \/>\n<meta property=\"og:url\" content=\"https:\/\/christian-elin.de\/en\/product\/juste-pour-le-plaisirmit-maruan-sakas\/\" \/>\n<meta property=\"og:site_name\" content=\"Christian Elin\" \/>\n<meta property=\"article:modified_time\" content=\"2021-08-02T18:23:30+00:00\" \/>\n<meta property=\"og:image\" content=\"https:\/\/christian-elin.de\/wp-content\/uploads\/2021\/05\/juste-pour-le-plaisir.jpg\" \/>\n\t<meta property=\"og:image:width\" content=\"600\" \/>\n\t<meta property=\"og:image:height\" content=\"600\" \/>\n\t<meta property=\"og:image:type\" content=\"image\/jpeg\" \/>\n<meta name=\"twitter:card\" content=\"summary_large_image\" \/>\n<script type=\"application\/ld+json\" class=\"yoast-schema-graph\">{\"@context\":\"https:\/\/schema.org\",\"@graph\":[{\"@type\":\"WebPage\",\"@id\":\"https:\/\/christian-elin.de\/produkt\/juste-pour-le-plaisirmit-maruan-sakas\/\",\"url\":\"https:\/\/christian-elin.de\/produkt\/juste-pour-le-plaisirmit-maruan-sakas\/\",\"name\":\"Juste pour le plaisir &#8226; Christian Elin\",\"isPartOf\":{\"@id\":\"https:\/\/christian-elin.de\/#website\"},\"primaryImageOfPage\":{\"@id\":\"https:\/\/christian-elin.de\/produkt\/juste-pour-le-plaisirmit-maruan-sakas\/#primaryimage\"},\"image\":{\"@id\":\"https:\/\/christian-elin.de\/produkt\/juste-pour-le-plaisirmit-maruan-sakas\/#primaryimage\"},\"thumbnailUrl\":\"https:\/\/christian-elin.de\/wp-content\/uploads\/2021\/05\/juste-pour-le-plaisir.jpg\",\"datePublished\":\"2021-05-25T18:44:05+00:00\",\"dateModified\":\"2021-08-02T18:23:30+00:00\",\"breadcrumb\":{\"@id\":\"https:\/\/christian-elin.de\/produkt\/juste-pour-le-plaisirmit-maruan-sakas\/#breadcrumb\"},\"inLanguage\":\"en-GB\",\"potentialAction\":[{\"@type\":\"ReadAction\",\"target\":[\"https:\/\/christian-elin.de\/produkt\/juste-pour-le-plaisirmit-maruan-sakas\/\"]}]},{\"@type\":\"ImageObject\",\"inLanguage\":\"en-GB\",\"@id\":\"https:\/\/christian-elin.de\/produkt\/juste-pour-le-plaisirmit-maruan-sakas\/#primaryimage\",\"url\":\"https:\/\/christian-elin.de\/wp-content\/uploads\/2021\/05\/juste-pour-le-plaisir.jpg\",\"contentUrl\":\"https:\/\/christian-elin.de\/wp-content\/uploads\/2021\/05\/juste-pour-le-plaisir.jpg\",\"width\":600,\"height\":600},{\"@type\":\"BreadcrumbList\",\"@id\":\"https:\/\/christian-elin.de\/produkt\/juste-pour-le-plaisirmit-maruan-sakas\/#breadcrumb\",\"itemListElement\":[{\"@type\":\"ListItem\",\"position\":1,\"name\":\"Startseite\",\"item\":\"https:\/\/christian-elin.de\/\"},{\"@type\":\"ListItem\",\"position\":2,\"name\":\"Shop\",\"item\":\"https:\/\/christian-elin.de\/shop\/\"},{\"@type\":\"ListItem\",\"position\":3,\"name\":\"Juste pour le plaisir\"}]},{\"@type\":\"WebSite\",\"@id\":\"https:\/\/christian-elin.de\/#website\",\"url\":\"https:\/\/christian-elin.de\/\",\"name\":\"Christian Elin\",\"description\":\"Saxophon - Komposition - Unterricht\",\"publisher\":{\"@id\":\"https:\/\/christian-elin.de\/#\/schema\/person\/806f3270f0951914e5b7314679fd5d02\"},\"potentialAction\":[{\"@type\":\"SearchAction\",\"target\":{\"@type\":\"EntryPoint\",\"urlTemplate\":\"https:\/\/christian-elin.de\/?s={search_term_string}\"},\"query-input\":\"required name=search_term_string\"}],\"inLanguage\":\"en-GB\"},{\"@type\":[\"Person\",\"Organization\"],\"@id\":\"https:\/\/christian-elin.de\/#\/schema\/person\/806f3270f0951914e5b7314679fd5d02\",\"name\":\"Christian Elin\",\"image\":{\"@type\":\"ImageObject\",\"inLanguage\":\"en-GB\",\"@id\":\"https:\/\/christian-elin.de\/#\/schema\/person\/image\/\",\"url\":\"https:\/\/christian-elin.de\/wp-content\/uploads\/2020\/09\/Elin-Logo.svg\",\"contentUrl\":\"https:\/\/christian-elin.de\/wp-content\/uploads\/2020\/09\/Elin-Logo.svg\",\"width\":1,\"height\":1,\"caption\":\"Christian Elin\"},\"logo\":{\"@id\":\"https:\/\/christian-elin.de\/#\/schema\/person\/image\/\"}}]}<\/script>\n<!-- \/ Yoast SEO plugin. -->","yoast_head_json":{"title":"Juste pour le plaisir &#8226; Christian Elin","robots":{"index":"index","follow":"follow","max-snippet":"max-snippet:-1","max-image-preview":"max-image-preview:large","max-video-preview":"max-video-preview:-1"},"canonical":"https:\/\/christian-elin.de\/en\/product\/juste-pour-le-plaisirmit-maruan-sakas\/","og_locale":"en_GB","og_type":"article","og_title":"Juste pour le plaisir &#8226; Christian Elin","og_description":"f\u00fcr Bassklarinette und Klavier Dauer: 9'00 Jahr: 2014  Als Koproduktion mit Maruan Sakas entstanden, beruht \u201eEinfach zum Vergn\u00fcgen\u201c harmonisch auf einer I-VI-IV-V-I-Verbindung. Stilistisch werden dabei eine ganze Reihe Genres abgearbeitet: beginnend im Pop, m\u00e4andert die Komposition allm\u00e4hlich weiter in Richtung Chopin, bevor sie in der schw\u00fclwarmen Atmosph\u00e4re eines Jazzclubs ankommt.","og_url":"https:\/\/christian-elin.de\/en\/product\/juste-pour-le-plaisirmit-maruan-sakas\/","og_site_name":"Christian Elin","article_modified_time":"2021-08-02T18:23:30+00:00","og_image":[{"width":600,"height":600,"url":"https:\/\/christian-elin.de\/wp-content\/uploads\/2021\/05\/juste-pour-le-plaisir.jpg","type":"image\/jpeg"}],"twitter_card":"summary_large_image","schema":{"@context":"https:\/\/schema.org","@graph":[{"@type":"WebPage","@id":"https:\/\/christian-elin.de\/produkt\/juste-pour-le-plaisirmit-maruan-sakas\/","url":"https:\/\/christian-elin.de\/produkt\/juste-pour-le-plaisirmit-maruan-sakas\/","name":"Juste pour le plaisir &#8226; Christian Elin","isPartOf":{"@id":"https:\/\/christian-elin.de\/#website"},"primaryImageOfPage":{"@id":"https:\/\/christian-elin.de\/produkt\/juste-pour-le-plaisirmit-maruan-sakas\/#primaryimage"},"image":{"@id":"https:\/\/christian-elin.de\/produkt\/juste-pour-le-plaisirmit-maruan-sakas\/#primaryimage"},"thumbnailUrl":"https:\/\/christian-elin.de\/wp-content\/uploads\/2021\/05\/juste-pour-le-plaisir.jpg","datePublished":"2021-05-25T18:44:05+00:00","dateModified":"2021-08-02T18:23:30+00:00","breadcrumb":{"@id":"https:\/\/christian-elin.de\/produkt\/juste-pour-le-plaisirmit-maruan-sakas\/#breadcrumb"},"inLanguage":"en-GB","potentialAction":[{"@type":"ReadAction","target":["https:\/\/christian-elin.de\/produkt\/juste-pour-le-plaisirmit-maruan-sakas\/"]}]},{"@type":"ImageObject","inLanguage":"en-GB","@id":"https:\/\/christian-elin.de\/produkt\/juste-pour-le-plaisirmit-maruan-sakas\/#primaryimage","url":"https:\/\/christian-elin.de\/wp-content\/uploads\/2021\/05\/juste-pour-le-plaisir.jpg","contentUrl":"https:\/\/christian-elin.de\/wp-content\/uploads\/2021\/05\/juste-pour-le-plaisir.jpg","width":600,"height":600},{"@type":"BreadcrumbList","@id":"https:\/\/christian-elin.de\/produkt\/juste-pour-le-plaisirmit-maruan-sakas\/#breadcrumb","itemListElement":[{"@type":"ListItem","position":1,"name":"Startseite","item":"https:\/\/christian-elin.de\/"},{"@type":"ListItem","position":2,"name":"Shop","item":"https:\/\/christian-elin.de\/shop\/"},{"@type":"ListItem","position":3,"name":"Juste pour le plaisir"}]},{"@type":"WebSite","@id":"https:\/\/christian-elin.de\/#website","url":"https:\/\/christian-elin.de\/","name":"Christian Elin","description":"Saxophon - Komposition - Unterricht","publisher":{"@id":"https:\/\/christian-elin.de\/#\/schema\/person\/806f3270f0951914e5b7314679fd5d02"},"potentialAction":[{"@type":"SearchAction","target":{"@type":"EntryPoint","urlTemplate":"https:\/\/christian-elin.de\/?s={search_term_string}"},"query-input":"required name=search_term_string"}],"inLanguage":"en-GB"},{"@type":["Person","Organization"],"@id":"https:\/\/christian-elin.de\/#\/schema\/person\/806f3270f0951914e5b7314679fd5d02","name":"Christian Elin","image":{"@type":"ImageObject","inLanguage":"en-GB","@id":"https:\/\/christian-elin.de\/#\/schema\/person\/image\/","url":"https:\/\/christian-elin.de\/wp-content\/uploads\/2020\/09\/Elin-Logo.svg","contentUrl":"https:\/\/christian-elin.de\/wp-content\/uploads\/2020\/09\/Elin-Logo.svg","width":1,"height":1,"caption":"Christian Elin"},"logo":{"@id":"https:\/\/christian-elin.de\/#\/schema\/person\/image\/"}}]}},"_links":{"self":[{"href":"https:\/\/christian-elin.de\/en\/wp-json\/wp\/v2\/product\/2332"}],"collection":[{"href":"https:\/\/christian-elin.de\/en\/wp-json\/wp\/v2\/product"}],"about":[{"href":"https:\/\/christian-elin.de\/en\/wp-json\/wp\/v2\/types\/product"}],"version-history":[{"count":4,"href":"https:\/\/christian-elin.de\/en\/wp-json\/wp\/v2\/product\/2332\/revisions"}],"predecessor-version":[{"id":4236,"href":"https:\/\/christian-elin.de\/en\/wp-json\/wp\/v2\/product\/2332\/revisions\/4236"}],"wp:featuredmedia":[{"embeddable":true,"href":"https:\/\/christian-elin.de\/en\/wp-json\/wp\/v2\/media\/2336"}],"wp:attachment":[{"href":"https:\/\/christian-elin.de\/en\/wp-json\/wp\/v2\/media?parent=2332"}],"wp:term":[{"taxonomy":"product_cat","embeddable":true,"href":"https:\/\/christian-elin.de\/en\/wp-json\/wp\/v2\/product_cat?post=2332"},{"taxonomy":"product_tag","embeddable":true,"href":"https:\/\/christian-elin.de\/en\/wp-json\/wp\/v2\/product_tag?post=2332"}],"curies":[{"name":"wp","href":"https:\/\/api.w.org\/{rel}","templated":true}]}}