{"id":2337,"date":"2021-05-25T20:49:03","date_gmt":"2021-05-25T18:49:03","guid":{"rendered":"https:\/\/christian-elin.de\/?post_type=product&#038;p=2337"},"modified":"2021-08-02T20:23:25","modified_gmt":"2021-08-02T18:23:25","slug":"your-song-within-me-2","status":"publish","type":"product","link":"https:\/\/christian-elin.de\/en\/product\/your-song-within-me-2\/","title":{"rendered":"Your song within me"},"content":{"rendered":"","protected":false},"excerpt":{"rendered":"<p>A duo version of the piece originally composed for soprano saxophone and tape.<br \/>\nDuration: 4\u201900<br \/>\nYear: 2014<\/p>\n<p>Eine feine kleine Jazzballade mit Pop-Ankl\u00e4ngen in ungew\u00f6hnlicher Besetzung: zwar handelt es sich um ein Saxophonquartett (ssx\/2asx\/tsx), jedoch ist das St\u00fcck eher als \u201eOne Mand Band\u201c gedacht, bei der nur die Sopransaxophonstimme live gespielt wird und die drei \u00fcbrigen Stimmen vom vorproduzierten Tape eingespielt werden.<\/p>","protected":false},"featured_media":2340,"template":"","meta":[],"product_cat":[45],"product_tag":[],"yoast_head":"<!-- This site is optimized with the Yoast SEO plugin v22.4 - https:\/\/yoast.com\/wordpress\/plugins\/seo\/ -->\n<title>Your song within me &#8226; Christian Elin<\/title>\n<meta name=\"robots\" content=\"index, follow, max-snippet:-1, max-image-preview:large, max-video-preview:-1\" \/>\n<link rel=\"canonical\" href=\"https:\/\/christian-elin.de\/en\/product\/your-song-within-me-2\/\" \/>\n<meta property=\"og:locale\" content=\"en_GB\" \/>\n<meta property=\"og:type\" content=\"article\" \/>\n<meta property=\"og:title\" content=\"Your song within me &#8226; Christian Elin\" \/>\n<meta property=\"og:description\" content=\"Eine Duoversion des original f\u00fcr Sopransaxophon und Tape komponierten St\u00fccks. Dauer: 4&#039;00 Jahr: 2014  Eine feine kleine Jazzballade mit Pop-Ankl\u00e4ngen in ungew\u00f6hnlicher Besetzung: zwar handelt es sich um ein Saxophonquartett (ssx\/2asx\/tsx), jedoch ist das St\u00fcck eher als \u201eOne Mand Band\u201c gedacht, bei der nur die Sopransaxophonstimme live gespielt wird und die drei \u00fcbrigen Stimmen vom vorproduzierten Tape eingespielt werden.\" \/>\n<meta property=\"og:url\" content=\"https:\/\/christian-elin.de\/en\/product\/your-song-within-me-2\/\" \/>\n<meta property=\"og:site_name\" content=\"Christian Elin\" \/>\n<meta property=\"article:modified_time\" content=\"2021-08-02T18:23:25+00:00\" \/>\n<meta property=\"og:image\" content=\"https:\/\/christian-elin.de\/wp-content\/uploads\/2021\/05\/Your-song-within-me3.jpg\" \/>\n\t<meta property=\"og:image:width\" content=\"600\" \/>\n\t<meta property=\"og:image:height\" content=\"600\" \/>\n\t<meta property=\"og:image:type\" content=\"image\/jpeg\" \/>\n<meta name=\"twitter:card\" content=\"summary_large_image\" \/>\n<script type=\"application\/ld+json\" class=\"yoast-schema-graph\">{\"@context\":\"https:\/\/schema.org\",\"@graph\":[{\"@type\":\"WebPage\",\"@id\":\"https:\/\/christian-elin.de\/produkt\/your-song-within-me-2\/\",\"url\":\"https:\/\/christian-elin.de\/produkt\/your-song-within-me-2\/\",\"name\":\"Your song within me &#8226; Christian Elin\",\"isPartOf\":{\"@id\":\"https:\/\/christian-elin.de\/#website\"},\"primaryImageOfPage\":{\"@id\":\"https:\/\/christian-elin.de\/produkt\/your-song-within-me-2\/#primaryimage\"},\"image\":{\"@id\":\"https:\/\/christian-elin.de\/produkt\/your-song-within-me-2\/#primaryimage\"},\"thumbnailUrl\":\"https:\/\/christian-elin.de\/wp-content\/uploads\/2021\/05\/Your-song-within-me3.jpg\",\"datePublished\":\"2021-05-25T18:49:03+00:00\",\"dateModified\":\"2021-08-02T18:23:25+00:00\",\"breadcrumb\":{\"@id\":\"https:\/\/christian-elin.de\/produkt\/your-song-within-me-2\/#breadcrumb\"},\"inLanguage\":\"en-GB\",\"potentialAction\":[{\"@type\":\"ReadAction\",\"target\":[\"https:\/\/christian-elin.de\/produkt\/your-song-within-me-2\/\"]}]},{\"@type\":\"ImageObject\",\"inLanguage\":\"en-GB\",\"@id\":\"https:\/\/christian-elin.de\/produkt\/your-song-within-me-2\/#primaryimage\",\"url\":\"https:\/\/christian-elin.de\/wp-content\/uploads\/2021\/05\/Your-song-within-me3.jpg\",\"contentUrl\":\"https:\/\/christian-elin.de\/wp-content\/uploads\/2021\/05\/Your-song-within-me3.jpg\",\"width\":600,\"height\":600},{\"@type\":\"BreadcrumbList\",\"@id\":\"https:\/\/christian-elin.de\/produkt\/your-song-within-me-2\/#breadcrumb\",\"itemListElement\":[{\"@type\":\"ListItem\",\"position\":1,\"name\":\"Startseite\",\"item\":\"https:\/\/christian-elin.de\/\"},{\"@type\":\"ListItem\",\"position\":2,\"name\":\"Shop\",\"item\":\"https:\/\/christian-elin.de\/shop\/\"},{\"@type\":\"ListItem\",\"position\":3,\"name\":\"Your song within me\"}]},{\"@type\":\"WebSite\",\"@id\":\"https:\/\/christian-elin.de\/#website\",\"url\":\"https:\/\/christian-elin.de\/\",\"name\":\"Christian Elin\",\"description\":\"Saxophon - Komposition - Unterricht\",\"publisher\":{\"@id\":\"https:\/\/christian-elin.de\/#\/schema\/person\/806f3270f0951914e5b7314679fd5d02\"},\"potentialAction\":[{\"@type\":\"SearchAction\",\"target\":{\"@type\":\"EntryPoint\",\"urlTemplate\":\"https:\/\/christian-elin.de\/?s={search_term_string}\"},\"query-input\":\"required name=search_term_string\"}],\"inLanguage\":\"en-GB\"},{\"@type\":[\"Person\",\"Organization\"],\"@id\":\"https:\/\/christian-elin.de\/#\/schema\/person\/806f3270f0951914e5b7314679fd5d02\",\"name\":\"Christian Elin\",\"image\":{\"@type\":\"ImageObject\",\"inLanguage\":\"en-GB\",\"@id\":\"https:\/\/christian-elin.de\/#\/schema\/person\/image\/\",\"url\":\"https:\/\/christian-elin.de\/wp-content\/uploads\/2020\/09\/Elin-Logo.svg\",\"contentUrl\":\"https:\/\/christian-elin.de\/wp-content\/uploads\/2020\/09\/Elin-Logo.svg\",\"width\":1,\"height\":1,\"caption\":\"Christian Elin\"},\"logo\":{\"@id\":\"https:\/\/christian-elin.de\/#\/schema\/person\/image\/\"}}]}<\/script>\n<!-- \/ Yoast SEO plugin. -->","yoast_head_json":{"title":"Your song within me &#8226; Christian Elin","robots":{"index":"index","follow":"follow","max-snippet":"max-snippet:-1","max-image-preview":"max-image-preview:large","max-video-preview":"max-video-preview:-1"},"canonical":"https:\/\/christian-elin.de\/en\/product\/your-song-within-me-2\/","og_locale":"en_GB","og_type":"article","og_title":"Your song within me &#8226; Christian Elin","og_description":"Eine Duoversion des original f\u00fcr Sopransaxophon und Tape komponierten St\u00fccks. Dauer: 4'00 Jahr: 2014  Eine feine kleine Jazzballade mit Pop-Ankl\u00e4ngen in ungew\u00f6hnlicher Besetzung: zwar handelt es sich um ein Saxophonquartett (ssx\/2asx\/tsx), jedoch ist das St\u00fcck eher als \u201eOne Mand Band\u201c gedacht, bei der nur die Sopransaxophonstimme live gespielt wird und die drei \u00fcbrigen Stimmen vom vorproduzierten Tape eingespielt werden.","og_url":"https:\/\/christian-elin.de\/en\/product\/your-song-within-me-2\/","og_site_name":"Christian Elin","article_modified_time":"2021-08-02T18:23:25+00:00","og_image":[{"width":600,"height":600,"url":"https:\/\/christian-elin.de\/wp-content\/uploads\/2021\/05\/Your-song-within-me3.jpg","type":"image\/jpeg"}],"twitter_card":"summary_large_image","schema":{"@context":"https:\/\/schema.org","@graph":[{"@type":"WebPage","@id":"https:\/\/christian-elin.de\/produkt\/your-song-within-me-2\/","url":"https:\/\/christian-elin.de\/produkt\/your-song-within-me-2\/","name":"Your song within me &#8226; Christian Elin","isPartOf":{"@id":"https:\/\/christian-elin.de\/#website"},"primaryImageOfPage":{"@id":"https:\/\/christian-elin.de\/produkt\/your-song-within-me-2\/#primaryimage"},"image":{"@id":"https:\/\/christian-elin.de\/produkt\/your-song-within-me-2\/#primaryimage"},"thumbnailUrl":"https:\/\/christian-elin.de\/wp-content\/uploads\/2021\/05\/Your-song-within-me3.jpg","datePublished":"2021-05-25T18:49:03+00:00","dateModified":"2021-08-02T18:23:25+00:00","breadcrumb":{"@id":"https:\/\/christian-elin.de\/produkt\/your-song-within-me-2\/#breadcrumb"},"inLanguage":"en-GB","potentialAction":[{"@type":"ReadAction","target":["https:\/\/christian-elin.de\/produkt\/your-song-within-me-2\/"]}]},{"@type":"ImageObject","inLanguage":"en-GB","@id":"https:\/\/christian-elin.de\/produkt\/your-song-within-me-2\/#primaryimage","url":"https:\/\/christian-elin.de\/wp-content\/uploads\/2021\/05\/Your-song-within-me3.jpg","contentUrl":"https:\/\/christian-elin.de\/wp-content\/uploads\/2021\/05\/Your-song-within-me3.jpg","width":600,"height":600},{"@type":"BreadcrumbList","@id":"https:\/\/christian-elin.de\/produkt\/your-song-within-me-2\/#breadcrumb","itemListElement":[{"@type":"ListItem","position":1,"name":"Startseite","item":"https:\/\/christian-elin.de\/"},{"@type":"ListItem","position":2,"name":"Shop","item":"https:\/\/christian-elin.de\/shop\/"},{"@type":"ListItem","position":3,"name":"Your song within me"}]},{"@type":"WebSite","@id":"https:\/\/christian-elin.de\/#website","url":"https:\/\/christian-elin.de\/","name":"Christian Elin","description":"Saxophon - Komposition - Unterricht","publisher":{"@id":"https:\/\/christian-elin.de\/#\/schema\/person\/806f3270f0951914e5b7314679fd5d02"},"potentialAction":[{"@type":"SearchAction","target":{"@type":"EntryPoint","urlTemplate":"https:\/\/christian-elin.de\/?s={search_term_string}"},"query-input":"required name=search_term_string"}],"inLanguage":"en-GB"},{"@type":["Person","Organization"],"@id":"https:\/\/christian-elin.de\/#\/schema\/person\/806f3270f0951914e5b7314679fd5d02","name":"Christian Elin","image":{"@type":"ImageObject","inLanguage":"en-GB","@id":"https:\/\/christian-elin.de\/#\/schema\/person\/image\/","url":"https:\/\/christian-elin.de\/wp-content\/uploads\/2020\/09\/Elin-Logo.svg","contentUrl":"https:\/\/christian-elin.de\/wp-content\/uploads\/2020\/09\/Elin-Logo.svg","width":1,"height":1,"caption":"Christian Elin"},"logo":{"@id":"https:\/\/christian-elin.de\/#\/schema\/person\/image\/"}}]}},"_links":{"self":[{"href":"https:\/\/christian-elin.de\/en\/wp-json\/wp\/v2\/product\/2337"}],"collection":[{"href":"https:\/\/christian-elin.de\/en\/wp-json\/wp\/v2\/product"}],"about":[{"href":"https:\/\/christian-elin.de\/en\/wp-json\/wp\/v2\/types\/product"}],"version-history":[{"count":5,"href":"https:\/\/christian-elin.de\/en\/wp-json\/wp\/v2\/product\/2337\/revisions"}],"predecessor-version":[{"id":4235,"href":"https:\/\/christian-elin.de\/en\/wp-json\/wp\/v2\/product\/2337\/revisions\/4235"}],"wp:featuredmedia":[{"embeddable":true,"href":"https:\/\/christian-elin.de\/en\/wp-json\/wp\/v2\/media\/2340"}],"wp:attachment":[{"href":"https:\/\/christian-elin.de\/en\/wp-json\/wp\/v2\/media?parent=2337"}],"wp:term":[{"taxonomy":"product_cat","embeddable":true,"href":"https:\/\/christian-elin.de\/en\/wp-json\/wp\/v2\/product_cat?post=2337"},{"taxonomy":"product_tag","embeddable":true,"href":"https:\/\/christian-elin.de\/en\/wp-json\/wp\/v2\/product_tag?post=2337"}],"curies":[{"name":"wp","href":"https:\/\/api.w.org\/{rel}","templated":true}]}}