{"id":2341,"date":"2021-05-25T20:57:43","date_gmt":"2021-05-25T18:57:43","guid":{"rendered":"https:\/\/christian-elin.de\/?post_type=product&#038;p=2341"},"modified":"2021-08-02T20:23:21","modified_gmt":"2021-08-02T18:23:21","slug":"la-marchande-de-fleurs","status":"publish","type":"product","link":"https:\/\/christian-elin.de\/en\/product\/la-marchande-de-fleurs\/","title":{"rendered":"La marchande de fleurs"},"content":{"rendered":"","protected":false},"excerpt":{"rendered":"<p>for bass clarinet and piano<br \/>\nDuration: 5\u201930<br \/>\nYear: 2014<\/p>\n<p>A meeting at the Place de Clichy in Paris in the summer of 2014. I ask two passers-by after a flower shop. Nobody can help me. The second passerby asks me what kind of suitcase I have on my back, a violin? He gives me his card, we arrange to meet for lunch the next day, it turns out: he is a concert promoter. Three weeks later I'm playing at his festival for the first time.<\/p>","protected":false},"featured_media":2343,"template":"","meta":[],"product_cat":[45],"product_tag":[],"yoast_head":"<!-- This site is optimized with the Yoast SEO plugin v22.4 - https:\/\/yoast.com\/wordpress\/plugins\/seo\/ -->\n<title>La marchande de fleurs &#8226; Christian Elin<\/title>\n<meta name=\"robots\" content=\"index, follow, max-snippet:-1, max-image-preview:large, max-video-preview:-1\" \/>\n<link rel=\"canonical\" href=\"https:\/\/christian-elin.de\/en\/product\/la-marchande-de-fleurs\/\" \/>\n<meta property=\"og:locale\" content=\"en_GB\" \/>\n<meta property=\"og:type\" content=\"article\" \/>\n<meta property=\"og:title\" content=\"La marchande de fleurs &#8226; Christian Elin\" \/>\n<meta property=\"og:description\" content=\"f\u00fcr Bassklarinette und Klavier Dauer: 5&#039;30 Jahr: 2014  Eine Begegnung an der Pariser Place de Clichy im Sommer 2014: Ich frage zwei Passanten nach einem Blumenladen. Niemand kann mir weiterhelfen. Der zweite Passant fr\u00e4gt mich, was ich auf dem R\u00fccken f\u00fcr einen Koffer habe, eine Violine? Er gibt mir seine Visitenkarte, wir verabreden uns am n\u00e4chsten Tag zum Mittagessen und es stellt sich heraus: er ist Konzertveranstalter. Drei Wochen sp\u00e4ter spiele ich erstmals bei seinem Festival.\" \/>\n<meta property=\"og:url\" content=\"https:\/\/christian-elin.de\/en\/product\/la-marchande-de-fleurs\/\" \/>\n<meta property=\"og:site_name\" content=\"Christian Elin\" \/>\n<meta property=\"article:modified_time\" content=\"2021-08-02T18:23:21+00:00\" \/>\n<meta property=\"og:image\" content=\"https:\/\/christian-elin.de\/wp-content\/uploads\/2021\/05\/Lar-marchande.jpg\" \/>\n\t<meta property=\"og:image:width\" content=\"600\" \/>\n\t<meta property=\"og:image:height\" content=\"600\" \/>\n\t<meta property=\"og:image:type\" content=\"image\/jpeg\" \/>\n<meta name=\"twitter:card\" content=\"summary_large_image\" \/>\n<script type=\"application\/ld+json\" class=\"yoast-schema-graph\">{\"@context\":\"https:\/\/schema.org\",\"@graph\":[{\"@type\":\"WebPage\",\"@id\":\"https:\/\/christian-elin.de\/produkt\/la-marchande-de-fleurs\/\",\"url\":\"https:\/\/christian-elin.de\/produkt\/la-marchande-de-fleurs\/\",\"name\":\"La marchande de fleurs &#8226; Christian Elin\",\"isPartOf\":{\"@id\":\"https:\/\/christian-elin.de\/#website\"},\"primaryImageOfPage\":{\"@id\":\"https:\/\/christian-elin.de\/produkt\/la-marchande-de-fleurs\/#primaryimage\"},\"image\":{\"@id\":\"https:\/\/christian-elin.de\/produkt\/la-marchande-de-fleurs\/#primaryimage\"},\"thumbnailUrl\":\"https:\/\/christian-elin.de\/wp-content\/uploads\/2021\/05\/Lar-marchande.jpg\",\"datePublished\":\"2021-05-25T18:57:43+00:00\",\"dateModified\":\"2021-08-02T18:23:21+00:00\",\"breadcrumb\":{\"@id\":\"https:\/\/christian-elin.de\/produkt\/la-marchande-de-fleurs\/#breadcrumb\"},\"inLanguage\":\"en-GB\",\"potentialAction\":[{\"@type\":\"ReadAction\",\"target\":[\"https:\/\/christian-elin.de\/produkt\/la-marchande-de-fleurs\/\"]}]},{\"@type\":\"ImageObject\",\"inLanguage\":\"en-GB\",\"@id\":\"https:\/\/christian-elin.de\/produkt\/la-marchande-de-fleurs\/#primaryimage\",\"url\":\"https:\/\/christian-elin.de\/wp-content\/uploads\/2021\/05\/Lar-marchande.jpg\",\"contentUrl\":\"https:\/\/christian-elin.de\/wp-content\/uploads\/2021\/05\/Lar-marchande.jpg\",\"width\":600,\"height\":600},{\"@type\":\"BreadcrumbList\",\"@id\":\"https:\/\/christian-elin.de\/produkt\/la-marchande-de-fleurs\/#breadcrumb\",\"itemListElement\":[{\"@type\":\"ListItem\",\"position\":1,\"name\":\"Startseite\",\"item\":\"https:\/\/christian-elin.de\/\"},{\"@type\":\"ListItem\",\"position\":2,\"name\":\"Shop\",\"item\":\"https:\/\/christian-elin.de\/shop\/\"},{\"@type\":\"ListItem\",\"position\":3,\"name\":\"La marchande de fleurs\"}]},{\"@type\":\"WebSite\",\"@id\":\"https:\/\/christian-elin.de\/#website\",\"url\":\"https:\/\/christian-elin.de\/\",\"name\":\"Christian Elin\",\"description\":\"Saxophon - Komposition - Unterricht\",\"publisher\":{\"@id\":\"https:\/\/christian-elin.de\/#\/schema\/person\/806f3270f0951914e5b7314679fd5d02\"},\"potentialAction\":[{\"@type\":\"SearchAction\",\"target\":{\"@type\":\"EntryPoint\",\"urlTemplate\":\"https:\/\/christian-elin.de\/?s={search_term_string}\"},\"query-input\":\"required name=search_term_string\"}],\"inLanguage\":\"en-GB\"},{\"@type\":[\"Person\",\"Organization\"],\"@id\":\"https:\/\/christian-elin.de\/#\/schema\/person\/806f3270f0951914e5b7314679fd5d02\",\"name\":\"Christian Elin\",\"image\":{\"@type\":\"ImageObject\",\"inLanguage\":\"en-GB\",\"@id\":\"https:\/\/christian-elin.de\/#\/schema\/person\/image\/\",\"url\":\"https:\/\/christian-elin.de\/wp-content\/uploads\/2020\/09\/Elin-Logo.svg\",\"contentUrl\":\"https:\/\/christian-elin.de\/wp-content\/uploads\/2020\/09\/Elin-Logo.svg\",\"width\":1,\"height\":1,\"caption\":\"Christian Elin\"},\"logo\":{\"@id\":\"https:\/\/christian-elin.de\/#\/schema\/person\/image\/\"}}]}<\/script>\n<!-- \/ Yoast SEO plugin. -->","yoast_head_json":{"title":"La marchande de fleurs &#8226; Christian Elin","robots":{"index":"index","follow":"follow","max-snippet":"max-snippet:-1","max-image-preview":"max-image-preview:large","max-video-preview":"max-video-preview:-1"},"canonical":"https:\/\/christian-elin.de\/en\/product\/la-marchande-de-fleurs\/","og_locale":"en_GB","og_type":"article","og_title":"La marchande de fleurs &#8226; Christian Elin","og_description":"f\u00fcr Bassklarinette und Klavier Dauer: 5'30 Jahr: 2014  Eine Begegnung an der Pariser Place de Clichy im Sommer 2014: Ich frage zwei Passanten nach einem Blumenladen. Niemand kann mir weiterhelfen. Der zweite Passant fr\u00e4gt mich, was ich auf dem R\u00fccken f\u00fcr einen Koffer habe, eine Violine? Er gibt mir seine Visitenkarte, wir verabreden uns am n\u00e4chsten Tag zum Mittagessen und es stellt sich heraus: er ist Konzertveranstalter. Drei Wochen sp\u00e4ter spiele ich erstmals bei seinem Festival.","og_url":"https:\/\/christian-elin.de\/en\/product\/la-marchande-de-fleurs\/","og_site_name":"Christian Elin","article_modified_time":"2021-08-02T18:23:21+00:00","og_image":[{"width":600,"height":600,"url":"https:\/\/christian-elin.de\/wp-content\/uploads\/2021\/05\/Lar-marchande.jpg","type":"image\/jpeg"}],"twitter_card":"summary_large_image","schema":{"@context":"https:\/\/schema.org","@graph":[{"@type":"WebPage","@id":"https:\/\/christian-elin.de\/produkt\/la-marchande-de-fleurs\/","url":"https:\/\/christian-elin.de\/produkt\/la-marchande-de-fleurs\/","name":"La marchande de fleurs &#8226; Christian Elin","isPartOf":{"@id":"https:\/\/christian-elin.de\/#website"},"primaryImageOfPage":{"@id":"https:\/\/christian-elin.de\/produkt\/la-marchande-de-fleurs\/#primaryimage"},"image":{"@id":"https:\/\/christian-elin.de\/produkt\/la-marchande-de-fleurs\/#primaryimage"},"thumbnailUrl":"https:\/\/christian-elin.de\/wp-content\/uploads\/2021\/05\/Lar-marchande.jpg","datePublished":"2021-05-25T18:57:43+00:00","dateModified":"2021-08-02T18:23:21+00:00","breadcrumb":{"@id":"https:\/\/christian-elin.de\/produkt\/la-marchande-de-fleurs\/#breadcrumb"},"inLanguage":"en-GB","potentialAction":[{"@type":"ReadAction","target":["https:\/\/christian-elin.de\/produkt\/la-marchande-de-fleurs\/"]}]},{"@type":"ImageObject","inLanguage":"en-GB","@id":"https:\/\/christian-elin.de\/produkt\/la-marchande-de-fleurs\/#primaryimage","url":"https:\/\/christian-elin.de\/wp-content\/uploads\/2021\/05\/Lar-marchande.jpg","contentUrl":"https:\/\/christian-elin.de\/wp-content\/uploads\/2021\/05\/Lar-marchande.jpg","width":600,"height":600},{"@type":"BreadcrumbList","@id":"https:\/\/christian-elin.de\/produkt\/la-marchande-de-fleurs\/#breadcrumb","itemListElement":[{"@type":"ListItem","position":1,"name":"Startseite","item":"https:\/\/christian-elin.de\/"},{"@type":"ListItem","position":2,"name":"Shop","item":"https:\/\/christian-elin.de\/shop\/"},{"@type":"ListItem","position":3,"name":"La marchande de fleurs"}]},{"@type":"WebSite","@id":"https:\/\/christian-elin.de\/#website","url":"https:\/\/christian-elin.de\/","name":"Christian Elin","description":"Saxophon - Komposition - Unterricht","publisher":{"@id":"https:\/\/christian-elin.de\/#\/schema\/person\/806f3270f0951914e5b7314679fd5d02"},"potentialAction":[{"@type":"SearchAction","target":{"@type":"EntryPoint","urlTemplate":"https:\/\/christian-elin.de\/?s={search_term_string}"},"query-input":"required name=search_term_string"}],"inLanguage":"en-GB"},{"@type":["Person","Organization"],"@id":"https:\/\/christian-elin.de\/#\/schema\/person\/806f3270f0951914e5b7314679fd5d02","name":"Christian Elin","image":{"@type":"ImageObject","inLanguage":"en-GB","@id":"https:\/\/christian-elin.de\/#\/schema\/person\/image\/","url":"https:\/\/christian-elin.de\/wp-content\/uploads\/2020\/09\/Elin-Logo.svg","contentUrl":"https:\/\/christian-elin.de\/wp-content\/uploads\/2020\/09\/Elin-Logo.svg","width":1,"height":1,"caption":"Christian Elin"},"logo":{"@id":"https:\/\/christian-elin.de\/#\/schema\/person\/image\/"}}]}},"_links":{"self":[{"href":"https:\/\/christian-elin.de\/en\/wp-json\/wp\/v2\/product\/2341"}],"collection":[{"href":"https:\/\/christian-elin.de\/en\/wp-json\/wp\/v2\/product"}],"about":[{"href":"https:\/\/christian-elin.de\/en\/wp-json\/wp\/v2\/types\/product"}],"version-history":[{"count":3,"href":"https:\/\/christian-elin.de\/en\/wp-json\/wp\/v2\/product\/2341\/revisions"}],"predecessor-version":[{"id":4234,"href":"https:\/\/christian-elin.de\/en\/wp-json\/wp\/v2\/product\/2341\/revisions\/4234"}],"wp:featuredmedia":[{"embeddable":true,"href":"https:\/\/christian-elin.de\/en\/wp-json\/wp\/v2\/media\/2343"}],"wp:attachment":[{"href":"https:\/\/christian-elin.de\/en\/wp-json\/wp\/v2\/media?parent=2341"}],"wp:term":[{"taxonomy":"product_cat","embeddable":true,"href":"https:\/\/christian-elin.de\/en\/wp-json\/wp\/v2\/product_cat?post=2341"},{"taxonomy":"product_tag","embeddable":true,"href":"https:\/\/christian-elin.de\/en\/wp-json\/wp\/v2\/product_tag?post=2341"}],"curies":[{"name":"wp","href":"https:\/\/api.w.org\/{rel}","templated":true}]}}