{"id":2381,"date":"2021-05-25T21:36:48","date_gmt":"2021-05-25T19:36:48","guid":{"rendered":"https:\/\/christian-elin.de\/?post_type=product&#038;p=2381"},"modified":"2025-12-02T12:17:12","modified_gmt":"2025-12-02T11:17:12","slug":"la-chiesetta","status":"publish","type":"product","link":"https:\/\/christian-elin.de\/en\/product\/la-chiesetta\/","title":{"rendered":"La Chiesetta"},"content":{"rendered":"<div data-elementor-type=\"product-post\" data-elementor-id=\"2381\" class=\"elementor elementor-2381\" data-elementor-post-type=\"product\">\n\t\t\t\t\t\t<section class=\"elementor-section elementor-top-section elementor-element elementor-element-8f2e7f1 elementor-section-boxed elementor-section-height-default elementor-section-height-default\" data-id=\"8f2e7f1\" data-element_type=\"section\">\n\t\t\t\t\t\t<div class=\"elementor-container elementor-column-gap-default\">\n\t\t\t\t\t<div class=\"elementor-column elementor-col-100 elementor-top-column elementor-element elementor-element-500ff364\" data-id=\"500ff364\" data-element_type=\"column\">\n\t\t\t<div class=\"elementor-widget-wrap elementor-element-populated\">\n\t\t\t\t\t\t<div class=\"elementor-element elementor-element-aa48982 elementor-widget elementor-widget-video\" data-id=\"aa48982\" data-element_type=\"widget\" data-settings=\"{&quot;youtube_url&quot;:&quot;https:\\\/\\\/youtu.be\\\/yOSTVb80TiI?si=GDLG8EtcVx0O0_x2&quot;,&quot;show_image_overlay&quot;:&quot;yes&quot;,&quot;image_overlay&quot;:{&quot;url&quot;:&quot;&quot;,&quot;id&quot;:&quot;&quot;,&quot;size&quot;:&quot;&quot;},&quot;video_type&quot;:&quot;youtube&quot;,&quot;controls&quot;:&quot;yes&quot;}\" data-widget_type=\"video.default\">\n\t\t\t\t<div class=\"elementor-widget-container\">\n\t\t\t\t\t<div class=\"elementor-wrapper elementor-open-inline\">\n\t\t\t<div class=\"elementor-video\"><\/div>\t\t<\/div>\n\t\t\t\t<\/div>\n\t\t\t\t<\/div>\n\t\t\t\t\t<\/div>\n\t\t<\/div>\n\t\t\t\t\t<\/div>\n\t\t<\/section>\n\t\t\t\t<\/div>","protected":false},"excerpt":{"rendered":"<p>for bass clarinet and viola da gamba<br \/>\nDuration: 6\u201900<br \/>\nYear: 2015<\/p>\n<p>&nbsp;<\/p>\n<p>The \"little church\" (La Chiesetta), which gave the piece its name, is located in a tiny little italian village above Lake Garda, where I often compose in summer. The acoustics of the little church are ideal for giving inspiration there on mild summer evenings when working. Unless you disturb your neighbours and suddenly the latch of the church door is closed and you find yourself locked inside the church. This drama also shapes the composition.<\/p>","protected":false},"featured_media":2384,"template":"","meta":[],"product_cat":[59],"product_tag":[],"yoast_head":"<!-- This site is optimized with the Yoast SEO plugin v22.4 - https:\/\/yoast.com\/wordpress\/plugins\/seo\/ -->\n<title>La Chiesetta &#8226; Christian Elin<\/title>\n<meta name=\"robots\" content=\"index, follow, max-snippet:-1, max-image-preview:large, max-video-preview:-1\" \/>\n<link rel=\"canonical\" href=\"https:\/\/christian-elin.de\/en\/product\/la-chiesetta\/\" \/>\n<meta property=\"og:locale\" content=\"en_GB\" \/>\n<meta property=\"og:type\" content=\"article\" \/>\n<meta property=\"og:title\" content=\"La Chiesetta &#8226; Christian Elin\" \/>\n<meta property=\"og:description\" content=\"f\u00fcr Bassklarinette und Viola da Gamba Dauer: 6&#039;00 Jahr: 2015  &nbsp;  Das \u201eKirchlein\u201c (La Chiesetta), das dem St\u00fcck seinen Namen gab, liegt in einem winzig-kleinen D\u00f6rflein oberhalb das Gardasees, in dem ich oft im Sommer komponiere. Die Akustik des Kirchleins ist hervorragend geeignet, um dort an lauen Sommerabenden inspiriert zu arbeiten. Es sei denn, man st\u00f6rt die Nachbarn und wird pl\u00f6tzlich mit zugeschobenem T\u00fcrriegel in der Kirche eingesperrt. Diese Dramatik pr\u00e4gt auch die Komposition.\" \/>\n<meta property=\"og:url\" content=\"https:\/\/christian-elin.de\/en\/product\/la-chiesetta\/\" \/>\n<meta property=\"og:site_name\" content=\"Christian Elin\" \/>\n<meta property=\"article:modified_time\" content=\"2025-12-02T11:17:12+00:00\" \/>\n<meta property=\"og:image\" content=\"https:\/\/christian-elin.de\/wp-content\/uploads\/2021\/05\/laChiesetta.jpg\" \/>\n\t<meta property=\"og:image:width\" content=\"600\" \/>\n\t<meta property=\"og:image:height\" content=\"600\" \/>\n\t<meta property=\"og:image:type\" content=\"image\/jpeg\" \/>\n<meta name=\"twitter:card\" content=\"summary_large_image\" \/>\n<script type=\"application\/ld+json\" class=\"yoast-schema-graph\">{\"@context\":\"https:\/\/schema.org\",\"@graph\":[{\"@type\":\"WebPage\",\"@id\":\"https:\/\/christian-elin.de\/produkt\/la-chiesetta\/\",\"url\":\"https:\/\/christian-elin.de\/produkt\/la-chiesetta\/\",\"name\":\"La Chiesetta &#8226; Christian Elin\",\"isPartOf\":{\"@id\":\"https:\/\/christian-elin.de\/#website\"},\"primaryImageOfPage\":{\"@id\":\"https:\/\/christian-elin.de\/produkt\/la-chiesetta\/#primaryimage\"},\"image\":{\"@id\":\"https:\/\/christian-elin.de\/produkt\/la-chiesetta\/#primaryimage\"},\"thumbnailUrl\":\"https:\/\/christian-elin.de\/wp-content\/uploads\/2021\/05\/laChiesetta.jpg\",\"datePublished\":\"2021-05-25T19:36:48+00:00\",\"dateModified\":\"2025-12-02T11:17:12+00:00\",\"breadcrumb\":{\"@id\":\"https:\/\/christian-elin.de\/produkt\/la-chiesetta\/#breadcrumb\"},\"inLanguage\":\"en-GB\",\"potentialAction\":[{\"@type\":\"ReadAction\",\"target\":[\"https:\/\/christian-elin.de\/produkt\/la-chiesetta\/\"]}]},{\"@type\":\"ImageObject\",\"inLanguage\":\"en-GB\",\"@id\":\"https:\/\/christian-elin.de\/produkt\/la-chiesetta\/#primaryimage\",\"url\":\"https:\/\/christian-elin.de\/wp-content\/uploads\/2021\/05\/laChiesetta.jpg\",\"contentUrl\":\"https:\/\/christian-elin.de\/wp-content\/uploads\/2021\/05\/laChiesetta.jpg\",\"width\":600,\"height\":600},{\"@type\":\"BreadcrumbList\",\"@id\":\"https:\/\/christian-elin.de\/produkt\/la-chiesetta\/#breadcrumb\",\"itemListElement\":[{\"@type\":\"ListItem\",\"position\":1,\"name\":\"Startseite\",\"item\":\"https:\/\/christian-elin.de\/\"},{\"@type\":\"ListItem\",\"position\":2,\"name\":\"Shop\",\"item\":\"https:\/\/christian-elin.de\/shop\/\"},{\"@type\":\"ListItem\",\"position\":3,\"name\":\"La Chiesetta\"}]},{\"@type\":\"WebSite\",\"@id\":\"https:\/\/christian-elin.de\/#website\",\"url\":\"https:\/\/christian-elin.de\/\",\"name\":\"Christian Elin\",\"description\":\"Saxophon - Komposition - Unterricht\",\"publisher\":{\"@id\":\"https:\/\/christian-elin.de\/#\/schema\/person\/806f3270f0951914e5b7314679fd5d02\"},\"potentialAction\":[{\"@type\":\"SearchAction\",\"target\":{\"@type\":\"EntryPoint\",\"urlTemplate\":\"https:\/\/christian-elin.de\/?s={search_term_string}\"},\"query-input\":\"required name=search_term_string\"}],\"inLanguage\":\"en-GB\"},{\"@type\":[\"Person\",\"Organization\"],\"@id\":\"https:\/\/christian-elin.de\/#\/schema\/person\/806f3270f0951914e5b7314679fd5d02\",\"name\":\"Christian Elin\",\"image\":{\"@type\":\"ImageObject\",\"inLanguage\":\"en-GB\",\"@id\":\"https:\/\/christian-elin.de\/#\/schema\/person\/image\/\",\"url\":\"https:\/\/christian-elin.de\/wp-content\/uploads\/2020\/09\/Elin-Logo.svg\",\"contentUrl\":\"https:\/\/christian-elin.de\/wp-content\/uploads\/2020\/09\/Elin-Logo.svg\",\"width\":1,\"height\":1,\"caption\":\"Christian Elin\"},\"logo\":{\"@id\":\"https:\/\/christian-elin.de\/#\/schema\/person\/image\/\"}}]}<\/script>\n<!-- \/ Yoast SEO plugin. -->","yoast_head_json":{"title":"La Chiesetta &#8226; Christian Elin","robots":{"index":"index","follow":"follow","max-snippet":"max-snippet:-1","max-image-preview":"max-image-preview:large","max-video-preview":"max-video-preview:-1"},"canonical":"https:\/\/christian-elin.de\/en\/product\/la-chiesetta\/","og_locale":"en_GB","og_type":"article","og_title":"La Chiesetta &#8226; Christian Elin","og_description":"f\u00fcr Bassklarinette und Viola da Gamba Dauer: 6'00 Jahr: 2015  &nbsp;  Das \u201eKirchlein\u201c (La Chiesetta), das dem St\u00fcck seinen Namen gab, liegt in einem winzig-kleinen D\u00f6rflein oberhalb das Gardasees, in dem ich oft im Sommer komponiere. Die Akustik des Kirchleins ist hervorragend geeignet, um dort an lauen Sommerabenden inspiriert zu arbeiten. Es sei denn, man st\u00f6rt die Nachbarn und wird pl\u00f6tzlich mit zugeschobenem T\u00fcrriegel in der Kirche eingesperrt. Diese Dramatik pr\u00e4gt auch die Komposition.","og_url":"https:\/\/christian-elin.de\/en\/product\/la-chiesetta\/","og_site_name":"Christian Elin","article_modified_time":"2025-12-02T11:17:12+00:00","og_image":[{"width":600,"height":600,"url":"https:\/\/christian-elin.de\/wp-content\/uploads\/2021\/05\/laChiesetta.jpg","type":"image\/jpeg"}],"twitter_card":"summary_large_image","schema":{"@context":"https:\/\/schema.org","@graph":[{"@type":"WebPage","@id":"https:\/\/christian-elin.de\/produkt\/la-chiesetta\/","url":"https:\/\/christian-elin.de\/produkt\/la-chiesetta\/","name":"La Chiesetta &#8226; Christian Elin","isPartOf":{"@id":"https:\/\/christian-elin.de\/#website"},"primaryImageOfPage":{"@id":"https:\/\/christian-elin.de\/produkt\/la-chiesetta\/#primaryimage"},"image":{"@id":"https:\/\/christian-elin.de\/produkt\/la-chiesetta\/#primaryimage"},"thumbnailUrl":"https:\/\/christian-elin.de\/wp-content\/uploads\/2021\/05\/laChiesetta.jpg","datePublished":"2021-05-25T19:36:48+00:00","dateModified":"2025-12-02T11:17:12+00:00","breadcrumb":{"@id":"https:\/\/christian-elin.de\/produkt\/la-chiesetta\/#breadcrumb"},"inLanguage":"en-GB","potentialAction":[{"@type":"ReadAction","target":["https:\/\/christian-elin.de\/produkt\/la-chiesetta\/"]}]},{"@type":"ImageObject","inLanguage":"en-GB","@id":"https:\/\/christian-elin.de\/produkt\/la-chiesetta\/#primaryimage","url":"https:\/\/christian-elin.de\/wp-content\/uploads\/2021\/05\/laChiesetta.jpg","contentUrl":"https:\/\/christian-elin.de\/wp-content\/uploads\/2021\/05\/laChiesetta.jpg","width":600,"height":600},{"@type":"BreadcrumbList","@id":"https:\/\/christian-elin.de\/produkt\/la-chiesetta\/#breadcrumb","itemListElement":[{"@type":"ListItem","position":1,"name":"Startseite","item":"https:\/\/christian-elin.de\/"},{"@type":"ListItem","position":2,"name":"Shop","item":"https:\/\/christian-elin.de\/shop\/"},{"@type":"ListItem","position":3,"name":"La Chiesetta"}]},{"@type":"WebSite","@id":"https:\/\/christian-elin.de\/#website","url":"https:\/\/christian-elin.de\/","name":"Christian Elin","description":"Saxophon - Komposition - Unterricht","publisher":{"@id":"https:\/\/christian-elin.de\/#\/schema\/person\/806f3270f0951914e5b7314679fd5d02"},"potentialAction":[{"@type":"SearchAction","target":{"@type":"EntryPoint","urlTemplate":"https:\/\/christian-elin.de\/?s={search_term_string}"},"query-input":"required name=search_term_string"}],"inLanguage":"en-GB"},{"@type":["Person","Organization"],"@id":"https:\/\/christian-elin.de\/#\/schema\/person\/806f3270f0951914e5b7314679fd5d02","name":"Christian Elin","image":{"@type":"ImageObject","inLanguage":"en-GB","@id":"https:\/\/christian-elin.de\/#\/schema\/person\/image\/","url":"https:\/\/christian-elin.de\/wp-content\/uploads\/2020\/09\/Elin-Logo.svg","contentUrl":"https:\/\/christian-elin.de\/wp-content\/uploads\/2020\/09\/Elin-Logo.svg","width":1,"height":1,"caption":"Christian Elin"},"logo":{"@id":"https:\/\/christian-elin.de\/#\/schema\/person\/image\/"}}]}},"_links":{"self":[{"href":"https:\/\/christian-elin.de\/en\/wp-json\/wp\/v2\/product\/2381"}],"collection":[{"href":"https:\/\/christian-elin.de\/en\/wp-json\/wp\/v2\/product"}],"about":[{"href":"https:\/\/christian-elin.de\/en\/wp-json\/wp\/v2\/types\/product"}],"version-history":[{"count":16,"href":"https:\/\/christian-elin.de\/en\/wp-json\/wp\/v2\/product\/2381\/revisions"}],"predecessor-version":[{"id":5518,"href":"https:\/\/christian-elin.de\/en\/wp-json\/wp\/v2\/product\/2381\/revisions\/5518"}],"wp:featuredmedia":[{"embeddable":true,"href":"https:\/\/christian-elin.de\/en\/wp-json\/wp\/v2\/media\/2384"}],"wp:attachment":[{"href":"https:\/\/christian-elin.de\/en\/wp-json\/wp\/v2\/media?parent=2381"}],"wp:term":[{"taxonomy":"product_cat","embeddable":true,"href":"https:\/\/christian-elin.de\/en\/wp-json\/wp\/v2\/product_cat?post=2381"},{"taxonomy":"product_tag","embeddable":true,"href":"https:\/\/christian-elin.de\/en\/wp-json\/wp\/v2\/product_tag?post=2381"}],"curies":[{"name":"wp","href":"https:\/\/api.w.org\/{rel}","templated":true}]}}