{"id":3957,"date":"2021-07-31T17:47:43","date_gmt":"2021-07-31T15:47:43","guid":{"rendered":"https:\/\/christian-elin.de\/?post_type=product&#038;p=3957"},"modified":"2021-08-02T20:20:09","modified_gmt":"2021-08-02T18:20:09","slug":"may-2","status":"publish","type":"product","link":"https:\/\/christian-elin.de\/en\/product\/may-2\/","title":{"rendered":"MAY"},"content":{"rendered":"<div data-elementor-type=\"product-post\" data-elementor-id=\"3957\" class=\"elementor elementor-3957\" data-elementor-post-type=\"product\">\n\t\t\t\t\t\t<section class=\"elementor-section elementor-top-section elementor-element elementor-element-7458c3b2 elementor-section-boxed elementor-section-height-default elementor-section-height-default\" data-id=\"7458c3b2\" data-element_type=\"section\">\n\t\t\t\t\t\t<div class=\"elementor-container elementor-column-gap-default\">\n\t\t\t\t\t<div class=\"elementor-column elementor-col-100 elementor-top-column elementor-element elementor-element-5c4283c9\" data-id=\"5c4283c9\" data-element_type=\"column\">\n\t\t\t<div class=\"elementor-widget-wrap elementor-element-populated\">\n\t\t\t\t\t\t<div class=\"elementor-element elementor-element-fc7adad elementor-widget elementor-widget-video\" data-id=\"fc7adad\" data-element_type=\"widget\" data-settings=\"{&quot;youtube_url&quot;:&quot;https:\\\/\\\/www.youtube.com\\\/watch?v=D3HvUEUQlyQ&amp;ab_channel=ChristianElin&quot;,&quot;show_image_overlay&quot;:&quot;yes&quot;,&quot;image_overlay&quot;:{&quot;url&quot;:&quot;https:\\\/\\\/christian-elin.de\\\/wp-content\\\/uploads\\\/2021\\\/05\\\/may-1.jpg&quot;,&quot;id&quot;:3853,&quot;size&quot;:&quot;&quot;},&quot;lightbox&quot;:&quot;yes&quot;,&quot;video_type&quot;:&quot;youtube&quot;,&quot;controls&quot;:&quot;yes&quot;}\" data-widget_type=\"video.default\">\n\t\t\t\t<div class=\"elementor-widget-container\">\n\t\t\t\t\t<div class=\"elementor-wrapper elementor-open-lightbox\">\n\t\t\t\t\t\t\t<div class=\"elementor-custom-embed-image-overlay\" data-elementor-open-lightbox=\"yes\" data-elementor-lightbox=\"{&quot;type&quot;:&quot;video&quot;,&quot;videoType&quot;:&quot;youtube&quot;,&quot;url&quot;:&quot;https:\\\/\\\/www.youtube.com\\\/embed\\\/D3HvUEUQlyQ?feature=oembed&amp;start&amp;end&amp;wmode=opaque&amp;loop=0&amp;controls=1&amp;mute=0&amp;rel=0&amp;modestbranding=0&quot;,&quot;modalOptions&quot;:{&quot;id&quot;:&quot;elementor-lightbox-fc7adad&quot;,&quot;entranceAnimation&quot;:&quot;&quot;,&quot;entranceAnimation_tablet&quot;:&quot;&quot;,&quot;entranceAnimation_mobile&quot;:&quot;&quot;,&quot;videoAspectRatio&quot;:&quot;169&quot;}}\" data-e-action-hash=\"#elementor-action%3Aaction%3Dlightbox%26settings%3DeyJ0eXBlIjoidmlkZW8iLCJ2aWRlb1R5cGUiOiJ5b3V0dWJlIiwidXJsIjoiaHR0cHM6XC9cL3d3dy55b3V0dWJlLmNvbVwvZW1iZWRcL0QzSHZVRVVRbHlRP2ZlYXR1cmU9b2VtYmVkJnN0YXJ0JmVuZCZ3bW9kZT1vcGFxdWUmbG9vcD0wJmNvbnRyb2xzPTEmbXV0ZT0wJnJlbD0wJm1vZGVzdGJyYW5kaW5nPTAiLCJtb2RhbE9wdGlvbnMiOnsiaWQiOiJlbGVtZW50b3ItbGlnaHRib3gtZmM3YWRhZCIsImVudHJhbmNlQW5pbWF0aW9uIjoiIiwiZW50cmFuY2VBbmltYXRpb25fdGFibGV0IjoiIiwiZW50cmFuY2VBbmltYXRpb25fbW9iaWxlIjoiIiwidmlkZW9Bc3BlY3RSYXRpbyI6IjE2OSJ9fQ%3D%3D\">\n\t\t\t\t\t\t\t\t\t\t\t<img fetchpriority=\"high\" decoding=\"async\" width=\"1280\" height=\"720\" src=\"https:\/\/christian-elin.de\/wp-content\/uploads\/2021\/05\/may-1.jpg\" class=\"attachment-full size-full wp-image-3853\" alt=\"\" srcset=\"https:\/\/christian-elin.de\/wp-content\/uploads\/2021\/05\/may-1.jpg 1280w, https:\/\/christian-elin.de\/wp-content\/uploads\/2021\/05\/may-1-300x169.jpg 300w, https:\/\/christian-elin.de\/wp-content\/uploads\/2021\/05\/may-1-1024x576.jpg 1024w, https:\/\/christian-elin.de\/wp-content\/uploads\/2021\/05\/may-1-768x432.jpg 768w, https:\/\/christian-elin.de\/wp-content\/uploads\/2021\/05\/may-1-16x9.jpg 16w, https:\/\/christian-elin.de\/wp-content\/uploads\/2021\/05\/may-1-600x338.jpg 600w\" sizes=\"(max-width: 1280px) 100vw, 1280px\" \/>\t\t\t\t\t\t\t\t\t\t\t\t\t\t\t\t<div class=\"elementor-custom-embed-play\" role=\"button\" aria-label=\"Play Video\" tabindex=\"0\">\n\t\t\t\t\t\t\t<i aria-hidden=\"true\" class=\"eicon-play\"><\/i>\t\t\t\t\t\t\t<span class=\"elementor-screen-only\">Play Video<\/span>\n\t\t\t\t\t\t<\/div>\n\t\t\t\t\t\t\t\t\t<\/div>\n\t\t\t\t\t<\/div>\n\t\t\t\t<\/div>\n\t\t\t\t<\/div>\n\t\t\t\t\t<\/div>\n\t\t<\/div>\n\t\t\t\t\t<\/div>\n\t\t<\/section>\n\t\t\t\t<\/div>","protected":false},"excerpt":{"rendered":"<p>alto flute and piano<br \/>\nDuration: 6\u201930<br \/>\nYear: 2009<\/p>\n<p>The title refers to the month of creation. In the composition there are definitely parallels to the month of May, when everything is already blooming and thriving and yet sometimes a couple of cold rain showers come along and dampen the euphoria a bit. So the listener of MAY also wanders through intense emotional worlds, from the cheerful 7\/8 initial theme, through tender and sad interludes up to the funky and gripping finale.<\/p>","protected":false},"featured_media":2368,"template":"","meta":[],"product_cat":[58],"product_tag":[],"yoast_head":"<!-- This site is optimized with the Yoast SEO plugin v22.4 - https:\/\/yoast.com\/wordpress\/plugins\/seo\/ -->\n<title>MAY &#8226; Christian Elin<\/title>\n<meta name=\"robots\" content=\"index, follow, max-snippet:-1, max-image-preview:large, max-video-preview:-1\" \/>\n<link rel=\"canonical\" href=\"https:\/\/christian-elin.de\/en\/product\/may-2\/\" \/>\n<meta property=\"og:locale\" content=\"en_GB\" \/>\n<meta property=\"og:type\" content=\"article\" \/>\n<meta property=\"og:title\" content=\"MAY &#8226; Christian Elin\" \/>\n<meta property=\"og:description\" content=\"F\u00fcr Altquerfl\u00f6te und Klavier Dauer: 6&#039;30 Jahr: 2009  Der Titel bezieht sich auf den Entstehungsmonat. In der Komposition gibt es durchaus Parallelen zum Monat Mai, indem alles schon kr\u00e4ftig bl\u00fcht und gedeiht und doch manchmal noch ein Paar kalte Regenschauer daherkommen und die Euphorie etwas abd\u00e4mpfen. So durchwandert der Zuh\u00f6rer von MAY auch intensive Gef\u00fchlswelten, vom lebensfrohen 7\/8-Anfangsthema \u00fcber zarte und traurige Intermezzi bis hin zum funkig zupackenden Finale.\" \/>\n<meta property=\"og:url\" content=\"https:\/\/christian-elin.de\/en\/product\/may-2\/\" \/>\n<meta property=\"og:site_name\" content=\"Christian Elin\" \/>\n<meta property=\"article:modified_time\" content=\"2021-08-02T18:20:09+00:00\" \/>\n<meta property=\"og:image\" content=\"https:\/\/christian-elin.de\/wp-content\/uploads\/2021\/05\/may.jpg\" \/>\n\t<meta property=\"og:image:width\" content=\"600\" \/>\n\t<meta property=\"og:image:height\" content=\"600\" \/>\n\t<meta property=\"og:image:type\" content=\"image\/jpeg\" \/>\n<meta name=\"twitter:card\" content=\"summary_large_image\" \/>\n<script type=\"application\/ld+json\" class=\"yoast-schema-graph\">{\"@context\":\"https:\/\/schema.org\",\"@graph\":[{\"@type\":\"WebPage\",\"@id\":\"https:\/\/christian-elin.de\/produkt\/may-2\/\",\"url\":\"https:\/\/christian-elin.de\/produkt\/may-2\/\",\"name\":\"MAY &#8226; Christian Elin\",\"isPartOf\":{\"@id\":\"https:\/\/christian-elin.de\/#website\"},\"primaryImageOfPage\":{\"@id\":\"https:\/\/christian-elin.de\/produkt\/may-2\/#primaryimage\"},\"image\":{\"@id\":\"https:\/\/christian-elin.de\/produkt\/may-2\/#primaryimage\"},\"thumbnailUrl\":\"https:\/\/christian-elin.de\/wp-content\/uploads\/2021\/05\/may.jpg\",\"datePublished\":\"2021-07-31T15:47:43+00:00\",\"dateModified\":\"2021-08-02T18:20:09+00:00\",\"breadcrumb\":{\"@id\":\"https:\/\/christian-elin.de\/produkt\/may-2\/#breadcrumb\"},\"inLanguage\":\"en-GB\",\"potentialAction\":[{\"@type\":\"ReadAction\",\"target\":[\"https:\/\/christian-elin.de\/produkt\/may-2\/\"]}]},{\"@type\":\"ImageObject\",\"inLanguage\":\"en-GB\",\"@id\":\"https:\/\/christian-elin.de\/produkt\/may-2\/#primaryimage\",\"url\":\"https:\/\/christian-elin.de\/wp-content\/uploads\/2021\/05\/may.jpg\",\"contentUrl\":\"https:\/\/christian-elin.de\/wp-content\/uploads\/2021\/05\/may.jpg\",\"width\":600,\"height\":600},{\"@type\":\"BreadcrumbList\",\"@id\":\"https:\/\/christian-elin.de\/produkt\/may-2\/#breadcrumb\",\"itemListElement\":[{\"@type\":\"ListItem\",\"position\":1,\"name\":\"Startseite\",\"item\":\"https:\/\/christian-elin.de\/\"},{\"@type\":\"ListItem\",\"position\":2,\"name\":\"Shop\",\"item\":\"https:\/\/christian-elin.de\/shop\/\"},{\"@type\":\"ListItem\",\"position\":3,\"name\":\"MAY\"}]},{\"@type\":\"WebSite\",\"@id\":\"https:\/\/christian-elin.de\/#website\",\"url\":\"https:\/\/christian-elin.de\/\",\"name\":\"Christian Elin\",\"description\":\"Saxophon - Komposition - Unterricht\",\"publisher\":{\"@id\":\"https:\/\/christian-elin.de\/#\/schema\/person\/806f3270f0951914e5b7314679fd5d02\"},\"potentialAction\":[{\"@type\":\"SearchAction\",\"target\":{\"@type\":\"EntryPoint\",\"urlTemplate\":\"https:\/\/christian-elin.de\/?s={search_term_string}\"},\"query-input\":\"required name=search_term_string\"}],\"inLanguage\":\"en-GB\"},{\"@type\":[\"Person\",\"Organization\"],\"@id\":\"https:\/\/christian-elin.de\/#\/schema\/person\/806f3270f0951914e5b7314679fd5d02\",\"name\":\"Christian Elin\",\"image\":{\"@type\":\"ImageObject\",\"inLanguage\":\"en-GB\",\"@id\":\"https:\/\/christian-elin.de\/#\/schema\/person\/image\/\",\"url\":\"https:\/\/christian-elin.de\/wp-content\/uploads\/2020\/09\/Elin-Logo.svg\",\"contentUrl\":\"https:\/\/christian-elin.de\/wp-content\/uploads\/2020\/09\/Elin-Logo.svg\",\"width\":1,\"height\":1,\"caption\":\"Christian Elin\"},\"logo\":{\"@id\":\"https:\/\/christian-elin.de\/#\/schema\/person\/image\/\"}}]}<\/script>\n<!-- \/ Yoast SEO plugin. -->","yoast_head_json":{"title":"MAY &#8226; Christian Elin","robots":{"index":"index","follow":"follow","max-snippet":"max-snippet:-1","max-image-preview":"max-image-preview:large","max-video-preview":"max-video-preview:-1"},"canonical":"https:\/\/christian-elin.de\/en\/product\/may-2\/","og_locale":"en_GB","og_type":"article","og_title":"MAY &#8226; Christian Elin","og_description":"F\u00fcr Altquerfl\u00f6te und Klavier Dauer: 6'30 Jahr: 2009  Der Titel bezieht sich auf den Entstehungsmonat. In der Komposition gibt es durchaus Parallelen zum Monat Mai, indem alles schon kr\u00e4ftig bl\u00fcht und gedeiht und doch manchmal noch ein Paar kalte Regenschauer daherkommen und die Euphorie etwas abd\u00e4mpfen. So durchwandert der Zuh\u00f6rer von MAY auch intensive Gef\u00fchlswelten, vom lebensfrohen 7\/8-Anfangsthema \u00fcber zarte und traurige Intermezzi bis hin zum funkig zupackenden Finale.","og_url":"https:\/\/christian-elin.de\/en\/product\/may-2\/","og_site_name":"Christian Elin","article_modified_time":"2021-08-02T18:20:09+00:00","og_image":[{"width":600,"height":600,"url":"https:\/\/christian-elin.de\/wp-content\/uploads\/2021\/05\/may.jpg","type":"image\/jpeg"}],"twitter_card":"summary_large_image","schema":{"@context":"https:\/\/schema.org","@graph":[{"@type":"WebPage","@id":"https:\/\/christian-elin.de\/produkt\/may-2\/","url":"https:\/\/christian-elin.de\/produkt\/may-2\/","name":"MAY &#8226; Christian Elin","isPartOf":{"@id":"https:\/\/christian-elin.de\/#website"},"primaryImageOfPage":{"@id":"https:\/\/christian-elin.de\/produkt\/may-2\/#primaryimage"},"image":{"@id":"https:\/\/christian-elin.de\/produkt\/may-2\/#primaryimage"},"thumbnailUrl":"https:\/\/christian-elin.de\/wp-content\/uploads\/2021\/05\/may.jpg","datePublished":"2021-07-31T15:47:43+00:00","dateModified":"2021-08-02T18:20:09+00:00","breadcrumb":{"@id":"https:\/\/christian-elin.de\/produkt\/may-2\/#breadcrumb"},"inLanguage":"en-GB","potentialAction":[{"@type":"ReadAction","target":["https:\/\/christian-elin.de\/produkt\/may-2\/"]}]},{"@type":"ImageObject","inLanguage":"en-GB","@id":"https:\/\/christian-elin.de\/produkt\/may-2\/#primaryimage","url":"https:\/\/christian-elin.de\/wp-content\/uploads\/2021\/05\/may.jpg","contentUrl":"https:\/\/christian-elin.de\/wp-content\/uploads\/2021\/05\/may.jpg","width":600,"height":600},{"@type":"BreadcrumbList","@id":"https:\/\/christian-elin.de\/produkt\/may-2\/#breadcrumb","itemListElement":[{"@type":"ListItem","position":1,"name":"Startseite","item":"https:\/\/christian-elin.de\/"},{"@type":"ListItem","position":2,"name":"Shop","item":"https:\/\/christian-elin.de\/shop\/"},{"@type":"ListItem","position":3,"name":"MAY"}]},{"@type":"WebSite","@id":"https:\/\/christian-elin.de\/#website","url":"https:\/\/christian-elin.de\/","name":"Christian Elin","description":"Saxophon - Komposition - Unterricht","publisher":{"@id":"https:\/\/christian-elin.de\/#\/schema\/person\/806f3270f0951914e5b7314679fd5d02"},"potentialAction":[{"@type":"SearchAction","target":{"@type":"EntryPoint","urlTemplate":"https:\/\/christian-elin.de\/?s={search_term_string}"},"query-input":"required name=search_term_string"}],"inLanguage":"en-GB"},{"@type":["Person","Organization"],"@id":"https:\/\/christian-elin.de\/#\/schema\/person\/806f3270f0951914e5b7314679fd5d02","name":"Christian Elin","image":{"@type":"ImageObject","inLanguage":"en-GB","@id":"https:\/\/christian-elin.de\/#\/schema\/person\/image\/","url":"https:\/\/christian-elin.de\/wp-content\/uploads\/2020\/09\/Elin-Logo.svg","contentUrl":"https:\/\/christian-elin.de\/wp-content\/uploads\/2020\/09\/Elin-Logo.svg","width":1,"height":1,"caption":"Christian Elin"},"logo":{"@id":"https:\/\/christian-elin.de\/#\/schema\/person\/image\/"}}]}},"_links":{"self":[{"href":"https:\/\/christian-elin.de\/en\/wp-json\/wp\/v2\/product\/3957"}],"collection":[{"href":"https:\/\/christian-elin.de\/en\/wp-json\/wp\/v2\/product"}],"about":[{"href":"https:\/\/christian-elin.de\/en\/wp-json\/wp\/v2\/types\/product"}],"version-history":[{"count":2,"href":"https:\/\/christian-elin.de\/en\/wp-json\/wp\/v2\/product\/3957\/revisions"}],"predecessor-version":[{"id":4214,"href":"https:\/\/christian-elin.de\/en\/wp-json\/wp\/v2\/product\/3957\/revisions\/4214"}],"wp:featuredmedia":[{"embeddable":true,"href":"https:\/\/christian-elin.de\/en\/wp-json\/wp\/v2\/media\/2368"}],"wp:attachment":[{"href":"https:\/\/christian-elin.de\/en\/wp-json\/wp\/v2\/media?parent=3957"}],"wp:term":[{"taxonomy":"product_cat","embeddable":true,"href":"https:\/\/christian-elin.de\/en\/wp-json\/wp\/v2\/product_cat?post=3957"},{"taxonomy":"product_tag","embeddable":true,"href":"https:\/\/christian-elin.de\/en\/wp-json\/wp\/v2\/product_tag?post=3957"}],"curies":[{"name":"wp","href":"https:\/\/api.w.org\/{rel}","templated":true}]}}