{"id":4958,"date":"2023-09-19T21:24:10","date_gmt":"2023-09-19T19:24:10","guid":{"rendered":"https:\/\/christian-elin.de\/?post_type=product&#038;p=4958"},"modified":"2024-10-29T17:23:41","modified_gmt":"2024-10-29T16:23:41","slug":"insieme","status":"publish","type":"product","link":"https:\/\/christian-elin.de\/en\/product\/insieme\/","title":{"rendered":"insieme"},"content":{"rendered":"<div data-elementor-type=\"product-post\" data-elementor-id=\"4958\" class=\"elementor elementor-4958\" data-elementor-post-type=\"product\">\n\t\t\t\t\t\t<section class=\"elementor-section elementor-top-section elementor-element elementor-element-d809f39 elementor-section-boxed elementor-section-height-default elementor-section-height-default\" data-id=\"d809f39\" data-element_type=\"section\">\n\t\t\t\t\t\t<div class=\"elementor-container elementor-column-gap-default\">\n\t\t\t\t\t<div class=\"elementor-column elementor-col-100 elementor-top-column elementor-element elementor-element-bb7e03a\" data-id=\"bb7e03a\" data-element_type=\"column\">\n\t\t\t<div class=\"elementor-widget-wrap elementor-element-populated\">\n\t\t\t\t\t\t<div class=\"elementor-element elementor-element-df941a5 elementor-widget elementor-widget-text-editor\" data-id=\"df941a5\" data-element_type=\"widget\" data-widget_type=\"text-editor.default\">\n\t\t\t\t<div class=\"elementor-widget-container\">\n\t\t\t\t\t\t\t<p><!--[if lt IE 9]><script>document.createElement('audio');<\/script><![endif]-->\n<audio class=\"wp-audio-shortcode\" id=\"audio-4958-1\" preload=\"none\" style=\"width: 100%;\" controls=\"controls\"><source type=\"audio\/wav\" src=\"https:\/\/christian-elin.de\/wp-content\/uploads\/2024\/10\/insieme-Hoeri-mit-fade-out.wav?_=1\" \/><a href=\"https:\/\/christian-elin.de\/wp-content\/uploads\/2024\/10\/insieme-Hoeri-mit-fade-out.wav\">https:\/\/christian-elin.de\/wp-content\/uploads\/2024\/10\/insieme-Hoeri-mit-fade-out.wav<\/a><\/audio><\/p><p>\u00a0<\/p>\t\t\t\t\t\t<\/div>\n\t\t\t\t<\/div>\n\t\t\t\t\t<\/div>\n\t\t<\/div>\n\t\t\t\t\t<\/div>\n\t\t<\/section>\n\t\t\t\t<\/div>","protected":false},"excerpt":{"rendered":"<p>for alto flute and viola da gamba<\/p>\n<p class=\" translation-block\">Dauer: 6\u2032<br>\r\nJahr: 2021<\/p>\n<p>&nbsp;<\/p>\n<p>Die Komposition erblickte Sommer 2021 das Licht der Welt, inspiriert durch meine Partnerin Anna, der das St\u00fcck auch gewidmet ist. 2023 entstand ein Trio-Arrangement der Komposition f\u00fcr Jazzklavier, Altquerfl\u00f6te und Viola da Gamba von Maruan Sakas. Diese Version von \u201einsieme\u201c wurde erstmals bei den H\u00f6ri Musiktagen im August 2023 aufgef\u00fchrt und ist hier zu h\u00f6ren.<\/p>","protected":false},"featured_media":4966,"template":"","meta":[],"product_cat":[59],"product_tag":[],"yoast_head":"<!-- This site is optimized with the Yoast SEO plugin v22.4 - https:\/\/yoast.com\/wordpress\/plugins\/seo\/ -->\n<title>insieme &#8226; Christian Elin<\/title>\n<meta name=\"robots\" content=\"index, follow, max-snippet:-1, max-image-preview:large, max-video-preview:-1\" \/>\n<link rel=\"canonical\" href=\"https:\/\/christian-elin.de\/en\/product\/insieme\/\" \/>\n<meta property=\"og:locale\" content=\"en_GB\" \/>\n<meta property=\"og:type\" content=\"article\" \/>\n<meta property=\"og:title\" content=\"insieme &#8226; Christian Elin\" \/>\n<meta property=\"og:description\" content=\"f\u00fcr Altquerfl\u00f6te und Viola da Gamba  Dauer: 6&#039; Jahr: 2021  &nbsp;  Die Komposition erblickte Sommer 2021 das Licht der Welt, inspiriert durch meine Partnerin Anna, der das St\u00fcck auch gewidmet ist. 2023 entstand ein Trio-Arrangement der Komposition f\u00fcr Jazzklavier, Altquerfl\u00f6te und Viola da Gamba von Maruan Sakas. Diese Version von \u201einsieme\u201c wurde erstmals bei den H\u00f6ri Musiktagen im August 2023 aufgef\u00fchrt und ist hier zu h\u00f6ren.\" \/>\n<meta property=\"og:url\" content=\"https:\/\/christian-elin.de\/en\/product\/insieme\/\" \/>\n<meta property=\"og:site_name\" content=\"Christian Elin\" \/>\n<meta property=\"article:modified_time\" content=\"2024-10-29T16:23:41+00:00\" \/>\n<meta property=\"og:image\" content=\"https:\/\/christian-elin.de\/wp-content\/uploads\/2023\/09\/insieme.jpg\" \/>\n\t<meta property=\"og:image:width\" content=\"600\" \/>\n\t<meta property=\"og:image:height\" content=\"600\" \/>\n\t<meta property=\"og:image:type\" content=\"image\/jpeg\" \/>\n<meta name=\"twitter:card\" content=\"summary_large_image\" \/>\n<meta name=\"twitter:label1\" content=\"Estimated reading time\" \/>\n\t<meta name=\"twitter:data1\" content=\"1 minute\" \/>\n<script type=\"application\/ld+json\" class=\"yoast-schema-graph\">{\"@context\":\"https:\/\/schema.org\",\"@graph\":[{\"@type\":\"WebPage\",\"@id\":\"https:\/\/christian-elin.de\/produkt\/insieme\/\",\"url\":\"https:\/\/christian-elin.de\/produkt\/insieme\/\",\"name\":\"insieme &#8226; Christian Elin\",\"isPartOf\":{\"@id\":\"https:\/\/christian-elin.de\/#website\"},\"primaryImageOfPage\":{\"@id\":\"https:\/\/christian-elin.de\/produkt\/insieme\/#primaryimage\"},\"image\":{\"@id\":\"https:\/\/christian-elin.de\/produkt\/insieme\/#primaryimage\"},\"thumbnailUrl\":\"https:\/\/christian-elin.de\/wp-content\/uploads\/2023\/09\/insieme.jpg\",\"datePublished\":\"2023-09-19T19:24:10+00:00\",\"dateModified\":\"2024-10-29T16:23:41+00:00\",\"breadcrumb\":{\"@id\":\"https:\/\/christian-elin.de\/produkt\/insieme\/#breadcrumb\"},\"inLanguage\":\"en-GB\",\"potentialAction\":[{\"@type\":\"ReadAction\",\"target\":[\"https:\/\/christian-elin.de\/produkt\/insieme\/\"]}]},{\"@type\":\"ImageObject\",\"inLanguage\":\"en-GB\",\"@id\":\"https:\/\/christian-elin.de\/produkt\/insieme\/#primaryimage\",\"url\":\"https:\/\/christian-elin.de\/wp-content\/uploads\/2023\/09\/insieme.jpg\",\"contentUrl\":\"https:\/\/christian-elin.de\/wp-content\/uploads\/2023\/09\/insieme.jpg\",\"width\":600,\"height\":600},{\"@type\":\"BreadcrumbList\",\"@id\":\"https:\/\/christian-elin.de\/produkt\/insieme\/#breadcrumb\",\"itemListElement\":[{\"@type\":\"ListItem\",\"position\":1,\"name\":\"Startseite\",\"item\":\"https:\/\/christian-elin.de\/\"},{\"@type\":\"ListItem\",\"position\":2,\"name\":\"Shop\",\"item\":\"https:\/\/christian-elin.de\/shop\/\"},{\"@type\":\"ListItem\",\"position\":3,\"name\":\"insieme\"}]},{\"@type\":\"WebSite\",\"@id\":\"https:\/\/christian-elin.de\/#website\",\"url\":\"https:\/\/christian-elin.de\/\",\"name\":\"Christian Elin\",\"description\":\"Saxophon - Komposition - Unterricht\",\"publisher\":{\"@id\":\"https:\/\/christian-elin.de\/#\/schema\/person\/806f3270f0951914e5b7314679fd5d02\"},\"potentialAction\":[{\"@type\":\"SearchAction\",\"target\":{\"@type\":\"EntryPoint\",\"urlTemplate\":\"https:\/\/christian-elin.de\/?s={search_term_string}\"},\"query-input\":\"required name=search_term_string\"}],\"inLanguage\":\"en-GB\"},{\"@type\":[\"Person\",\"Organization\"],\"@id\":\"https:\/\/christian-elin.de\/#\/schema\/person\/806f3270f0951914e5b7314679fd5d02\",\"name\":\"Christian Elin\",\"image\":{\"@type\":\"ImageObject\",\"inLanguage\":\"en-GB\",\"@id\":\"https:\/\/christian-elin.de\/#\/schema\/person\/image\/\",\"url\":\"https:\/\/christian-elin.de\/wp-content\/uploads\/2020\/09\/Elin-Logo.svg\",\"contentUrl\":\"https:\/\/christian-elin.de\/wp-content\/uploads\/2020\/09\/Elin-Logo.svg\",\"width\":1,\"height\":1,\"caption\":\"Christian Elin\"},\"logo\":{\"@id\":\"https:\/\/christian-elin.de\/#\/schema\/person\/image\/\"}}]}<\/script>\n<!-- \/ Yoast SEO plugin. -->","yoast_head_json":{"title":"insieme &#8226; Christian Elin","robots":{"index":"index","follow":"follow","max-snippet":"max-snippet:-1","max-image-preview":"max-image-preview:large","max-video-preview":"max-video-preview:-1"},"canonical":"https:\/\/christian-elin.de\/en\/product\/insieme\/","og_locale":"en_GB","og_type":"article","og_title":"insieme &#8226; Christian Elin","og_description":"f\u00fcr Altquerfl\u00f6te und Viola da Gamba  Dauer: 6' Jahr: 2021  &nbsp;  Die Komposition erblickte Sommer 2021 das Licht der Welt, inspiriert durch meine Partnerin Anna, der das St\u00fcck auch gewidmet ist. 2023 entstand ein Trio-Arrangement der Komposition f\u00fcr Jazzklavier, Altquerfl\u00f6te und Viola da Gamba von Maruan Sakas. Diese Version von \u201einsieme\u201c wurde erstmals bei den H\u00f6ri Musiktagen im August 2023 aufgef\u00fchrt und ist hier zu h\u00f6ren.","og_url":"https:\/\/christian-elin.de\/en\/product\/insieme\/","og_site_name":"Christian Elin","article_modified_time":"2024-10-29T16:23:41+00:00","og_image":[{"width":600,"height":600,"url":"https:\/\/christian-elin.de\/wp-content\/uploads\/2023\/09\/insieme.jpg","type":"image\/jpeg"}],"twitter_card":"summary_large_image","twitter_misc":{"Estimated reading time":"1 minute"},"schema":{"@context":"https:\/\/schema.org","@graph":[{"@type":"WebPage","@id":"https:\/\/christian-elin.de\/produkt\/insieme\/","url":"https:\/\/christian-elin.de\/produkt\/insieme\/","name":"insieme &#8226; Christian Elin","isPartOf":{"@id":"https:\/\/christian-elin.de\/#website"},"primaryImageOfPage":{"@id":"https:\/\/christian-elin.de\/produkt\/insieme\/#primaryimage"},"image":{"@id":"https:\/\/christian-elin.de\/produkt\/insieme\/#primaryimage"},"thumbnailUrl":"https:\/\/christian-elin.de\/wp-content\/uploads\/2023\/09\/insieme.jpg","datePublished":"2023-09-19T19:24:10+00:00","dateModified":"2024-10-29T16:23:41+00:00","breadcrumb":{"@id":"https:\/\/christian-elin.de\/produkt\/insieme\/#breadcrumb"},"inLanguage":"en-GB","potentialAction":[{"@type":"ReadAction","target":["https:\/\/christian-elin.de\/produkt\/insieme\/"]}]},{"@type":"ImageObject","inLanguage":"en-GB","@id":"https:\/\/christian-elin.de\/produkt\/insieme\/#primaryimage","url":"https:\/\/christian-elin.de\/wp-content\/uploads\/2023\/09\/insieme.jpg","contentUrl":"https:\/\/christian-elin.de\/wp-content\/uploads\/2023\/09\/insieme.jpg","width":600,"height":600},{"@type":"BreadcrumbList","@id":"https:\/\/christian-elin.de\/produkt\/insieme\/#breadcrumb","itemListElement":[{"@type":"ListItem","position":1,"name":"Startseite","item":"https:\/\/christian-elin.de\/"},{"@type":"ListItem","position":2,"name":"Shop","item":"https:\/\/christian-elin.de\/shop\/"},{"@type":"ListItem","position":3,"name":"insieme"}]},{"@type":"WebSite","@id":"https:\/\/christian-elin.de\/#website","url":"https:\/\/christian-elin.de\/","name":"Christian Elin","description":"Saxophon - Komposition - Unterricht","publisher":{"@id":"https:\/\/christian-elin.de\/#\/schema\/person\/806f3270f0951914e5b7314679fd5d02"},"potentialAction":[{"@type":"SearchAction","target":{"@type":"EntryPoint","urlTemplate":"https:\/\/christian-elin.de\/?s={search_term_string}"},"query-input":"required name=search_term_string"}],"inLanguage":"en-GB"},{"@type":["Person","Organization"],"@id":"https:\/\/christian-elin.de\/#\/schema\/person\/806f3270f0951914e5b7314679fd5d02","name":"Christian Elin","image":{"@type":"ImageObject","inLanguage":"en-GB","@id":"https:\/\/christian-elin.de\/#\/schema\/person\/image\/","url":"https:\/\/christian-elin.de\/wp-content\/uploads\/2020\/09\/Elin-Logo.svg","contentUrl":"https:\/\/christian-elin.de\/wp-content\/uploads\/2020\/09\/Elin-Logo.svg","width":1,"height":1,"caption":"Christian Elin"},"logo":{"@id":"https:\/\/christian-elin.de\/#\/schema\/person\/image\/"}}]}},"_links":{"self":[{"href":"https:\/\/christian-elin.de\/en\/wp-json\/wp\/v2\/product\/4958"}],"collection":[{"href":"https:\/\/christian-elin.de\/en\/wp-json\/wp\/v2\/product"}],"about":[{"href":"https:\/\/christian-elin.de\/en\/wp-json\/wp\/v2\/types\/product"}],"version-history":[{"count":11,"href":"https:\/\/christian-elin.de\/en\/wp-json\/wp\/v2\/product\/4958\/revisions"}],"predecessor-version":[{"id":5363,"href":"https:\/\/christian-elin.de\/en\/wp-json\/wp\/v2\/product\/4958\/revisions\/5363"}],"wp:featuredmedia":[{"embeddable":true,"href":"https:\/\/christian-elin.de\/en\/wp-json\/wp\/v2\/media\/4966"}],"wp:attachment":[{"href":"https:\/\/christian-elin.de\/en\/wp-json\/wp\/v2\/media?parent=4958"}],"wp:term":[{"taxonomy":"product_cat","embeddable":true,"href":"https:\/\/christian-elin.de\/en\/wp-json\/wp\/v2\/product_cat?post=4958"},{"taxonomy":"product_tag","embeddable":true,"href":"https:\/\/christian-elin.de\/en\/wp-json\/wp\/v2\/product_tag?post=4958"}],"curies":[{"name":"wp","href":"https:\/\/api.w.org\/{rel}","templated":true}]}}